{"id":5705,"date":"2025-04-06T13:20:55","date_gmt":"2025-04-06T06:36:00","guid":{"rendered":"https:\/\/tynivintage.com\/?post_type=product&#038;p=5705"},"modified":"2025-04-06T13:36:01","modified_gmt":"2025-04-06T06:36:01","slug":"tui-xach-celine-nylon","status":"publish","type":"product","link":"https:\/\/tynivintage.com\/vi\/san-pham\/tui-xach-celine-nylon\/","title":{"rendered":"T\u00fai x\u00e1ch Celine Nylon"},"content":{"rendered":"<p>&#x1f539; Ch\u1ea5t li\u1ec7u: V\u1ea3i nylon b\u00f3ng nh\u1eb9, ch\u1ed1ng n\u01b0\u1edbc<br \/>\n&#x1f539; M\u00e0u s\u1eafc: \u0110en sang tr\u1ecdng, d\u1ec5 ph\u1ed1i \u0111\u1ed3<br \/>\n&#x1f539; K\u00edch th\u01b0\u1edbc:\u00a0 \u0111\u1ee7 r\u1ed9ng \u0111\u1ec3 \u0111\u1ef1ng \u0111i\u1ec7n tho\u1ea1i, v\u00ed, m\u1ef9 ph\u1ea9m v\u00e0 c\u00e1c v\u1eadt d\u1ee5ng c\u00e1 nh\u00e2n<br \/>\n&#x1f539; Thi\u1ebft k\u1ebf:<br \/>\n\u2022 Hai ng\u0103n nh\u1ecf ph\u00eda tr\u01b0\u1edbc c\u00f3 n\u1eafp g\u1eadp, c\u00e0i n\u00fat kim lo\u1ea1i c\u00f3 logo<br \/>\n\u2022 Quai x\u00e1ch b\u1eb1ng da b\u00f3ng m\u00e0u \u0111en, ch\u1eafc ch\u1eafn v\u00e0 th\u1eddi th\u01b0\u1ee3ng<br \/>\n\u2022 Ki\u1ec3u d\u00e1ng m\u1ec1m m\u1ea1i, hi\u1ec7n \u0111\u1ea1i, ph\u00f9 h\u1ee3p v\u1edbi nhi\u1ec1u phong c\u00e1ch<br \/>\n&#x1f539; T\u00ecnh tr\u1ea1ng: Qua s\u1eed d\u1ee5ng, nh\u01b0ng t\u1ed5ng th\u1ec3 c\u00f2n r\u1ea5t \u0111\u1eb9p<\/p>\n<p>&#x1f4bc; Ph\u00f9 h\u1ee3p cho:<br \/>\n\u2022 Nh\u1eefng ai y\u00eau th\u00edch phong c\u00e1ch tr\u1ebb trung, n\u0103ng \u0111\u1ed9ng<br \/>\n\u2022 \u0110i l\u00e0m, \u0111i ch\u01a1i, d\u1ea1o ph\u1ed1 hay du l\u1ecbch<br \/>\n\u2022 M\u1ed9t l\u1ef1a ch\u1ecdn l\u00fd t\u01b0\u1edfng cho nh\u1eefng ai mu\u1ed1n s\u1edf h\u1eefu t\u00fai x\u00e1ch th\u1eddi trang v\u1edbi m\u1ee9c gi\u00e1 h\u1ee3p l\u00fd<\/p>\n","protected":false},"excerpt":{"rendered":"<p>Chi\u1ebfc t\u00fai trong \u1ea3nh l\u00e0 m\u1ed9t m\u1eabu t\u00fai x\u00e1ch tay m\u00e0u \u0111en v\u1edbi ch\u1ea5t li\u1ec7u v\u1ea3i nylon b\u00f3ng, t\u1ea1o c\u1ea3m gi\u00e1c nh\u1eb9 nh\u00e0ng v\u00e0 hi\u1ec7n \u0111\u1ea1i. T\u00fai c\u00f3 thi\u1ebft k\u1ebf hai ng\u0103n nh\u1ecf ph\u00eda tr\u01b0\u1edbc v\u1edbi n\u1eafp g\u1eadp, \u0111\u01b0\u1ee3c trang tr\u00ed b\u1eb1ng c\u00e1c n\u00fat kim lo\u1ea1i c\u00f3 logo. Quai t\u00fai l\u00e0 da b\u00f3ng m\u00e0u \u0111en, g\u1eafn ch\u1eafc ch\u1eafn v\u00e0o th\u00e2n t\u00fai b\u1eb1ng c\u00e1c \u0111inh t\u00e1n kim lo\u1ea1i. T\u1ed5ng th\u1ec3 thi\u1ebft k\u1ebf mang phong c\u00e1ch n\u0103ng \u0111\u1ed9ng, tr\u1ebb trung, ph\u00f9 h\u1ee3p cho c\u1ea3 \u0111i l\u00e0m l\u1eabn \u0111i ch\u01a1i.<\/p>\n","protected":false},"featured_media":5663,"comment_status":"open","ping_status":"closed","template":"","meta":{"inline_featured_image":false},"product_brand":[],"product_cat":[36],"product_tag":[],"class_list":{"0":"post-5705","1":"product","2":"type-product","3":"status-publish","4":"has-post-thumbnail","6":"product_cat-tui-xach","8":"first","9":"instock","10":"shipping-taxable","11":"purchasable","12":"product-type-simple"},"acf":[],"_links":{"self":[{"href":"https:\/\/tynivintage.com\/vi\/wp-json\/wp\/v2\/product\/5705","targetHints":{"allow":["GET"]}}],"collection":[{"href":"https:\/\/tynivintage.com\/vi\/wp-json\/wp\/v2\/product"}],"about":[{"href":"https:\/\/tynivintage.com\/vi\/wp-json\/wp\/v2\/types\/product"}],"replies":[{"embeddable":true,"href":"https:\/\/tynivintage.com\/vi\/wp-json\/wp\/v2\/comments?post=5705"}],"wp:featuredmedia":[{"embeddable":true,"href":"https:\/\/tynivintage.com\/vi\/wp-json\/wp\/v2\/media\/5663"}],"wp:attachment":[{"href":"https:\/\/tynivintage.com\/vi\/wp-json\/wp\/v2\/media?parent=5705"}],"wp:term":[{"taxonomy":"product_brand","embeddable":true,"href":"https:\/\/tynivintage.com\/vi\/wp-json\/wp\/v2\/product_brand?post=5705"},{"taxonomy":"product_cat","embeddable":true,"href":"https:\/\/tynivintage.com\/vi\/wp-json\/wp\/v2\/product_cat?post=5705"},{"taxonomy":"product_tag","embeddable":true,"href":"https:\/\/tynivintage.com\/vi\/wp-json\/wp\/v2\/product_tag?post=5705"}],"curies":[{"name":"wp","href":"https:\/\/api.w.org\/{rel}","templated":true}]}}