{"id":5702,"date":"2025-04-06T13:23:48","date_gmt":"2025-04-06T06:30:58","guid":{"rendered":"https:\/\/tynivintage.com\/?post_type=product&#038;p=5702"},"modified":"2025-04-06T13:34:00","modified_gmt":"2025-04-06T06:34:00","slug":"tui-deo-vai-coach-signature-canvas-2","status":"publish","type":"product","link":"https:\/\/tynivintage.com\/vi\/san-pham\/tui-deo-vai-coach-signature-canvas-2\/","title":{"rendered":"T\u00fai \u0111eo vai COACH Signature Canvas"},"content":{"rendered":"<p>&#x1f539; Th\u01b0\u01a1ng hi\u1ec7u: Coach<br \/>\n&#x1f539; Ch\u1ea5t li\u1ec7u: V\u1ea3i canvas cao c\u1ea5p k\u1ebft h\u1ee3p da th\u1eadt<br \/>\n&#x1f539; M\u00e0u s\u1eafc: Beige (kem) k\u1ebft h\u1ee3p n\u00e2u c\u1ed5 \u0111i\u1ec3n<br \/>\n&#x1f539; H\u1ecda ti\u1ebft: Signature \u201cC\u201d monogram \u0111\u1eb7c tr\u01b0ng c\u1ee7a Coach<br \/>\n&#x1f539; K\u00edch th\u01b0\u1edbc:\u00a0 ph\u00f9 h\u1ee3p \u0111\u1ec3 \u0111\u1ef1ng \u0111i\u1ec7n tho\u1ea1i, v\u00ed, \u0111\u1ed3 d\u00f9ng c\u00e1 nh\u00e2n<br \/>\n&#x1f539; D\u00e2y \u0111eo: Da th\u1eadt, c\u00f3 th\u1ec3 \u0111i\u1ec1u ch\u1ec9nh \u0111\u1ed9 d\u00e0i<br \/>\n&#x1f539; Chi ti\u1ebft n\u1ed5i b\u1eadt:<br \/>\n\u2022 Logo \u201cCOACH EST. 1941\u201d d\u1eadp n\u1ed5i tr\u00ean ph\u1ea7n da<br \/>\n\u2022 \u0110\u01b0\u1eddng may ch\u1eafc ch\u1eafn, tinh t\u1ebf<br \/>\n\u2022 Thi\u1ebft k\u1ebf m\u1ec1m m\u1ea1i, d\u1ec5 d\u00e0ng ph\u1ed1i \u0111\u1ed3 cho nhi\u1ec1u phong c\u00e1ch<br \/>\n&#x1f539; T\u00ecnh tr\u1ea1ng: Qua s\u1eed d\u1ee5ng<\/p>\n<p>&#x1f4bc; Ph\u00f9 h\u1ee3p cho:<br \/>\n\u2022 Nh\u1eefng ai y\u00eau th\u00edch phong c\u00e1ch c\u1ed5 \u0111i\u1ec3n, thanh l\u1ecbch<br \/>\n\u2022 \u0110i l\u00e0m, \u0111i ch\u01a1i, d\u1ea1o ph\u1ed1 hay du l\u1ecbch nh\u1eb9 nh\u00e0ng<br \/>\n\u2022 M\u1ed9t l\u1ef1a ch\u1ecdn l\u00fd t\u01b0\u1edfng cho nh\u1eefng ai mu\u1ed1n s\u1edf h\u1eefu t\u00fai hi\u1ec7u v\u1edbi m\u1ee9c gi\u00e1 h\u1ee3p l\u00fd<\/p>\n","protected":false},"excerpt":{"rendered":"<p>Chi\u1ebfc t\u00fai trong \u1ea3nh l\u00e0 m\u1ed9t m\u1eabu t\u00fai \u0111eo ch\u00e9o c\u1ee7a Coach, c\u00f3 thi\u1ebft k\u1ebf \u0111\u1eb7c tr\u01b0ng v\u1edbi h\u1ecda ti\u1ebft ch\u1eef \u201cC\u201d l\u1ed3ng gh\u00e9p tr\u00ean n\u1ec1n v\u1ea3i m\u00e0u be. T\u00fai c\u00f3 c\u00e1c chi ti\u1ebft b\u1eb1ng da m\u00e0u n\u00e2u, bao g\u1ed3m vi\u1ec1n, \u0111\u00e1y v\u00e0 quai \u0111eo. D\u00e1ng t\u00fai m\u1ec1m m\u1ea1i, ki\u1ec3u d\u00e1ng \u0111\u01a1n gi\u1ea3n nh\u01b0ng thanh l\u1ecbch, ph\u00f9 h\u1ee3p v\u1edbi phong c\u00e1ch c\u1ed5 \u0111i\u1ec3n v\u00e0 d\u1ec5 ph\u1ed1i \u0111\u1ed3. Tr\u00ean ph\u1ea7n da c\u00f3 d\u1eadp n\u1ed5i logo \u201cCOACH EST. 1941\u201d, kh\u1eb3ng \u0111\u1ecbnh th\u01b0\u01a1ng hi\u1ec7u.<\/p>\n","protected":false},"featured_media":5678,"comment_status":"open","ping_status":"closed","template":"","meta":{"inline_featured_image":false},"product_brand":[],"product_cat":[36],"product_tag":[],"class_list":{"0":"post-5702","1":"product","2":"type-product","3":"status-publish","4":"has-post-thumbnail","6":"product_cat-tui-xach","8":"first","9":"instock","10":"shipping-taxable","11":"purchasable","12":"product-type-simple"},"acf":[],"_links":{"self":[{"href":"https:\/\/tynivintage.com\/vi\/wp-json\/wp\/v2\/product\/5702","targetHints":{"allow":["GET"]}}],"collection":[{"href":"https:\/\/tynivintage.com\/vi\/wp-json\/wp\/v2\/product"}],"about":[{"href":"https:\/\/tynivintage.com\/vi\/wp-json\/wp\/v2\/types\/product"}],"replies":[{"embeddable":true,"href":"https:\/\/tynivintage.com\/vi\/wp-json\/wp\/v2\/comments?post=5702"}],"wp:featuredmedia":[{"embeddable":true,"href":"https:\/\/tynivintage.com\/vi\/wp-json\/wp\/v2\/media\/5678"}],"wp:attachment":[{"href":"https:\/\/tynivintage.com\/vi\/wp-json\/wp\/v2\/media?parent=5702"}],"wp:term":[{"taxonomy":"product_brand","embeddable":true,"href":"https:\/\/tynivintage.com\/vi\/wp-json\/wp\/v2\/product_brand?post=5702"},{"taxonomy":"product_cat","embeddable":true,"href":"https:\/\/tynivintage.com\/vi\/wp-json\/wp\/v2\/product_cat?post=5702"},{"taxonomy":"product_tag","embeddable":true,"href":"https:\/\/tynivintage.com\/vi\/wp-json\/wp\/v2\/product_tag?post=5702"}],"curies":[{"name":"wp","href":"https:\/\/api.w.org\/{rel}","templated":true}]}}