{"id":5698,"date":"2025-04-06T13:26:38","date_gmt":"2025-04-06T06:28:31","guid":{"rendered":"https:\/\/tynivintage.com\/?post_type=product&#038;p=5698"},"modified":"2025-04-06T13:28:31","modified_gmt":"2025-04-06T06:28:31","slug":"vi-coach-canvas-logo-mau-do-ruou-vang","status":"publish","type":"product","link":"https:\/\/tynivintage.com\/vi\/san-pham\/vi-coach-canvas-logo-mau-do-ruou-vang\/","title":{"rendered":"V\u00ed Coach Canvas Logo m\u00e0u \u0111\u1ecf r\u01b0\u1ee3u vang"},"content":{"rendered":"<p>Coach c\u1ed5 \u0111i\u1ec3n, \u0111\u01b0\u1ee3c ch\u1ebf t\u00e1c t\u1eeb ch\u1ea5t li\u1ec7u canvas monogram \u0111\u1eb7c tr\u01b0ng c\u1ee7a th\u01b0\u01a1ng hi\u1ec7u. B\u1ec1 m\u1eb7t v\u00ed l\u00e0 v\u1ea3i jacquard m\u00e0u n\u00e2u sang tr\u1ecdng, n\u1ed5i b\u1eadt v\u1edbi h\u1ecda ti\u1ebft ch\u1eef \u201cC\u201d l\u1ed3ng v\u00e0o nhau, mang \u0111\u1eadm phong c\u00e1ch thanh l\u1ecbch v\u00e0 d\u1ec5 d\u00e0ng nh\u1eadn di\u1ec7n th\u01b0\u01a1ng hi\u1ec7u.<\/p>\n<p>Chi\u1ebfc v\u00ed \u0111\u01b0\u1ee3c bao quanh b\u1edfi m\u1ed9t d\u00e2y \u0111ai da m\u00e0u n\u00e2u s\u1eabm, c\u1ed1 \u0111\u1ecbnh b\u1eb1ng kh\u00f3a g\u00e0i kim lo\u1ea1i m\u00e0u v\u00e0ng \u0111\u1ed3ng mang phong c\u00e1ch c\u1ed5 \u0111i\u1ec3n, t\u1ea1o \u0111i\u1ec3m nh\u1ea5n sang tr\u1ecdng v\u00e0 ch\u1eafc ch\u1eafn. \u0110\u01b0\u1eddng may t\u1ec9 m\u1ec9 th\u1ec3 hi\u1ec7n s\u1ef1 tinh t\u1ebf trong t\u1eebng chi ti\u1ebft v\u00e0 cam k\u1ebft ch\u1ea5t l\u01b0\u1ee3ng t\u1eeb Coach.<\/p>\n<p>Thi\u1ebft k\u1ebf nh\u1ecf g\u1ecdn nh\u01b0ng v\u1eabn r\u1ed9ng r\u00e3i, chi\u1ebfc v\u00ed n\u00e0y v\u1eeba v\u1eb7n trong l\u00f2ng b\u00e0n tay ho\u1eb7c t\u00fai x\u00e1ch nh\u1ecf, l\u00fd t\u01b0\u1edfng \u0111\u1ec3 s\u1eed d\u1ee5ng h\u00e0ng ng\u00e0y. B\u00ean trong \u0111\u01b0\u1ee3c chia th\u00e0nh nhi\u1ec1u ng\u0103n ti\u1ec7n l\u1ee3i \u0111\u1ec3 \u0111\u1ef1ng th\u1ebb, ti\u1ec1n m\u1eb7t v\u00e0 ti\u1ec1n xu \u2013 k\u1ebft h\u1ee3p ho\u00e0n h\u1ea3o gi\u1eefa t\u00ednh n\u0103ng v\u00e0 v\u1ebb ngo\u00e0i tinh t\u1ebf.<\/p>\n<p>\u0110\u1eb7c \u0111i\u1ec3m n\u1ed5i b\u1eadt:<br \/>\n\u2022 Ch\u1ea5t li\u1ec7u canvas h\u1ecda ti\u1ebft monogram \u0111\u1eb7c tr\u01b0ng c\u1ee7a Coach<br \/>\n\u2022 D\u00e2y \u0111ai da m\u00e0u n\u00e2u v\u1edbi kh\u00f3a g\u00e0i kim lo\u1ea1i m\u00e0u v\u00e0ng \u0111\u1ed3ng<br \/>\n\u2022 K\u00edch th\u01b0\u1edbc nh\u1ecf g\u1ecdn, d\u1ec5 mang theo<br \/>\n\u2022 \u0110\u01b0\u1eddng may ch\u1eafc ch\u1eafn, ho\u00e0n thi\u1ec7n cao c\u1ea5p<br \/>\n\u2022 Nhi\u1ec1u ng\u0103n b\u00ean trong \u0111\u1ec3 \u0111\u1ef1ng th\u1ebb, ti\u1ec1n v\u00e0 xu<\/p>\n","protected":false},"excerpt":{"rendered":"<p>Chi\u1ebfc v\u00ed trong \u1ea3nh c\u00f3 thi\u1ebft k\u1ebf c\u1ed5 \u0111i\u1ec3n v\u1edbi h\u1ecda ti\u1ebft monogram \u0111\u1eb7c tr\u01b0ng c\u1ee7a th\u01b0\u01a1ng hi\u1ec7u Coach, bao g\u1ed3m c\u00e1c ch\u1eef \u201cC\u201d l\u1ed3ng v\u00e0o nhau tr\u00ean n\u1ec1n v\u1ea3i m\u00e0u n\u00e2u. V\u00ed c\u00f3 d\u00e2y \u0111ai b\u1eb1ng da m\u00e0u n\u00e2u s\u1eabm v\u00e0 \u0111\u01b0\u1ee3c c\u1ed1 \u0111\u1ecbnh b\u1eb1ng kh\u00f3a c\u00e0i kim lo\u1ea1i m\u00e0u v\u00e0ng \u0111\u1ed3ng, t\u1ea1o \u0111i\u1ec3m nh\u1ea5n thanh l\u1ecbch. K\u00edch th\u01b0\u1edbc v\u1eeba tay, ph\u00f9 h\u1ee3p \u0111\u1ec3 s\u1eed d\u1ee5ng h\u00e0ng ng\u00e0y<\/p>\n","protected":false},"featured_media":5689,"comment_status":"open","ping_status":"closed","template":"","meta":{"inline_featured_image":false},"product_brand":[],"product_cat":[48],"product_tag":[],"class_list":{"0":"post-5698","1":"product","2":"type-product","3":"status-publish","4":"has-post-thumbnail","6":"product_cat-vi","8":"first","9":"instock","10":"shipping-taxable","11":"purchasable","12":"product-type-simple"},"acf":[],"_links":{"self":[{"href":"https:\/\/tynivintage.com\/vi\/wp-json\/wp\/v2\/product\/5698","targetHints":{"allow":["GET"]}}],"collection":[{"href":"https:\/\/tynivintage.com\/vi\/wp-json\/wp\/v2\/product"}],"about":[{"href":"https:\/\/tynivintage.com\/vi\/wp-json\/wp\/v2\/types\/product"}],"replies":[{"embeddable":true,"href":"https:\/\/tynivintage.com\/vi\/wp-json\/wp\/v2\/comments?post=5698"}],"wp:featuredmedia":[{"embeddable":true,"href":"https:\/\/tynivintage.com\/vi\/wp-json\/wp\/v2\/media\/5689"}],"wp:attachment":[{"href":"https:\/\/tynivintage.com\/vi\/wp-json\/wp\/v2\/media?parent=5698"}],"wp:term":[{"taxonomy":"product_brand","embeddable":true,"href":"https:\/\/tynivintage.com\/vi\/wp-json\/wp\/v2\/product_brand?post=5698"},{"taxonomy":"product_cat","embeddable":true,"href":"https:\/\/tynivintage.com\/vi\/wp-json\/wp\/v2\/product_cat?post=5698"},{"taxonomy":"product_tag","embeddable":true,"href":"https:\/\/tynivintage.com\/vi\/wp-json\/wp\/v2\/product_tag?post=5698"}],"curies":[{"name":"wp","href":"https:\/\/api.w.org\/{rel}","templated":true}]}}