{"id":5658,"date":"2025-04-05T21:03:39","date_gmt":"2025-04-05T14:10:39","guid":{"rendered":"https:\/\/tynivintage.com\/?post_type=product&#038;p=5658"},"modified":"2025-04-05T21:10:39","modified_gmt":"2025-04-05T14:10:39","slug":"tui-xach-coach-signature","status":"publish","type":"product","link":"https:\/\/tynivintage.com\/vi\/san-pham\/tui-xach-coach-signature\/","title":{"rendered":"T\u00fai x\u00e1ch Coach Signature"},"content":{"rendered":"<p>T\u00f4n l\u00ean phong c\u00e1ch h\u00e0ng ng\u00e0y c\u1ee7a b\u1ea1n v\u1edbi chi\u1ebfc t\u00fai x\u00e1ch thanh l\u1ecbch \u0111\u1ebfn t\u1eeb th\u01b0\u01a1ng hi\u1ec7u Coach, n\u1ed5i b\u1eadt v\u1edbi h\u1ecda ti\u1ebft ch\u1eef \u201cC\u201d l\u1ed3ng nhau \u0111\u1eb7c tr\u01b0ng tr\u00ean n\u1ec1n v\u1ea3i jacquard m\u00e0u n\u00e2u sang tr\u1ecdng. M\u1eabu t\u00fai c\u1ed5 \u0111i\u1ec3n n\u00e0y \u0111\u01b0\u1ee3c thi\u1ebft k\u1ebf v\u1eeba th\u1eddi trang v\u1eeba ti\u1ec7n d\u1ee5ng, mang \u0111\u1ebfn kh\u00f4ng gian ch\u1ee9a r\u1ed9ng r\u00e3i m\u00e0 v\u1eabn gi\u1eef \u0111\u01b0\u1ee3c d\u00e1ng t\u00fai tinh t\u1ebf.<\/p>\n<p>\u0110\u1eb7c \u0111i\u1ec3m n\u1ed5i b\u1eadt:<br \/>\n\u2022 Th\u01b0\u01a1ng hi\u1ec7u: Coach<br \/>\n\u2022 M\u00e0u s\u1eafc: N\u00e2u<br \/>\n\u2022 Ch\u1ea5t li\u1ec7u: V\u1ea3i jacquard k\u1ebft h\u1ee3p vi\u1ec1n v\u00e0 quai x\u00e1ch b\u1eb1ng da<br \/>\n\u2022 H\u1ecda ti\u1ebft: Bi\u1ec3u t\u01b0\u1ee3ng ch\u1eef \u201cC\u201d \u0111\u1eb7c tr\u01b0ng c\u1ee7a Coach<br \/>\n\u2022 Thi\u1ebft k\u1ebf: C\u00f3 c\u00e1c \u0111\u01b0\u1eddng nh\u00fan \u1edf m\u1eb7t tr\u01b0\u1edbc v\u00e0 sau, t\u1ea1o \u0111\u1ed9 ph\u1ed3ng v\u00e0 \u0111i\u1ec3m nh\u1ea5n duy\u00ean d\u00e1ng<br \/>\n\u2022 Quai x\u00e1ch: 2 quai da ch\u1eafc ch\u1eafn, c\u00f3 th\u1ec3 \u0111eo tay ho\u1eb7c vai<br \/>\n\u2022 Logo: Mi\u1ebfng da d\u1eadp n\u1ed5i logo Coach, \u0111\u00ednh kim lo\u1ea1i \u1edf m\u1eb7t tr\u01b0\u1edbc<br \/>\n\u2022 B\u00ean trong: Ng\u0103n ch\u00ednh r\u1ed9ng r\u00e3i<br \/>\n\u2022 T\u00ecnh tr\u1ea1ng:: \u0111\u00e3 qua s\u1eed d\u1ee5ng nh\u01b0ng c\u00f2n m\u1edbi<\/p>\n<p>Size: 40x24cm<\/p>\n","protected":false},"excerpt":{"rendered":"<p>Chi\u1ebfc t\u00fai trong h\u00ecnh l\u00e0 m\u1ed9t chi\u1ebfc t\u00fai x\u00e1ch tay c\u1ee7a th\u01b0\u01a1ng hi\u1ec7u Coach. T\u00fai c\u00f3 m\u00e0u n\u00e2u v\u1edbi h\u1ecda ti\u1ebft logo \u201cC\u201d l\u1ed3ng v\u00e0o nhau \u0111\u1eb7c tr\u01b0ng c\u1ee7a h\u00e3ng. Ch\u1ea5t li\u1ec7u c\u00f3 v\u1ebb l\u00e0 v\u1ea3i satin ho\u1eb7c jacquard v\u1edbi tay c\u1ea7m b\u1eb1ng da m\u00e0u n\u00e2u \u0111\u1eadm. Ph\u1ea7n logo Coach b\u1eb1ng kim lo\u1ea1i \u0111\u01b0\u1ee3c g\u1eafn n\u1ed5i b\u1eadt \u1edf gi\u1eefa vi\u1ec1n tr\u00ean t\u00fai. Thi\u1ebft k\u1ebf t\u00fai d\u1ea1ng d\u00e1ng r\u1ed9ng, c\u00f3 c\u00e1c \u0111\u01b0\u1eddng may nh\u00fan nh\u1eb9 t\u1ea1o \u0111\u1ed9 ph\u1ed3ng v\u00e0 m\u1ec1m m\u1ea1i.<\/p>\n","protected":false},"featured_media":5659,"comment_status":"open","ping_status":"closed","template":"","meta":{"inline_featured_image":false},"product_brand":[],"product_cat":[36],"product_tag":[],"class_list":{"0":"post-5658","1":"product","2":"type-product","3":"status-publish","4":"has-post-thumbnail","6":"product_cat-tui-xach","8":"first","9":"instock","10":"shipping-taxable","11":"purchasable","12":"product-type-simple"},"acf":[],"_links":{"self":[{"href":"https:\/\/tynivintage.com\/vi\/wp-json\/wp\/v2\/product\/5658","targetHints":{"allow":["GET"]}}],"collection":[{"href":"https:\/\/tynivintage.com\/vi\/wp-json\/wp\/v2\/product"}],"about":[{"href":"https:\/\/tynivintage.com\/vi\/wp-json\/wp\/v2\/types\/product"}],"replies":[{"embeddable":true,"href":"https:\/\/tynivintage.com\/vi\/wp-json\/wp\/v2\/comments?post=5658"}],"wp:featuredmedia":[{"embeddable":true,"href":"https:\/\/tynivintage.com\/vi\/wp-json\/wp\/v2\/media\/5659"}],"wp:attachment":[{"href":"https:\/\/tynivintage.com\/vi\/wp-json\/wp\/v2\/media?parent=5658"}],"wp:term":[{"taxonomy":"product_brand","embeddable":true,"href":"https:\/\/tynivintage.com\/vi\/wp-json\/wp\/v2\/product_brand?post=5658"},{"taxonomy":"product_cat","embeddable":true,"href":"https:\/\/tynivintage.com\/vi\/wp-json\/wp\/v2\/product_cat?post=5658"},{"taxonomy":"product_tag","embeddable":true,"href":"https:\/\/tynivintage.com\/vi\/wp-json\/wp\/v2\/product_tag?post=5658"}],"curies":[{"name":"wp","href":"https:\/\/api.w.org\/{rel}","templated":true}]}}