{"id":5655,"date":"2025-04-05T20:47:14","date_gmt":"2025-04-05T14:05:56","guid":{"rendered":"https:\/\/tynivintage.com\/?post_type=product&#038;p=5655"},"modified":"2025-04-05T21:05:56","modified_gmt":"2025-04-05T14:05:56","slug":"tui-deo-cheo-coach-mau-do","status":"publish","type":"product","link":"https:\/\/tynivintage.com\/vi\/san-pham\/tui-deo-cheo-coach-mau-do\/","title":{"rendered":"T\u00fai \u0111eo ch\u00e9o Coach m\u00e0u \u0111\u1ecf"},"content":{"rendered":"<p>&#x1f539; Th\u01b0\u01a1ng hi\u1ec7u: Coach<br \/>\n&#x1f539; Ch\u1ea5t li\u1ec7u: V\u1ea3i canvas cao c\u1ea5p k\u1ebft h\u1ee3p da th\u1eadt<br \/>\n&#x1f539; M\u00e0u s\u1eafc: N\u00e2u k\u1ebft h\u1ee3p \u0111\u1ecf n\u1ed5i b\u1eadt<br \/>\n&#x1f539; H\u1ecda ti\u1ebft: Signature \u201cC\u201d monogram \u0111\u1eb7c tr\u01b0ng c\u1ee7a Coach<br \/>\n&#x1f539; K\u00edch th\u01b0\u1edbc: nh\u1ecf g\u1ecdn, ph\u00f9 h\u1ee3p \u0111\u1ec3 \u0111\u1ef1ng \u0111i\u1ec7n tho\u1ea1i, v\u00ed, m\u1ef9 ph\u1ea9m v\u00e0 v\u1eadt d\u1ee5ng c\u00e1 nh\u00e2n<br \/>\n&#x1f539; D\u00e2y \u0111eo: Da th\u1eadt, c\u00f3 th\u1ec3 \u0111i\u1ec1u ch\u1ec9nh \u0111\u1ed9 d\u00e0i<br \/>\n&#x1f539; Chi ti\u1ebft n\u1ed5i b\u1eadt:<br \/>\n\u2022 D\u1ea3i da \u0111\u1ecf \u1edf trung t\u00e2m k\u1ebft h\u1ee3p h\u1ecda ti\u1ebft trang tr\u00ed, t\u1ea1o \u0111i\u1ec3m nh\u1ea5n \u1ea5n t\u01b0\u1ee3ng<br \/>\n\u2022 G\u00f3c t\u00fai \u0111\u01b0\u1ee3c b\u1ecdc da \u0111\u1ecf, t\u0103ng \u0111\u1ed9 b\u1ec1n v\u00e0 th\u1ea9m m\u1ef9<br \/>\n\u2022 Ki\u1ec3u d\u00e1ng thanh l\u1ecbch, d\u1ec5 d\u00e0ng ph\u1ed1i \u0111\u1ed3<br \/>\n&#x1f539; T\u00ecnh tr\u1ea1ng: Qua s\u1eed d\u1ee5ng, nh\u01b0ng t\u1ed5ng th\u1ec3 c\u00f2n r\u1ea5t \u0111\u1eb9p<\/p>\n<p>&#x1f4bc; Ph\u00f9 h\u1ee3p cho:<br \/>\n\u2022 Nh\u1eefng ai y\u00eau th\u00edch phong c\u00e1ch thanh l\u1ecbch nh\u01b0ng v\u1eabn c\u00e1 t\u00ednh<br \/>\n\u2022 \u0110i ch\u01a1i, d\u1ea1o ph\u1ed1, du l\u1ecbch ho\u1eb7c s\u1eed d\u1ee5ng h\u00e0ng ng\u00e0y<br \/>\n\u2022 M\u1ed9t l\u1ef1a ch\u1ecdn l\u00fd t\u01b0\u1edfng cho nh\u1eefng ai mu\u1ed1n s\u1edf h\u1eefu t\u00fai hi\u1ec7u v\u1edbi m\u1ee9c gi\u00e1 h\u1ee3p l\u00fd<\/p>\n","protected":false},"excerpt":{"rendered":"<p>Chi\u1ebfc t\u00fai trong \u1ea3nh l\u00e0 m\u1ed9t m\u1eabu t\u00fai \u0111eo ch\u00e9o c\u1ee7a Coach, c\u00f3 thi\u1ebft k\u1ebf \u0111\u1eb7c tr\u01b0ng v\u1edbi h\u1ecda ti\u1ebft ch\u1eef \u201cC\u201d monogram tr\u00ean n\u1ec1n v\u1ea3i canvas m\u00e0u n\u00e2u. \u0110i\u1ec3m nh\u1ea5n c\u1ee7a t\u00fai l\u00e0 d\u1ea3i da m\u00e0u \u0111\u1ecf v\u00e0 h\u1ecda ti\u1ebft trang tr\u00ed \u1edf gi\u1eefa, k\u1ebft h\u1ee3p v\u1edbi c\u00e1c g\u00f3c da \u0111\u1ecf t\u1ea1o s\u1ef1 n\u1ed5i b\u1eadt. T\u00fai c\u00f3 k\u00edch th\u01b0\u1edbc nh\u1ecf g\u1ecdn, d\u00e2y \u0111eo da c\u00f3 th\u1ec3 \u0111i\u1ec1u ch\u1ec9nh \u0111\u1ed9 d\u00e0i, ph\u00f9 h\u1ee3p \u0111\u1ec3 mang theo khi \u0111i ch\u01a1i ho\u1eb7c d\u1ea1o ph\u1ed1.<\/p>\n","protected":false},"featured_media":5623,"comment_status":"open","ping_status":"closed","template":"","meta":{"inline_featured_image":false},"product_brand":[],"product_cat":[36],"product_tag":[],"class_list":{"0":"post-5655","1":"product","2":"type-product","3":"status-publish","4":"has-post-thumbnail","6":"product_cat-tui-xach","8":"first","9":"outofstock","10":"shipping-taxable","11":"purchasable","12":"product-type-simple"},"acf":[],"_links":{"self":[{"href":"https:\/\/tynivintage.com\/vi\/wp-json\/wp\/v2\/product\/5655","targetHints":{"allow":["GET"]}}],"collection":[{"href":"https:\/\/tynivintage.com\/vi\/wp-json\/wp\/v2\/product"}],"about":[{"href":"https:\/\/tynivintage.com\/vi\/wp-json\/wp\/v2\/types\/product"}],"replies":[{"embeddable":true,"href":"https:\/\/tynivintage.com\/vi\/wp-json\/wp\/v2\/comments?post=5655"}],"wp:featuredmedia":[{"embeddable":true,"href":"https:\/\/tynivintage.com\/vi\/wp-json\/wp\/v2\/media\/5623"}],"wp:attachment":[{"href":"https:\/\/tynivintage.com\/vi\/wp-json\/wp\/v2\/media?parent=5655"}],"wp:term":[{"taxonomy":"product_brand","embeddable":true,"href":"https:\/\/tynivintage.com\/vi\/wp-json\/wp\/v2\/product_brand?post=5655"},{"taxonomy":"product_cat","embeddable":true,"href":"https:\/\/tynivintage.com\/vi\/wp-json\/wp\/v2\/product_cat?post=5655"},{"taxonomy":"product_tag","embeddable":true,"href":"https:\/\/tynivintage.com\/vi\/wp-json\/wp\/v2\/product_tag?post=5655"}],"curies":[{"name":"wp","href":"https:\/\/api.w.org\/{rel}","templated":true}]}}