{"id":5619,"date":"2025-04-01T22:30:13","date_gmt":"2025-04-03T12:16:29","guid":{"rendered":"https:\/\/tynivintage.com\/?post_type=product&#038;p=5619"},"modified":"2025-04-03T19:16:29","modified_gmt":"2025-04-03T12:16:29","slug":"tui-nhua-trong-suot-furla-black-chinh-hang","status":"publish","type":"product","link":"https:\/\/tynivintage.com\/vi\/san-pham\/tui-nhua-trong-suot-furla-black-chinh-hang\/","title":{"rendered":"T\u00fai nh\u1ef1a trong su\u1ed1t Furla Black ch\u00ednh h\u00e3ng"},"content":{"rendered":"<p>M\u00f4 t\u1ea3 s\u1ea3n ph\u1ea9m:<br \/>\nChi\u1ebfc t\u00fai tote n\u00e0y l\u00e0 s\u1ef1 k\u1ebft h\u1ee3p ho\u00e0n h\u1ea3o gi\u1eefa phong c\u00e1ch th\u1eddi th\u01b0\u1ee3ng v\u00e0 t\u00ednh \u1ee9ng d\u1ee5ng cao. V\u1edbi l\u1edbp nh\u1ef1a b\u00f3ng trong su\u1ed1t, chi\u1ebfc t\u00fai kh\u00f4ng ch\u1ec9 t\u1ea1o hi\u1ec7u \u1ee9ng ph\u1ea3n chi\u1ebfu \u0111\u1ed9c \u0111\u00e1o m\u00e0 c\u00f2n gi\u00fap b\u1ea3o v\u1ec7 \u0111\u1ed3 d\u00f9ng b\u00ean trong. \u0110i\u1ec3m nh\u1ea5n n\u1ed5i b\u1eadt l\u00e0 h\u1ecda ti\u1ebft zebra c\u00e1 t\u00ednh, mang \u0111\u1ebfn s\u1ef1 ph\u00e1 c\u00e1ch v\u00e0 \u1ea5n t\u01b0\u1ee3ng.<\/p>\n<p>Chi ti\u1ebft s\u1ea3n ph\u1ea9m:<br \/>\n\u2022 Ch\u1ea5t li\u1ec7u: Nh\u1ef1a PVC trong su\u1ed1t cao c\u1ea5p k\u1ebft h\u1ee3p v\u1edbi da b\u00f3ng t\u1ed5ng h\u1ee3p<br \/>\n\u2022 M\u00e0u s\u1eafc: Trong su\u1ed1t v\u1edbi h\u1ecda ti\u1ebft zebra \u0111en tr\u1eafng<br \/>\n\u2022 K\u00edch th\u01b0\u1edbc: Ph\u00f9 h\u1ee3p \u0111\u1ec3 \u0111\u1ef1ng \u0111\u1ed3 c\u00e1 nh\u00e2n, t\u00e0i li\u1ec7u, ho\u1eb7c laptop nh\u1ecf<br \/>\n\u2022 Quai x\u00e1ch: Da b\u00f3ng m\u00e0u \u0111en, ch\u1eafc ch\u1eafn, c\u1ea7m tho\u1ea3i m\u00e1i<br \/>\n\u2022 Thi\u1ebft k\u1ebf: Hi\u1ec7n \u0111\u1ea1i, tr\u1ebb trung, d\u1ec5 d\u00e0ng ph\u1ed1i v\u1edbi nhi\u1ec1u phong c\u00e1ch th\u1eddi trang kh\u00e1c nhau<br \/>\n\u2022 \u1ee8ng d\u1ee5ng: Ph\u00f9 h\u1ee3p khi \u0111i l\u00e0m, \u0111i ch\u01a1i, d\u1ea1o ph\u1ed1 ho\u1eb7c mua s\u1eafm<\/p>\n","protected":false},"excerpt":{"rendered":"<p>Chi\u1ebfc t\u00fai trong \u1ea3nh l\u00e0 m\u1ed9t t\u00fai tote c\u00f3 thi\u1ebft k\u1ebf \u0111\u1ed9c \u0111\u00e1o v\u1edbi b\u1ec1 m\u1eb7t nh\u1ef1a b\u00f3ng trong su\u1ed1t, ph\u1ea3n chi\u1ebfu \u00e1nh s\u00e1ng. B\u00ean trong t\u00fai c\u00f3 h\u1ecda ti\u1ebft v\u1eb1n gi\u1ed1ng da ng\u1ef1a v\u1eb1n, t\u1ea1o \u0111i\u1ec3m nh\u1ea5n th\u1eddi trang. Quai t\u00fai l\u00e0m t\u1eeb ch\u1ea5t li\u1ec7u da b\u00f3ng m\u00e0u \u0111en, may ch\u1eafc ch\u1eafn. T\u1ed5ng th\u1ec3 thi\u1ebft k\u1ebf mang phong c\u00e1ch hi\u1ec7n \u0111\u1ea1i, c\u00e1 t\u00ednh v\u00e0 sang tr\u1ecdng.<\/p>\n","protected":false},"featured_media":5494,"comment_status":"open","ping_status":"closed","template":"","meta":{"inline_featured_image":false},"product_brand":[],"product_cat":[36],"product_tag":[],"class_list":{"0":"post-5619","1":"product","2":"type-product","3":"status-publish","4":"has-post-thumbnail","6":"product_cat-tui-xach","8":"first","9":"outofstock","10":"shipping-taxable","11":"purchasable","12":"product-type-simple"},"acf":[],"_links":{"self":[{"href":"https:\/\/tynivintage.com\/vi\/wp-json\/wp\/v2\/product\/5619","targetHints":{"allow":["GET"]}}],"collection":[{"href":"https:\/\/tynivintage.com\/vi\/wp-json\/wp\/v2\/product"}],"about":[{"href":"https:\/\/tynivintage.com\/vi\/wp-json\/wp\/v2\/types\/product"}],"replies":[{"embeddable":true,"href":"https:\/\/tynivintage.com\/vi\/wp-json\/wp\/v2\/comments?post=5619"}],"wp:featuredmedia":[{"embeddable":true,"href":"https:\/\/tynivintage.com\/vi\/wp-json\/wp\/v2\/media\/5494"}],"wp:attachment":[{"href":"https:\/\/tynivintage.com\/vi\/wp-json\/wp\/v2\/media?parent=5619"}],"wp:term":[{"taxonomy":"product_brand","embeddable":true,"href":"https:\/\/tynivintage.com\/vi\/wp-json\/wp\/v2\/product_brand?post=5619"},{"taxonomy":"product_cat","embeddable":true,"href":"https:\/\/tynivintage.com\/vi\/wp-json\/wp\/v2\/product_cat?post=5619"},{"taxonomy":"product_tag","embeddable":true,"href":"https:\/\/tynivintage.com\/vi\/wp-json\/wp\/v2\/product_tag?post=5619"}],"curies":[{"name":"wp","href":"https:\/\/api.w.org\/{rel}","templated":true}]}}