{"id":5598,"date":"2025-04-02T20:24:40","date_gmt":"2025-04-02T13:30:52","guid":{"rendered":"https:\/\/tynivintage.com\/?post_type=product&#038;p=5598"},"modified":"2025-04-02T20:30:53","modified_gmt":"2025-04-02T13:30:53","slug":"tui-deo-cheo-da-nau-coach-slim-legacy-co-dien","status":"publish","type":"product","link":"https:\/\/tynivintage.com\/vi\/san-pham\/tui-deo-cheo-da-nau-coach-slim-legacy-co-dien\/","title":{"rendered":"T\u00fai \u0111eo ch\u00e9o da n\u00e2u COACH SLIM LEGACY c\u1ed5 \u0111i\u1ec3n"},"content":{"rendered":"<p>M\u00f4 t\u1ea3 s\u1ea3n ph\u1ea9m:<br \/>\nChi\u1ebfc t\u00fai x\u00e1ch da m\u00e0u n\u00e2u n\u00e0y l\u00e0 s\u1ef1 k\u1ebft h\u1ee3p ho\u00e0n h\u1ea3o gi\u1eefa phong c\u00e1ch thanh l\u1ecbch v\u00e0 ti\u1ec7n d\u1ee5ng. V\u1edbi thi\u1ebft k\u1ebf t\u1ed1i gi\u1ea3n nh\u01b0ng tinh t\u1ebf, t\u00fai ph\u00f9 h\u1ee3p cho c\u1ea3 c\u00f4ng vi\u1ec7c, d\u1ea1o ph\u1ed1 hay du l\u1ecbch.<\/p>\n<p>\u0110\u1eb7c \u0111i\u1ec3m n\u1ed5i b\u1eadt:<br \/>\n&#x2714; Ch\u1ea5t li\u1ec7u da cao c\u1ea5p: Da m\u1ec1m m\u1ea1i, b\u1ec1n b\u1ec9, t\u1ea1o c\u1ea3m gi\u00e1c sang tr\u1ecdng v\u00e0 ch\u1eafc ch\u1eafn khi s\u1eed d\u1ee5ng.<br \/>\n&#x2714; Thi\u1ebft k\u1ebf r\u1ed9ng r\u00e3i: Kh\u00f4ng gian b\u00ean trong l\u1edbn, c\u00f3 th\u1ec3 \u0111\u1ef1ng \u0111\u01b0\u1ee3c nhi\u1ec1u v\u1eadt d\u1ee5ng nh\u01b0 \u0111i\u1ec7n tho\u1ea1i, v\u00ed ti\u1ec1n, s\u1ed5 tay v\u00e0 c\u00e1c ph\u1ee5 ki\u1ec7n kh\u00e1c.<br \/>\n&#x2714; Quai \u0111eo \u0111i\u1ec1u ch\u1ec9nh: Quai \u0111eo d\u00e0i, ch\u1eafc ch\u1eafn, c\u00f3 th\u1ec3 t\u00f9y ch\u1ec9nh \u0111\u1ed9 d\u00e0i nh\u1edd kh\u00f3a kim lo\u1ea1i tr\u00f2n, ph\u00f9 h\u1ee3p v\u1edbi m\u1ecdi d\u00e1ng ng\u01b0\u1eddi.<br \/>\n&#x2714; Gam m\u00e0u n\u00e2u sang tr\u1ecdng: D\u1ec5 d\u00e0ng k\u1ebft h\u1ee3p v\u1edbi nhi\u1ec1u trang ph\u1ee5c kh\u00e1c nhau, t\u1eeb c\u00f4ng s\u1edf \u0111\u1ebfn phong c\u00e1ch casual.<br \/>\nPhong c\u00e1ch ph\u00f9 h\u1ee3p: C\u00f4ng s\u1edf, d\u1ea1o ph\u1ed1, du l\u1ecbch, d\u1ef1 ti\u1ec7c nh\u1eb9.<\/p>\n<p>K\u00edch th\u01b0\u1edbc: 38x29cm<\/p>\n","protected":false},"excerpt":{"rendered":"<p>Chi\u1ebfc t\u00fai trong \u1ea3nh l\u00e0 m\u1ed9t t\u00fai x\u00e1ch da m\u00e0u n\u00e2u v\u1edbi thi\u1ebft k\u1ebf \u0111\u01a1n gi\u1ea3n v\u00e0 thanh l\u1ecbch. N\u00f3 c\u00f3 quai \u0111eo d\u00e0i, c\u00f3 th\u1ec3 \u0111i\u1ec1u ch\u1ec9nh \u0111\u01b0\u1ee3c b\u1eb1ng kh\u00f3a kim lo\u1ea1i tr\u00f2n. Ch\u1ea5t li\u1ec7u da m\u1ec1m m\u1ea1i, t\u1ea1o c\u1ea3m gi\u00e1c sang tr\u1ecdng v\u00e0 b\u1ec1n b\u1ec9. T\u00fai c\u00f3 ki\u1ec3u d\u00e1ng r\u1ed9ng r\u00e3i, ph\u00f9 h\u1ee3p \u0111\u1ec3 \u0111\u1ef1ng nhi\u1ec1u \u0111\u1ed3 d\u00f9ng h\u00e0ng ng\u00e0y. Ph\u00f4ng n\u1ec1n l\u00e0 r\u00e8m \u0111\u1ecf v\u00e0 hoa h\u1ed3ng \u0111\u1ecf, l\u00e0m n\u1ed5i b\u1eadt m\u00e0u s\u1eafc c\u1ee7a t\u00fai.<\/p>\n","protected":false},"featured_media":5597,"comment_status":"open","ping_status":"closed","template":"","meta":{"inline_featured_image":false},"product_brand":[],"product_cat":[36],"product_tag":[],"class_list":{"0":"post-5598","1":"product","2":"type-product","3":"status-publish","4":"has-post-thumbnail","6":"product_cat-tui-xach","8":"first","9":"instock","10":"shipping-taxable","11":"purchasable","12":"product-type-simple"},"acf":[],"_links":{"self":[{"href":"https:\/\/tynivintage.com\/vi\/wp-json\/wp\/v2\/product\/5598","targetHints":{"allow":["GET"]}}],"collection":[{"href":"https:\/\/tynivintage.com\/vi\/wp-json\/wp\/v2\/product"}],"about":[{"href":"https:\/\/tynivintage.com\/vi\/wp-json\/wp\/v2\/types\/product"}],"replies":[{"embeddable":true,"href":"https:\/\/tynivintage.com\/vi\/wp-json\/wp\/v2\/comments?post=5598"}],"wp:featuredmedia":[{"embeddable":true,"href":"https:\/\/tynivintage.com\/vi\/wp-json\/wp\/v2\/media\/5597"}],"wp:attachment":[{"href":"https:\/\/tynivintage.com\/vi\/wp-json\/wp\/v2\/media?parent=5598"}],"wp:term":[{"taxonomy":"product_brand","embeddable":true,"href":"https:\/\/tynivintage.com\/vi\/wp-json\/wp\/v2\/product_brand?post=5598"},{"taxonomy":"product_cat","embeddable":true,"href":"https:\/\/tynivintage.com\/vi\/wp-json\/wp\/v2\/product_cat?post=5598"},{"taxonomy":"product_tag","embeddable":true,"href":"https:\/\/tynivintage.com\/vi\/wp-json\/wp\/v2\/product_tag?post=5598"}],"curies":[{"name":"wp","href":"https:\/\/api.w.org\/{rel}","templated":true}]}}