{"id":5473,"date":"2025-03-29T12:26:19","date_gmt":"2025-03-30T15:49:27","guid":{"rendered":"https:\/\/tynivintage.com\/?post_type=product&#038;p=5473"},"modified":"2025-03-30T22:49:27","modified_gmt":"2025-03-30T15:49:27","slug":"tui-nylon-hobo-prada","status":"publish","type":"product","link":"https:\/\/tynivintage.com\/vi\/san-pham\/tui-nylon-hobo-prada\/","title":{"rendered":"T\u00fai Nylon Hobo Prada"},"content":{"rendered":"<p>Chi\u1ebfc t\u00fai c\u1ed5 \u0111i\u1ec3n m\u00e0u \u0111en TYNI VINTAGE l\u00e0 s\u1ef1 k\u1ebft h\u1ee3p ho\u00e0n h\u1ea3o gi\u1eefa ch\u1ee7 ngh\u0129a t\u1ed1i gi\u1ea3n v\u00e0 sang tr\u1ecdng. V\u1edbi thi\u1ebft k\u1ebf tinh t\u1ebf v\u00e0 tinh t\u1ebf, chi\u1ebfc t\u00fai n\u00e0y kh\u00f4ng ch\u1ec9 ph\u00f9 h\u1ee3p cho nh\u1eefng chuy\u1ebfn \u0111i ch\u01a1i b\u00ecnh th\u01b0\u1eddng m\u00e0 c\u00f2n l\u00fd t\u01b0\u1edfng cho c\u00e1c s\u1ef1 ki\u1ec7n trang tr\u1ecdng.<\/p>\n<p>Th\u00f4ng tin chi ti\u1ebft s\u1ea3n ph\u1ea9m:<br \/>\n\u2022 M\u00e0u s\u1eafc: M\u00e0u \u0111en c\u1ed5 \u0111i\u1ec3n, d\u1ec5 d\u00e0ng k\u1ebft h\u1ee3p v\u1edbi nhi\u1ec1u trang ph\u1ee5c kh\u00e1c nhau.<br \/>\n\u2022 Ch\u1ea5t li\u1ec7u: V\u1ea3i nylon cao c\u1ea5p, ch\u1ed1ng n\u01b0\u1edbc, b\u1ec1n, d\u1ec5 lau ch\u00f9i.<br \/>\n\u2022 Thi\u1ebft k\u1ebf: H\u00ecnh ch\u1eef nh\u1eadt v\u1edbi c\u00e1c g\u00f3c bo tr\u00f2n m\u1ec1m m\u1ea1i, mang \u0111\u1ebfn v\u1ebb n\u1eef t\u00ednh nh\u01b0ng hi\u1ec7n \u0111\u1ea1i.<br \/>\n\u2022 D\u00e2y \u0111eo: D\u00e2y \u0111eo vai d\u00e0i \u0111\u1ec3 m\u1eb7c tho\u1ea3i m\u00e1i, ho\u00e0n h\u1ea3o cho c\u1ea3 phong c\u00e1ch gi\u1ea3n d\u1ecb v\u00e0 sang tr\u1ecdng.<br \/>\n\u2022 T\u00ecnh tr\u1ea1ng: \u0110\u1ed3 c\u0169 \u0111\u01b0\u1ee3c tuy\u1ec3n ch\u1ecdn k\u1ef9 l\u01b0\u1ee1ng, \u0111\u01b0\u1ee3c b\u1ea3o qu\u1ea3n t\u1ed1t, c\u00f3 gi\u00e1 tr\u1ecb th\u1ea9m m\u1ef9 cao.<\/p>\n<p>K\u00edch th\u01b0\u1edbc: 34x18x8<\/p>\n","protected":false},"excerpt":{"rendered":"<p>Chi\u1ebfc t\u00fai trong \u1ea3nh l\u00e0 m\u1ed9t chi\u1ebfc t\u00fai m\u00e0u \u0111en c\u1ed5 \u0111i\u1ec3n v\u1edbi thi\u1ebft k\u1ebf \u0111\u01a1n gi\u1ea3n nh\u01b0ng thanh l\u1ecbch. N\u00f3 c\u00f3 h\u00ecnh d\u1ea1ng h\u00ecnh ch\u1eef nh\u1eadt v\u1edbi c\u00e1c g\u00f3c h\u01a1i tr\u00f2n v\u00e0 d\u01b0\u1eddng nh\u01b0 \u0111\u01b0\u1ee3c l\u00e0m b\u1eb1ng v\u1ea3i nylon ho\u1eb7c m\u1ed9t ch\u1ea5t li\u1ec7u m\u1ec1m t\u01b0\u01a1ng t\u1ef1. T\u00fai c\u00f3 d\u00e2y \u0111eo d\u00e0i, gi\u00fap b\u1ea1n d\u1ec5 d\u00e0ng \u0111eo qua vai<\/p>\n","protected":false},"featured_media":5451,"comment_status":"open","ping_status":"closed","template":"","meta":{"inline_featured_image":false},"product_brand":[],"product_cat":[36],"product_tag":[],"class_list":{"0":"post-5473","1":"product","2":"type-product","3":"status-publish","4":"has-post-thumbnail","6":"product_cat-tui-xach","8":"first","9":"instock","10":"shipping-taxable","11":"purchasable","12":"product-type-simple"},"acf":[],"_links":{"self":[{"href":"https:\/\/tynivintage.com\/vi\/wp-json\/wp\/v2\/product\/5473","targetHints":{"allow":["GET"]}}],"collection":[{"href":"https:\/\/tynivintage.com\/vi\/wp-json\/wp\/v2\/product"}],"about":[{"href":"https:\/\/tynivintage.com\/vi\/wp-json\/wp\/v2\/types\/product"}],"replies":[{"embeddable":true,"href":"https:\/\/tynivintage.com\/vi\/wp-json\/wp\/v2\/comments?post=5473"}],"wp:featuredmedia":[{"embeddable":true,"href":"https:\/\/tynivintage.com\/vi\/wp-json\/wp\/v2\/media\/5451"}],"wp:attachment":[{"href":"https:\/\/tynivintage.com\/vi\/wp-json\/wp\/v2\/media?parent=5473"}],"wp:term":[{"taxonomy":"product_brand","embeddable":true,"href":"https:\/\/tynivintage.com\/vi\/wp-json\/wp\/v2\/product_brand?post=5473"},{"taxonomy":"product_cat","embeddable":true,"href":"https:\/\/tynivintage.com\/vi\/wp-json\/wp\/v2\/product_cat?post=5473"},{"taxonomy":"product_tag","embeddable":true,"href":"https:\/\/tynivintage.com\/vi\/wp-json\/wp\/v2\/product_tag?post=5473"}],"curies":[{"name":"wp","href":"https:\/\/api.w.org\/{rel}","templated":true}]}}