{"id":5471,"date":"2025-03-30T22:43:06","date_gmt":"2025-03-30T15:45:20","guid":{"rendered":"https:\/\/tynivintage.com\/?post_type=product&#038;p=5471"},"modified":"2025-03-30T22:45:21","modified_gmt":"2025-03-30T15:45:21","slug":"vi-dai-da-hong-michael-kors","status":"publish","type":"product","link":"https:\/\/tynivintage.com\/vi\/san-pham\/vi-dai-da-hong-michael-kors\/","title":{"rendered":"V\u00ed d\u00e0i da h\u1ed3ng Michael Kors"},"content":{"rendered":"<p>Thi\u1ebft k\u1ebf sang tr\u1ecdng &amp; th\u1eddi th\u01b0\u1ee3ng<br \/>\nChi\u1ebfc v\u00ed c\u1ea7m tay Michael Kors mang gam m\u00e0u h\u1ed3ng \u0111\u1eadm n\u1ed5i b\u1eadt, t\u1ea1o \u0111i\u1ec3m nh\u1ea5n c\u00e1 t\u00ednh v\u00e0 thanh l\u1ecbch cho phong c\u00e1ch c\u1ee7a b\u1ea1n. V\u00ed \u0111\u01b0\u1ee3c thi\u1ebft k\u1ebf theo ki\u1ec3u d\u00e1ng h\u00ecnh ch\u1eef nh\u1eadt hi\u1ec7n \u0111\u1ea1i, d\u1ec5 d\u00e0ng c\u1ea7m tay ho\u1eb7c \u0111\u1ec3 trong t\u00fai x\u00e1ch.<\/p>\n<p>Ch\u1ea5t li\u1ec7u cao c\u1ea5p<br \/>\nS\u1ea3n ph\u1ea9m \u0111\u01b0\u1ee3c l\u00e0m t\u1eeb da s\u1ea7n cao c\u1ea5p, mang l\u1ea1i c\u1ea3m gi\u00e1c ch\u1eafc ch\u1eafn, b\u1ec1n \u0111\u1eb9p v\u00e0 sang tr\u1ecdng. B\u1ec1 m\u1eb7t da c\u00f3 \u0111\u1ed9 b\u00e1m t\u1ed1t, h\u1ea1n ch\u1ebf tr\u1ea7y x\u01b0\u1edbc, gi\u00fap chi\u1ebfc v\u00ed lu\u00f4n gi\u1eef \u0111\u01b0\u1ee3c v\u1ebb \u0111\u1eb9p theo th\u1eddi gian.<\/p>\n<p>Logo th\u01b0\u01a1ng hi\u1ec7u \u0111\u1eb3ng c\u1ea5p<br \/>\nM\u1eb7t tr\u01b0\u1edbc c\u1ee7a v\u00ed \u0111\u01b0\u1ee3c trang tr\u00ed b\u1eb1ng logo kim lo\u1ea1i tr\u00f2n s\u00e1ng b\u00f3ng v\u1edbi ch\u1eef \u201cMK\u201d \u0111\u1eb7c tr\u01b0ng c\u1ee7a th\u01b0\u01a1ng hi\u1ec7u Michael Kors, kh\u1eb3ng \u0111\u1ecbnh phong c\u00e1ch th\u1eddi trang \u0111\u1eb3ng c\u1ea5p v\u00e0 tinh t\u1ebf.<\/p>\n<p>Ti\u1ec7n \u00edch v\u00e0 c\u00f4ng n\u0103ng s\u1eed d\u1ee5ng<br \/>\n\u2022 V\u00ed c\u00f3 nhi\u1ec1u ng\u0103n gi\u00fap b\u1ea1n d\u1ec5 d\u00e0ng s\u1eafp x\u1ebfp ti\u1ec1n m\u1eb7t, th\u1ebb t\u00edn d\u1ee5ng, gi\u1ea5y t\u1edd t\u00f9y th\u00e2n m\u1ed9t c\u00e1ch g\u1ecdn g\u00e0ng.<br \/>\n\u2022 Kh\u00f3a b\u1ea5m ch\u1eafc ch\u1eafn, \u0111\u1ea3m b\u1ea3o an to\u00e0n cho c\u00e1c v\u1eadt d\u1ee5ng b\u00ean trong.<br \/>\n\u2022 K\u00edch th\u01b0\u1edbc v\u1eeba ph\u1ea3i, ph\u00f9 h\u1ee3p s\u1eed d\u1ee5ng h\u1eb1ng ng\u00e0y ho\u1eb7c trong c\u00e1c d\u1ecbp \u0111\u1eb7c bi\u1ec7t.<br \/>\nTh\u00f4ng tin s\u1ea3n ph\u1ea9m:<br \/>\n\u2022 Th\u01b0\u01a1ng hi\u1ec7u: Michael Kors<br \/>\n\u2022 Ch\u1ea5t li\u1ec7u: Da s\u1ea7n cao c\u1ea5p<br \/>\n\u2022 M\u00e0u s\u1eafc: H\u1ed3ng \u0111\u1eadm<br \/>\n\u2022 Ki\u1ec3u kh\u00f3a: Kh\u00f3a b\u1ea5m ch\u1eafc ch\u1eafn<br \/>\n\u2022 S\u1eed d\u1ee5ng: C\u1ea7m tay ho\u1eb7c \u0111\u1ec3 trong t\u00fai x\u00e1ch<\/p>\n","protected":false},"excerpt":{"rendered":"<p>Chi\u1ebfc v\u00ed trong \u1ea3nh l\u00e0 m\u1ed9t chi\u1ebfc v\u00ed c\u1ea7m tay m\u00e0u h\u1ed3ng \u0111\u1eadm, l\u00e0m t\u1eeb ch\u1ea5t li\u1ec7u da s\u1ea7n. N\u00f3 c\u00f3 thi\u1ebft k\u1ebf h\u00ecnh ch\u1eef nh\u1eadt v\u1edbi m\u1ed9t logo kim lo\u1ea1i h\u00ecnh tr\u00f2n \u1edf m\u1eb7t tr\u01b0\u1edbc, mang ch\u1eef \u201cMK\u201d, bi\u1ec3u t\u01b0\u1ee3ng c\u1ee7a th\u01b0\u01a1ng hi\u1ec7u Michael Kors. Chi\u1ebfc v\u00ed \u0111\u01b0\u1ee3c c\u1ea7m tr\u00ean tay v\u1edbi g\u0103ng tay \u0111en, t\u1ea1o n\u00ean s\u1ef1 t\u01b0\u01a1ng ph\u1ea3n n\u1ed5i b\u1eadt v\u1edbi n\u1ec1n v\u1ea3i tr\u1eafng.<\/p>\n","protected":false},"featured_media":5467,"comment_status":"open","ping_status":"closed","template":"","meta":{"inline_featured_image":false},"product_brand":[],"product_cat":[48],"product_tag":[],"class_list":{"0":"post-5471","1":"product","2":"type-product","3":"status-publish","4":"has-post-thumbnail","6":"product_cat-vi","8":"first","9":"instock","10":"shipping-taxable","11":"purchasable","12":"product-type-simple"},"acf":[],"_links":{"self":[{"href":"https:\/\/tynivintage.com\/vi\/wp-json\/wp\/v2\/product\/5471","targetHints":{"allow":["GET"]}}],"collection":[{"href":"https:\/\/tynivintage.com\/vi\/wp-json\/wp\/v2\/product"}],"about":[{"href":"https:\/\/tynivintage.com\/vi\/wp-json\/wp\/v2\/types\/product"}],"replies":[{"embeddable":true,"href":"https:\/\/tynivintage.com\/vi\/wp-json\/wp\/v2\/comments?post=5471"}],"wp:featuredmedia":[{"embeddable":true,"href":"https:\/\/tynivintage.com\/vi\/wp-json\/wp\/v2\/media\/5467"}],"wp:attachment":[{"href":"https:\/\/tynivintage.com\/vi\/wp-json\/wp\/v2\/media?parent=5471"}],"wp:term":[{"taxonomy":"product_brand","embeddable":true,"href":"https:\/\/tynivintage.com\/vi\/wp-json\/wp\/v2\/product_brand?post=5471"},{"taxonomy":"product_cat","embeddable":true,"href":"https:\/\/tynivintage.com\/vi\/wp-json\/wp\/v2\/product_cat?post=5471"},{"taxonomy":"product_tag","embeddable":true,"href":"https:\/\/tynivintage.com\/vi\/wp-json\/wp\/v2\/product_tag?post=5471"}],"curies":[{"name":"wp","href":"https:\/\/api.w.org\/{rel}","templated":true}]}}