{"id":5446,"date":"2025-03-28T23:00:32","date_gmt":"2025-03-28T16:03:19","guid":{"rendered":"https:\/\/tynivintage.com\/?post_type=product&#038;p=5446"},"modified":"2025-03-28T23:03:19","modified_gmt":"2025-03-28T16:03:19","slug":"tui-xach-furla-baguette-da-den-co-quai-xach","status":"publish","type":"product","link":"https:\/\/tynivintage.com\/vi\/san-pham\/tui-xach-furla-baguette-da-den-co-quai-xach\/","title":{"rendered":"T\u00fai x\u00e1ch Furla Baguette da \u0111en c\u00f3 quai x\u00e1ch"},"content":{"rendered":"<p>Chi\u1ebfc t\u00fai trong \u1ea3nh l\u00e0 m\u1ed9t chi\u1ebfc t\u00fai x\u00e1ch nh\u1ecf m\u00e0u \u0111en l\u00e0m t\u1eeb da s\u1ea7n, mang phong c\u00e1ch \u0111\u01a1n gi\u1ea3n nh\u01b0ng c\u00e1 t\u00ednh. D\u01b0\u1edbi \u0111\u00e2y l\u00e0 c\u00e1c chi ti\u1ebft c\u1ee5 th\u1ec3 c\u1ee7a chi\u1ebfc t\u00fai:<\/p>\n<p>1. Ch\u1ea5t li\u1ec7u v\u00e0 m\u00e0u s\u1eafc:<br \/>\n\u2022 T\u00fai \u0111\u01b0\u1ee3c l\u00e0m t\u1eeb da s\u1ea7n m\u00e0u \u0111en, t\u1ea1o v\u1ebb ngo\u00e0i m\u1ea1nh m\u1ebd, sang tr\u1ecdng v\u00e0 c\u00f3 \u0111\u1ed9 b\u1ec1n cao.<br \/>\n\u2022 B\u1ec1 m\u1eb7t da c\u00f3 k\u1ebft c\u1ea5u t\u1ef1 nhi\u00ean, gi\u00fap h\u1ea1n ch\u1ebf tr\u1ea7y x\u01b0\u1edbc v\u00e0 gi\u1eef \u0111\u01b0\u1ee3c v\u1ebb \u0111\u1eb9p l\u00e2u d\u00e0i.<\/p>\n<p>2. Ki\u1ec3u d\u00e1ng v\u00e0 k\u00edch th\u01b0\u1edbc:<br \/>\n\u2022 T\u00fai c\u00f3 h\u00ecnh d\u00e1ng nh\u1ecf g\u1ecdn, vu\u00f4ng v\u1eafn v\u1edbi ph\u1ea7n \u0111\u00e1y r\u1ed9ng, gi\u00fap t\u00fai c\u00f3 th\u1ec3 \u0111\u1ee9ng v\u1eefng khi \u0111\u1eb7t xu\u1ed1ng.<br \/>\n\u2022 K\u00edch th\u01b0\u1edbc ph\u00f9 h\u1ee3p \u0111\u1ec3 \u0111\u1ef1ng c\u00e1c v\u1eadt d\u1ee5ng thi\u1ebft y\u1ebfu nh\u01b0 \u0111i\u1ec7n tho\u1ea1i, v\u00ed ti\u1ec1n, ch\u00eca kh\u00f3a v\u00e0 m\u1ef9 ph\u1ea9m nh\u1ecf.<\/p>\n<p>3. Quai x\u00e1ch:<br \/>\n\u2022 T\u00fai c\u00f3 m\u1ed9t quai x\u00e1ch ng\u1eafn, l\u00e0m t\u1eeb ch\u1ea5t li\u1ec7u da t\u01b0\u01a1ng t\u1ef1 th\u00e2n t\u00fai, ch\u1eafc ch\u1eafn v\u00e0 d\u00e0y d\u1eb7n.<br \/>\n\u2022 Quai t\u00fai \u0111\u01b0\u1ee3c g\u1eafn v\u00e0o th\u00e2n b\u1eb1ng hai khoen kim lo\u1ea1i tr\u00f2n m\u00e0u b\u1ea1c, t\u1ea1o \u0111i\u1ec3m nh\u1ea5n hi\u1ec7n \u0111\u1ea1i v\u00e0 c\u00e1 t\u00ednh.<\/p>\n<p>4. \u0110\u01b0\u1eddng may v\u00e0 chi ti\u1ebft thi\u1ebft k\u1ebf:<br \/>\n\u2022 \u0110i\u1ec3m \u0111\u1eb7c bi\u1ec7t c\u1ee7a chi\u1ebfc t\u00fai l\u00e0 \u0111\u01b0\u1eddng may n\u1ed5i ch\u1ea1y d\u1ecdc theo ch\u00ednh gi\u1eefa m\u1eb7t tr\u01b0\u1edbc, t\u1ea1o hi\u1ec7u \u1ee9ng \u0111\u1ed1i x\u1ee9ng v\u00e0 th\u00eam ph\u1ea7n \u0111\u1ed9c \u0111\u00e1o.<br \/>\n\u2022 C\u00e1c g\u00f3c t\u00fai h\u01a1i bo tr\u00f2n, gi\u00fap t\u1ed5ng th\u1ec3 tr\u1edf n\u00ean m\u1ec1m m\u1ea1i v\u00e0 d\u1ec5 s\u1eed d\u1ee5ng.<\/p>\n","protected":false},"excerpt":{"rendered":"<p>Chi\u1ebfc t\u00fai trong \u1ea3nh l\u00e0 m\u1ed9t t\u00fai x\u00e1ch nh\u1ecf m\u00e0u \u0111en l\u00e0m t\u1eeb da s\u1ea7n, c\u00f3 thi\u1ebft k\u1ebf \u0111\u01a1n gi\u1ea3n v\u00e0 c\u00e1 t\u00ednh. T\u00fai c\u00f3 m\u1ed9t quai x\u00e1ch ng\u1eafn, \u0111\u01b0\u1ee3c c\u1ed1 \u0111\u1ecbnh b\u1eb1ng hai khoen kim lo\u1ea1i tr\u00f2n m\u00e0u b\u1ea1c. \u0110\u01b0\u1eddng may n\u1ed5i \u1edf gi\u1eefa t\u1ea1o \u0111i\u1ec3m nh\u1ea5n cho t\u1ed5ng th\u1ec3. B\u1ed1i c\u1ea3nh ch\u1ee5p v\u1edbi n\u1ec1n \u0111\u1ecf v\u00e0 hoa h\u1ed3ng mang l\u1ea1i c\u1ea3m gi\u00e1c sang tr\u1ecdng, c\u1ed5 \u0111i\u1ec3n.<\/p>\n","protected":false},"featured_media":5429,"comment_status":"open","ping_status":"closed","template":"","meta":{"inline_featured_image":false},"product_brand":[],"product_cat":[36],"product_tag":[],"class_list":{"0":"post-5446","1":"product","2":"type-product","3":"status-publish","4":"has-post-thumbnail","6":"product_cat-tui-xach","8":"first","9":"instock","10":"shipping-taxable","11":"purchasable","12":"product-type-simple"},"acf":[],"_links":{"self":[{"href":"https:\/\/tynivintage.com\/vi\/wp-json\/wp\/v2\/product\/5446","targetHints":{"allow":["GET"]}}],"collection":[{"href":"https:\/\/tynivintage.com\/vi\/wp-json\/wp\/v2\/product"}],"about":[{"href":"https:\/\/tynivintage.com\/vi\/wp-json\/wp\/v2\/types\/product"}],"replies":[{"embeddable":true,"href":"https:\/\/tynivintage.com\/vi\/wp-json\/wp\/v2\/comments?post=5446"}],"wp:featuredmedia":[{"embeddable":true,"href":"https:\/\/tynivintage.com\/vi\/wp-json\/wp\/v2\/media\/5429"}],"wp:attachment":[{"href":"https:\/\/tynivintage.com\/vi\/wp-json\/wp\/v2\/media?parent=5446"}],"wp:term":[{"taxonomy":"product_brand","embeddable":true,"href":"https:\/\/tynivintage.com\/vi\/wp-json\/wp\/v2\/product_brand?post=5446"},{"taxonomy":"product_cat","embeddable":true,"href":"https:\/\/tynivintage.com\/vi\/wp-json\/wp\/v2\/product_cat?post=5446"},{"taxonomy":"product_tag","embeddable":true,"href":"https:\/\/tynivintage.com\/vi\/wp-json\/wp\/v2\/product_tag?post=5446"}],"curies":[{"name":"wp","href":"https:\/\/api.w.org\/{rel}","templated":true}]}}