{"id":5426,"date":"2025-03-28T22:53:16","date_gmt":"2025-03-28T15:55:25","guid":{"rendered":"https:\/\/tynivintage.com\/?post_type=product&#038;p=5426"},"modified":"2025-03-28T23:06:39","modified_gmt":"2025-03-28T16:06:39","slug":"tui-xach-deo-vai-co-trung-coach-legacy","status":"publish","type":"product","link":"https:\/\/tynivintage.com\/vi\/san-pham\/tui-xach-deo-vai-co-trung-coach-legacy\/","title":{"rendered":"T\u00fai x\u00e1ch \u0111eo vai c\u1ee1 trung COACH LEGACY"},"content":{"rendered":"<p>Chi\u1ebfc t\u00fai trong \u1ea3nh l\u00e0 m\u1ed9t chi\u1ebfc t\u00fai x\u00e1ch m\u00e0u n\u00e2u l\u00e0m t\u1eeb ch\u1ea5t li\u1ec7u da m\u1ec1m, c\u00f3 thi\u1ebft k\u1ebf thanh l\u1ecbch v\u00e0 th\u1ef1c d\u1ee5ng. D\u01b0\u1edbi \u0111\u00e2y l\u00e0 c\u00e1c chi ti\u1ebft c\u1ee5 th\u1ec3 c\u1ee7a chi\u1ebfc t\u00fai:<\/p>\n<p>1. Ch\u1ea5t li\u1ec7u v\u00e0 m\u00e0u s\u1eafc:<br \/>\n\u2022 T\u00fai \u0111\u01b0\u1ee3c l\u00e0m t\u1eeb da m\u00e0u n\u00e2u tr\u01a1n, c\u00f3 \u0111\u1ed9 b\u00f3ng nh\u1eb9, mang \u0111\u1ebfn v\u1ebb sang tr\u1ecdng v\u00e0 b\u1ec1n b\u1ec9.<br \/>\n\u2022 B\u1ec1 m\u1eb7t t\u00fai kh\u00f4ng c\u00f3 h\u1ecda ti\u1ebft hay hoa v\u0103n c\u1ea7u k\u1ef3, t\u1ea1o phong c\u00e1ch t\u1ed1i gi\u1ea3n nh\u01b0ng tinh t\u1ebf.<\/p>\n<p>2. Ki\u1ec3u d\u00e1ng v\u00e0 k\u00edch th\u01b0\u1edbc:<br \/>\n\u2022 T\u00fai c\u00f3 h\u00ecnh d\u1ea1ng ch\u1eef nh\u1eadt v\u1edbi ph\u1ea7n \u0111\u00e1y h\u01a1i r\u1ed9ng, gi\u00fap t\u00fai \u0111\u1ee9ng v\u1eefng khi \u0111\u1eb7t xu\u1ed1ng.<br \/>\n\u2022 K\u00edch th\u01b0\u1edbc t\u00fai c\u00f3 v\u1ebb kh\u00e1 l\u1edbn, ph\u00f9 h\u1ee3p \u0111\u1ec3 mang theo nhi\u1ec1u v\u1eadt d\u1ee5ng h\u00e0ng ng\u00e0y.<\/p>\n<p>3. Quai x\u00e1ch:<br \/>\n\u2022 T\u00fai c\u00f3 hai quai d\u00e0i l\u00e0m t\u1eeb da c\u00f9ng m\u00e0u, \u0111\u01b0\u1ee3c may ch\u1eafc ch\u1eafn v\u00e0 c\u00f3 th\u1ec3 \u0111eo l\u00ean vai.<br \/>\n\u2022 M\u1ed7i quai \u0111\u01b0\u1ee3c c\u1ed1 \u0111\u1ecbnh v\u00e0o th\u00e2n t\u00fai b\u1eb1ng hai mi\u1ebfng da h\u00ecnh ch\u1eef nh\u1eadt, c\u00f3 \u0111\u01b0\u1eddng ch\u1ec9 may ch\u1eafc ch\u1eafn.<br \/>\n\u2022 C\u00e1c khoen kim lo\u1ea1i m\u00e0u v\u00e0ng \u0111\u1ed3ng gi\u00fap t\u0103ng th\u00eam \u0111i\u1ec3m nh\u1ea5n sang tr\u1ecdng.<\/p>\n<p>4. Chi ti\u1ebft trang tr\u00ed:<br \/>\n\u2022 M\u1eb7t tr\u01b0\u1edbc t\u00fai c\u00f3 m\u1ed9t ng\u0103n nh\u1ecf n\u1eb1m ngang, c\u00f3 th\u1ec3 d\u00f9ng \u0111\u1ec3 \u0111\u1ef1ng nh\u1eefng v\u1eadt d\u1ee5ng nh\u1ecf nh\u01b0 th\u1ebb ho\u1eb7c \u0111i\u1ec7n tho\u1ea1i.<br \/>\n\u2022 M\u1ed9t chi\u1ebfc th\u1ebb tag da m\u00e0u n\u00e2u c\u00f3 ch\u1eef \u201cCoach\u201d \u0111\u01b0\u1ee3c g\u1eafn v\u00e0o quai t\u00fai b\u1eb1ng m\u1ed9t d\u00e2y x\u00edch kim lo\u1ea1i m\u00e0u v\u00e0ng \u0111\u1ed3ng, l\u00e0m n\u1ed5i b\u1eadt th\u01b0\u01a1ng hi\u1ec7u c\u1ee7a s\u1ea3n ph\u1ea9m.<\/p>\n","protected":false},"excerpt":{"rendered":"<p>Chi\u1ebfc t\u00fai trong \u1ea3nh l\u00e0 m\u1ed9t t\u00fai x\u00e1ch m\u00e0u n\u00e2u b\u1eb1ng da v\u1edbi thi\u1ebft k\u1ebf \u0111\u01a1n gi\u1ea3n nh\u01b0ng thanh l\u1ecbch. T\u00fai c\u00f3 hai quai d\u00e0i v\u1edbi c\u00e1c chi ti\u1ebft kim lo\u1ea1i m\u00e0u v\u00e0ng \u0111\u1ed3ng. Ph\u00eda tr\u01b0\u1edbc c\u00f3 m\u1ed9t ng\u0103n nh\u1ecf v\u00e0 m\u1ed9t th\u1ebb tag da c\u00f3 ch\u1eef \u201cCoach\u201d \u0111\u01b0\u1ee3c g\u1eafn v\u00e0o b\u1eb1ng d\u00e2y x\u00edch. B\u1ed1i c\u1ea3nh c\u1ee7a \u1ea3nh c\u00f3 n\u1ec1n \u0111\u1ecf v\u1edbi hoa h\u1ed3ng trang tr\u00ed, t\u1ea1o c\u1ea3m gi\u00e1c sang tr\u1ecdng v\u00e0 c\u1ed5 \u0111i\u1ec3n.<\/p>\n","protected":false},"featured_media":5413,"comment_status":"open","ping_status":"closed","template":"","meta":{"inline_featured_image":false},"product_brand":[],"product_cat":[36],"product_tag":[],"class_list":{"0":"post-5426","1":"product","2":"type-product","3":"status-publish","4":"has-post-thumbnail","6":"product_cat-tui-xach","8":"first","9":"outofstock","10":"shipping-taxable","11":"purchasable","12":"product-type-simple"},"acf":[],"_links":{"self":[{"href":"https:\/\/tynivintage.com\/vi\/wp-json\/wp\/v2\/product\/5426","targetHints":{"allow":["GET"]}}],"collection":[{"href":"https:\/\/tynivintage.com\/vi\/wp-json\/wp\/v2\/product"}],"about":[{"href":"https:\/\/tynivintage.com\/vi\/wp-json\/wp\/v2\/types\/product"}],"replies":[{"embeddable":true,"href":"https:\/\/tynivintage.com\/vi\/wp-json\/wp\/v2\/comments?post=5426"}],"wp:featuredmedia":[{"embeddable":true,"href":"https:\/\/tynivintage.com\/vi\/wp-json\/wp\/v2\/media\/5413"}],"wp:attachment":[{"href":"https:\/\/tynivintage.com\/vi\/wp-json\/wp\/v2\/media?parent=5426"}],"wp:term":[{"taxonomy":"product_brand","embeddable":true,"href":"https:\/\/tynivintage.com\/vi\/wp-json\/wp\/v2\/product_brand?post=5426"},{"taxonomy":"product_cat","embeddable":true,"href":"https:\/\/tynivintage.com\/vi\/wp-json\/wp\/v2\/product_cat?post=5426"},{"taxonomy":"product_tag","embeddable":true,"href":"https:\/\/tynivintage.com\/vi\/wp-json\/wp\/v2\/product_tag?post=5426"}],"curies":[{"name":"wp","href":"https:\/\/api.w.org\/{rel}","templated":true}]}}