{"id":5362,"date":"2025-03-24T22:19:05","date_gmt":"2025-03-25T14:27:05","guid":{"rendered":"https:\/\/tynivintage.com\/?post_type=product&#038;p=5362"},"modified":"2025-03-25T21:27:05","modified_gmt":"2025-03-25T14:27:05","slug":"tui-deo-vai-samantha-tabasa","status":"publish","type":"product","link":"https:\/\/tynivintage.com\/vi\/san-pham\/tui-deo-vai-samantha-tabasa\/","title":{"rendered":"T\u00fai \u0111eo vai Samantha Tabasa"},"content":{"rendered":"<p>Chi\u1ebfc t\u00fai c\u00f3 phong c\u00e1ch vintage pha l\u1eabn c\u00e1 t\u00ednh v\u1edbi h\u1ecda ti\u1ebft k\u1ebb caro \u0111en tr\u1eafng l\u00e0m n\u1ec1n. Ch\u1ea5t li\u1ec7u v\u1ea3i d\u1ec7t mang l\u1ea1i c\u1ea3m gi\u00e1c m\u1ec1m m\u1ea1i nh\u01b0ng v\u1eabn gi\u1eef \u0111\u01b0\u1ee3c phom d\u00e1ng ch\u1eafc ch\u1eafn.<\/p>\n<p>Tay c\u1ea7m \u0111\u01b0\u1ee3c l\u00e0m t\u1eeb da b\u00f3ng m\u00e0u \u0111en, n\u1ed5i b\u1eadt v\u1edbi h\u00e0ng \u0111inh t\u00e1n kim lo\u1ea1i tr\u00f2n ch\u1ea1y d\u1ecdc, t\u1ea1o v\u1ebb ngo\u00e0i m\u1ea1nh m\u1ebd v\u00e0 \u0111\u1ed9c \u0111\u00e1o. M\u1eb7t tr\u01b0\u1edbc c\u1ee7a t\u00fai c\u00f3 hai d\u1ea3i kh\u00f3a k\u00e9o song song, m\u1ed7i b\u00ean \u0111\u01b0\u1ee3c trang tr\u00ed th\u00eam c\u00e1c chi ti\u1ebft kim lo\u1ea1i nh\u01b0 n\u00fat tr\u00f2n \u00e1nh b\u1ea1c, t\u0103ng th\u00eam v\u1ebb c\u00e1 t\u00ednh v\u00e0 ph\u00e1 c\u00e1ch.<\/p>\n<p>\u0110i\u1ec3m nh\u1ea5n \u0111\u1eb7c bi\u1ec7t c\u1ee7a chi\u1ebfc t\u00fai l\u00e0 hai chi\u1ebfc n\u01a1 v\u1ea3i m\u00e0u x\u00e1m nh\u1ea1t, \u0111\u01b0\u1ee3c \u0111\u00ednh \u0111\u00e1 l\u1ea5p l\u00e1nh \u1edf b\u1ed1n g\u00f3c, t\u1ea1o s\u1ef1 c\u00e2n b\u1eb1ng gi\u1eefa s\u1ef1 n\u1eef t\u00ednh v\u00e0 c\u00e1 t\u00ednh. D\u00e2y \u0111eo ch\u00e9o k\u1ebft h\u1ee3p gi\u1eefa da b\u00f3ng v\u00e0 m\u1eaft x\u00edch kim lo\u1ea1i to b\u1ea3n, gi\u00fap chi\u1ebfc t\u00fai c\u00f3 th\u1ec3 \u0111eo linh ho\u1ea1t theo nhi\u1ec1u phong c\u00e1ch kh\u00e1c nhau.<\/p>\n<p>Nh\u00ecn t\u1ed5ng th\u1ec3, chi\u1ebfc t\u00fai mang phong c\u00e1ch pha tr\u1ed9n gi\u1eefa c\u1ed5 \u0111i\u1ec3n v\u00e0 hi\u1ec7n \u0111\u1ea1i, ph\u00f9 h\u1ee3p v\u1edbi nh\u1eefng ai y\u00eau th\u00edch th\u1eddi trang vintage nh\u01b0ng v\u1eabn mu\u1ed1n c\u00f3 n\u00e9t c\u00e1 t\u00ednh, \u0111\u1ed9c \u0111\u00e1o.<\/p>\n<p>Size: 30x20cm<\/p>\n","protected":false},"excerpt":{"rendered":"<p>Chi\u1ebfc t\u00fai c\u00f3 thi\u1ebft k\u1ebf vintage v\u1edbi h\u1ecda ti\u1ebft k\u1ebb caro \u0111en tr\u1eafng, tay c\u1ea7m b\u1eb1ng da b\u00f3ng trang tr\u00ed \u0111inh t\u00e1n kim lo\u1ea1i, hai d\u1ea3i kh\u00f3a k\u00e9o d\u1ecdc m\u1eb7t tr\u01b0\u1edbc v\u00e0 hai chi\u1ebfc n\u01a1 v\u1ea3i \u0111\u00ednh \u0111\u00e1. D\u00e2y \u0111eo da k\u1ebft h\u1ee3p m\u1eaft x\u00edch kim lo\u1ea1i t\u1ea1o \u0111i\u1ec3m nh\u1ea5n c\u00e1 t\u00ednh.<\/p>\n","protected":false},"featured_media":5303,"comment_status":"open","ping_status":"closed","template":"","meta":{"inline_featured_image":false},"product_brand":[],"product_cat":[36],"product_tag":[],"class_list":{"0":"post-5362","1":"product","2":"type-product","3":"status-publish","4":"has-post-thumbnail","6":"product_cat-tui-xach","8":"first","9":"outofstock","10":"shipping-taxable","11":"purchasable","12":"product-type-simple"},"acf":[],"_links":{"self":[{"href":"https:\/\/tynivintage.com\/vi\/wp-json\/wp\/v2\/product\/5362","targetHints":{"allow":["GET"]}}],"collection":[{"href":"https:\/\/tynivintage.com\/vi\/wp-json\/wp\/v2\/product"}],"about":[{"href":"https:\/\/tynivintage.com\/vi\/wp-json\/wp\/v2\/types\/product"}],"replies":[{"embeddable":true,"href":"https:\/\/tynivintage.com\/vi\/wp-json\/wp\/v2\/comments?post=5362"}],"wp:featuredmedia":[{"embeddable":true,"href":"https:\/\/tynivintage.com\/vi\/wp-json\/wp\/v2\/media\/5303"}],"wp:attachment":[{"href":"https:\/\/tynivintage.com\/vi\/wp-json\/wp\/v2\/media?parent=5362"}],"wp:term":[{"taxonomy":"product_brand","embeddable":true,"href":"https:\/\/tynivintage.com\/vi\/wp-json\/wp\/v2\/product_brand?post=5362"},{"taxonomy":"product_cat","embeddable":true,"href":"https:\/\/tynivintage.com\/vi\/wp-json\/wp\/v2\/product_cat?post=5362"},{"taxonomy":"product_tag","embeddable":true,"href":"https:\/\/tynivintage.com\/vi\/wp-json\/wp\/v2\/product_tag?post=5362"}],"curies":[{"name":"wp","href":"https:\/\/api.w.org\/{rel}","templated":true}]}}