{"id":5360,"date":"2025-03-24T22:05:28","date_gmt":"2025-03-25T14:23:38","guid":{"rendered":"https:\/\/tynivintage.com\/?post_type=product&#038;p=5360"},"modified":"2025-03-25T21:23:39","modified_gmt":"2025-03-25T14:23:39","slug":"tui-boss-noir-deo-cheo","status":"publish","type":"product","link":"https:\/\/tynivintage.com\/vi\/san-pham\/tui-boss-noir-deo-cheo\/","title":{"rendered":"T\u00fai BOSS Noir \u0110eo ch\u00e9o"},"content":{"rendered":"<p>Chi\u1ebfc t\u00fai \u0111eo ch\u00e9o t\u1eeb th\u01b0\u01a1ng hi\u1ec7u BOSS mang phong c\u00e1ch t\u1ed1i gi\u1ea3n nh\u01b0ng kh\u00f4ng k\u00e9m ph\u1ea7n sang tr\u1ecdng, ph\u00f9 h\u1ee3p cho c\u1ea3 nh\u1eefng d\u1ecbp th\u01b0\u1eddng ng\u00e0y v\u00e0 c\u00f4ng vi\u1ec7c. V\u1edbi thi\u1ebft k\u1ebf g\u1ecdn nh\u1eb9, chi\u1ebfc t\u00fai n\u00e0y d\u1ec5 d\u00e0ng k\u1ebft h\u1ee3p v\u1edbi nhi\u1ec1u phong c\u00e1ch kh\u00e1c nhau, t\u1eeb thanh l\u1ecbch \u0111\u1ebfn n\u0103ng \u0111\u1ed9ng.<br \/>\n\u2022 Ch\u1ea5t li\u1ec7u: V\u1ea3i cao c\u1ea5p k\u1ebft h\u1ee3p v\u1edbi chi ti\u1ebft da, mang l\u1ea1i \u0111\u1ed9 b\u1ec1n v\u00e0 c\u1ea3m gi\u00e1c m\u1ec1m m\u1ea1i khi s\u1eed d\u1ee5ng.<br \/>\n\u2022 M\u00e0u s\u1eafc: \u0110en ch\u1ee7 \u0111\u1ea1o, d\u1ec5 d\u00e0ng ph\u1ed1i h\u1ee3p v\u1edbi nhi\u1ec1u trang ph\u1ee5c.<br \/>\n\u2022 Thi\u1ebft k\u1ebf: M\u1eb7t tr\u01b0\u1edbc c\u00f3 \u0111i\u1ec3m nh\u1ea5n l\u00e0 d\u00e2y da c\u00e0i ngang, \u0111\u00ednh k\u00e8m logo \u201cBOSS\u201d tinh t\u1ebf. Ki\u1ec3u d\u00e1ng t\u00fai h\u00ecnh ch\u1eef nh\u1eadt bo tr\u00f2n g\u00f3c gi\u00fap t\u1ea1o v\u1ebb hi\u1ec7n \u0111\u1ea1i v\u00e0 thanh l\u1ecbch.<br \/>\n\u2022 D\u00e2y \u0111eo: B\u1ea3n to, ph\u1ed1i m\u00e0u be, \u0111en v\u00e0 tr\u1eafng, t\u1ea1o s\u1ef1 tho\u1ea3i m\u00e1i khi \u0111eo trong th\u1eddi gian d\u00e0i. D\u00e2y c\u00f3 th\u1ec3 \u0111i\u1ec1u ch\u1ec9nh \u0111\u1ed9 d\u00e0i linh ho\u1ea1t, ph\u00f9 h\u1ee3p v\u1edbi nhi\u1ec1u d\u00e1ng ng\u01b0\u1eddi.<br \/>\n\u2022 Ng\u0103n ch\u1ee9a: T\u00fai c\u00f3 ng\u0103n ch\u00ednh r\u1ed9ng r\u00e3i, \u0111\u1ee7 s\u1ee9c ch\u1ee9a c\u00e1c v\u1eadt d\u1ee5ng thi\u1ebft y\u1ebfu nh\u01b0 \u0111i\u1ec7n tho\u1ea1i, v\u00ed ti\u1ec1n, ch\u00eca kh\u00f3a v\u00e0 m\u1ef9 ph\u1ea9m nh\u1ecf. Kh\u00f3a k\u00e9o ch\u1eafc ch\u1eafn gi\u00fap b\u1ea3o v\u1ec7 \u0111\u1ed3 d\u00f9ng an to\u00e0n.<\/p>\n<p>Size: 25x15cm<\/p>\n","protected":false},"excerpt":{"rendered":"<p>Chi\u1ebfc t\u00fai c\u00f3 thi\u1ebft k\u1ebf t\u1ed1i gi\u1ea3n v\u00e0 thanh l\u1ecbch v\u1edbi t\u00f4ng m\u00e0u \u0111en ch\u1ee7 \u0111\u1ea1o. Ch\u1ea5t li\u1ec7u v\u1ea3i cao c\u1ea5p k\u1ebft h\u1ee3p v\u1edbi chi ti\u1ebft da t\u1ea1o \u0111i\u1ec3m nh\u1ea5n, logo \u201cBOSS\u201d nh\u1ecf g\u1ecdn \u1edf m\u1eb7t tr\u01b0\u1edbc. D\u00e2y \u0111eo ch\u00e9o b\u1ea3n to c\u00f3 m\u00e0u be, \u0111en v\u00e0 tr\u1eafng gi\u00fap c\u00e2n b\u1eb1ng gi\u1eefa phong c\u00e1ch th\u1ec3 thao v\u00e0 sang tr\u1ecdng.<\/p>\n","protected":false},"featured_media":5281,"comment_status":"open","ping_status":"closed","template":"","meta":{"inline_featured_image":false},"product_brand":[],"product_cat":[36],"product_tag":[],"class_list":{"0":"post-5360","1":"product","2":"type-product","3":"status-publish","4":"has-post-thumbnail","6":"product_cat-tui-xach","8":"first","9":"instock","10":"shipping-taxable","11":"purchasable","12":"product-type-simple"},"acf":[],"_links":{"self":[{"href":"https:\/\/tynivintage.com\/vi\/wp-json\/wp\/v2\/product\/5360","targetHints":{"allow":["GET"]}}],"collection":[{"href":"https:\/\/tynivintage.com\/vi\/wp-json\/wp\/v2\/product"}],"about":[{"href":"https:\/\/tynivintage.com\/vi\/wp-json\/wp\/v2\/types\/product"}],"replies":[{"embeddable":true,"href":"https:\/\/tynivintage.com\/vi\/wp-json\/wp\/v2\/comments?post=5360"}],"wp:featuredmedia":[{"embeddable":true,"href":"https:\/\/tynivintage.com\/vi\/wp-json\/wp\/v2\/media\/5281"}],"wp:attachment":[{"href":"https:\/\/tynivintage.com\/vi\/wp-json\/wp\/v2\/media?parent=5360"}],"wp:term":[{"taxonomy":"product_brand","embeddable":true,"href":"https:\/\/tynivintage.com\/vi\/wp-json\/wp\/v2\/product_brand?post=5360"},{"taxonomy":"product_cat","embeddable":true,"href":"https:\/\/tynivintage.com\/vi\/wp-json\/wp\/v2\/product_cat?post=5360"},{"taxonomy":"product_tag","embeddable":true,"href":"https:\/\/tynivintage.com\/vi\/wp-json\/wp\/v2\/product_tag?post=5360"}],"curies":[{"name":"wp","href":"https:\/\/api.w.org\/{rel}","templated":true}]}}