{"id":5358,"date":"2025-03-24T21:59:24","date_gmt":"2025-03-25T14:10:10","guid":{"rendered":"https:\/\/tynivintage.com\/?post_type=product&#038;p=5358"},"modified":"2025-03-25T21:10:11","modified_gmt":"2025-03-25T14:10:11","slug":"tui-coach-optic-signature","status":"publish","type":"product","link":"https:\/\/tynivintage.com\/vi\/san-pham\/tui-coach-optic-signature\/","title":{"rendered":"T\u00fai Coach Optic Signature"},"content":{"rendered":"<p>&nbsp;<\/p>\n<p>Chi\u1ebfc t\u00fai tote cao c\u1ea5p mang phong c\u00e1ch tr\u1ebb trung v\u00e0 hi\u1ec7n \u0111\u1ea1i, ho\u00e0n h\u1ea3o cho nh\u1eefng ai y\u00eau th\u00edch s\u1ef1 n\u0103ng \u0111\u1ed9ng nh\u01b0ng v\u1eabn mu\u1ed1n gi\u1eef n\u00e9t sang tr\u1ecdng. V\u1edbi thi\u1ebft k\u1ebf r\u1ed9ng r\u00e3i, chi\u1ebfc t\u00fai n\u00e0y ph\u00f9 h\u1ee3p \u0111\u1ec3 s\u1eed d\u1ee5ng h\u1eb1ng ng\u00e0y, \u0111i l\u00e0m ho\u1eb7c du l\u1ecbch.<br \/>\n\u2022 Ch\u1ea5t li\u1ec7u: V\u1ea3i canvas cao c\u1ea5p, b\u1ec1n nh\u1eb9 v\u00e0 d\u1ec5 d\u00e0ng v\u1ec7 sinh.<br \/>\n\u2022 M\u00e0u s\u1eafc: N\u1ec1n s\u00e1ng v\u1edbi h\u1ecda ti\u1ebft logo \u0111a s\u1eafc m\u00e0u, k\u1ebft h\u1ee3p vi\u1ec1n v\u00e0 quai x\u00e1ch m\u00e0u xanh nh\u1ea1t t\u1ea1o \u0111i\u1ec3m nh\u1ea5n thanh l\u1ecbch.<br \/>\n\u2022 Thi\u1ebft k\u1ebf: Ki\u1ec3u d\u00e1ng tote r\u1ed9ng r\u00e3i, gi\u00fap b\u1ea1n d\u1ec5 d\u00e0ng \u0111\u1ef1ng c\u00e1c v\u1eadt d\u1ee5ng c\u1ea7n thi\u1ebft nh\u01b0 laptop, s\u00e1ch v\u1edf, \u0111\u1ed3 c\u00e1 nh\u00e2n. H\u1ecda ti\u1ebft logo \u0111\u1eb7c tr\u01b0ng mang \u0111\u1ebfn v\u1ebb ngo\u00e0i th\u1eddi trang v\u00e0 n\u1ed5i b\u1eadt.<br \/>\n\u2022 D\u00e2y \u0111eo: Quai x\u00e1ch \u0111\u00f4i ch\u1eafc ch\u1eafn, gi\u00fap c\u1ea7m n\u1eafm tho\u1ea3i m\u00e1i v\u00e0 thu\u1eadn ti\u1ec7n khi di chuy\u1ec3n.<br \/>\n\u2022 Ng\u0103n ch\u1ee9a: Ng\u0103n ch\u00ednh r\u1ed9ng r\u00e3i v\u1edbi kh\u00f3a k\u00e9o an to\u00e0n, \u0111i k\u00e8m m\u1ed9t chi\u1ebfc v\u00ed nh\u1ecf \u0111\u1ed3ng b\u1ed9 gi\u00fap b\u1ea1n d\u1ec5 d\u00e0ng c\u1ea5t gi\u1eef ti\u1ec1n m\u1eb7t, th\u1ebb ho\u1eb7c c\u00e1c v\u1eadt d\u1ee5ng nh\u1ecf<\/p>\n<p>Size: 35x24cm<\/p>\n","protected":false},"excerpt":{"rendered":"<p>Chi\u1ebfc t\u00fai c\u00f3 thi\u1ebft k\u1ebf t\u01b0\u01a1i tr\u1ebb v\u1edbi h\u1ecda ti\u1ebft logo nhi\u1ec1u m\u00e0u s\u1eafc tr\u00ean n\u1ec1n v\u1ea3i s\u00e1ng, k\u1ebft h\u1ee3p v\u1edbi vi\u1ec1n v\u00e0 quai \u0111eo m\u00e0u xanh nh\u1ea1t. Ki\u1ec3u d\u00e1ng tote r\u1ed9ng r\u00e3i, \u0111i k\u00e8m m\u1ed9t chi\u1ebfc v\u00ed c\u00f9ng h\u1ecda ti\u1ebft, t\u1ea1o s\u1ef1 \u0111\u1ed3ng b\u1ed9 v\u00e0 ti\u1ec7n l\u1ee3i khi s\u1eed d\u1ee5ng.<\/p>\n","protected":false},"featured_media":5270,"comment_status":"open","ping_status":"closed","template":"","meta":{"inline_featured_image":false},"product_brand":[],"product_cat":[36],"product_tag":[],"class_list":{"0":"post-5358","1":"product","2":"type-product","3":"status-publish","4":"has-post-thumbnail","6":"product_cat-tui-xach","8":"first","9":"outofstock","10":"shipping-taxable","11":"purchasable","12":"product-type-simple"},"acf":[],"_links":{"self":[{"href":"https:\/\/tynivintage.com\/vi\/wp-json\/wp\/v2\/product\/5358","targetHints":{"allow":["GET"]}}],"collection":[{"href":"https:\/\/tynivintage.com\/vi\/wp-json\/wp\/v2\/product"}],"about":[{"href":"https:\/\/tynivintage.com\/vi\/wp-json\/wp\/v2\/types\/product"}],"replies":[{"embeddable":true,"href":"https:\/\/tynivintage.com\/vi\/wp-json\/wp\/v2\/comments?post=5358"}],"wp:featuredmedia":[{"embeddable":true,"href":"https:\/\/tynivintage.com\/vi\/wp-json\/wp\/v2\/media\/5270"}],"wp:attachment":[{"href":"https:\/\/tynivintage.com\/vi\/wp-json\/wp\/v2\/media?parent=5358"}],"wp:term":[{"taxonomy":"product_brand","embeddable":true,"href":"https:\/\/tynivintage.com\/vi\/wp-json\/wp\/v2\/product_brand?post=5358"},{"taxonomy":"product_cat","embeddable":true,"href":"https:\/\/tynivintage.com\/vi\/wp-json\/wp\/v2\/product_cat?post=5358"},{"taxonomy":"product_tag","embeddable":true,"href":"https:\/\/tynivintage.com\/vi\/wp-json\/wp\/v2\/product_tag?post=5358"}],"curies":[{"name":"wp","href":"https:\/\/api.w.org\/{rel}","templated":true}]}}