{"id":5357,"date":"2025-03-24T21:40:12","date_gmt":"2025-03-25T14:06:03","guid":{"rendered":"https:\/\/tynivintage.com\/?post_type=product&#038;p=5357"},"modified":"2025-03-25T21:06:04","modified_gmt":"2025-03-25T14:06:04","slug":"tui-xach-tay-coach","status":"publish","type":"product","link":"https:\/\/tynivintage.com\/vi\/san-pham\/tui-xach-tay-coach\/","title":{"rendered":"T\u00fai X\u00e1ch Tay Coach"},"content":{"rendered":"<p>Chi\u1ebfc t\u00fai x\u00e1ch sang tr\u1ecdng v\u1edbi thi\u1ebft k\u1ebf c\u1ed5 \u0111i\u1ec3n v\u00e0 thanh l\u1ecbch, ph\u00f9 h\u1ee3p cho nh\u1eefng ai y\u00eau th\u00edch phong c\u00e1ch tinh t\u1ebf nh\u01b0ng v\u1eabn ti\u1ec7n d\u1ee5ng. V\u1edbi s\u1ef1 k\u1ebft h\u1ee3p gi\u1eefa ch\u1ea5t li\u1ec7u cao c\u1ea5p v\u00e0 gam m\u00e0u trung t\u00ednh, chi\u1ebfc t\u00fai n\u00e0y l\u00e0 l\u1ef1a ch\u1ecdn ho\u00e0n h\u1ea3o cho nhi\u1ec1u d\u1ecbp kh\u00e1c nhau.<br \/>\n\u2022 Ch\u1ea5t li\u1ec7u: Da cao c\u1ea5p k\u1ebft h\u1ee3p v\u1edbi v\u1ea3i canvas b\u1ec1n b\u1ec9, mang \u0111\u1ebfn \u0111\u1ed9 b\u1ec1n v\u00e0 c\u1ea3m gi\u00e1c m\u1ec1m m\u1ea1i khi s\u1eed d\u1ee5ng.<br \/>\n\u2022 M\u00e0u s\u1eafc: M\u00e0u kem trang nh\u00e3 k\u1ebft h\u1ee3p v\u1edbi vi\u1ec1n n\u00e2u sang tr\u1ecdng, t\u1ea1o \u0111i\u1ec3m nh\u1ea5n tinh t\u1ebf v\u00e0 d\u1ec5 d\u00e0ng ph\u1ed1i h\u1ee3p v\u1edbi nhi\u1ec1u trang ph\u1ee5c.<br \/>\n\u2022 Thi\u1ebft k\u1ebf: Ki\u1ec3u d\u00e1ng t\u00fai x\u00e1ch c\u1ea7m tay ho\u1eb7c \u0111eo vai, nh\u1ecf g\u1ecdn nh\u01b0ng v\u1eabn \u0111\u1ee7 r\u1ed9ng r\u00e3i \u0111\u1ec3 ch\u1ee9a c\u00e1c v\u1eadt d\u1ee5ng c\u00e1 nh\u00e2n c\u1ea7n thi\u1ebft.<br \/>\n\u2022 Quai x\u00e1ch: \u0110\u01b0\u1ee3c l\u00e0m t\u1eeb da th\u1eadt m\u00e0u n\u00e2u, ch\u1eafc ch\u1eafn v\u00e0 tho\u1ea3i m\u00e1i khi c\u1ea7m n\u1eafm.<br \/>\n\u2022 Ng\u0103n ch\u1ee9a:<br \/>\n\u2022 Ng\u0103n ch\u00ednh r\u1ed9ng r\u00e3i v\u1edbi kh\u00f3a k\u00e9o ch\u1eafc ch\u1eafn, gi\u00fap b\u1ea3o v\u1ec7 \u0111\u1ed3 d\u00f9ng an to\u00e0n.<br \/>\n\u2022 Hai ng\u0103n ph\u1ee5 ph\u00eda tr\u01b0\u1edbc c\u00f3 n\u1eafp \u0111\u1eady v\u1edbi kh\u00f3a xoay kim lo\u1ea1i sang tr\u1ecdng, v\u1eeba gi\u00fap c\u1ea5t gi\u1eef \u0111\u1ed3 ti\u1ec7n l\u1ee3i, v\u1eeba t\u1ea1o \u0111i\u1ec3m nh\u1ea5n cho thi\u1ebft k\u1ebf.<br \/>\n\u2022 Hai t\u00fai nh\u1ecf b\u00ean h\u00f4ng gi\u00fap t\u0103ng th\u00eam kh\u00f4ng gian l\u01b0u tr\u1eef.<br \/>\n\u2022 \u0110i\u1ec3m nh\u1ea5n: Logo th\u01b0\u01a1ng hi\u1ec7u tr\u00ean tag da \u0111\u00ednh k\u00e8m, c\u00f9ng c\u00e1c chi ti\u1ebft kim lo\u1ea1i cao c\u1ea5p l\u00e0m n\u1ed5i b\u1eadt v\u1ebb \u0111\u1eb9p thanh l\u1ecbch c\u1ee7a t\u00fai.<\/p>\n<p>k\u00edch th\u01b0\u1edbc: 28x15cm<\/p>\n","protected":false},"excerpt":{"rendered":"<p>Chi\u1ebfc t\u00fai x\u00e1ch m\u00e0u kem vi\u1ec1n n\u00e2u mang phong c\u00e1ch c\u1ed5 \u0111i\u1ec3n v\u00e0 thanh l\u1ecbch. Thi\u1ebft k\u1ebf g\u1ed3m hai ng\u0103n ph\u1ee5 ph\u00eda tr\u01b0\u1edbc v\u1edbi kh\u00f3a xoay kim lo\u1ea1i sang tr\u1ecdng, k\u1ebft h\u1ee3p c\u00f9ng quai x\u00e1ch da ch\u1eafc ch\u1eafn, t\u1ea1o n\u00ean v\u1ebb ngo\u00e0i tinh t\u1ebf v\u00e0 ti\u1ec7n d\u1ee5ng.<\/p>\n","protected":false},"featured_media":5249,"comment_status":"open","ping_status":"closed","template":"","meta":{"inline_featured_image":false},"product_brand":[],"product_cat":[36],"product_tag":[],"class_list":{"0":"post-5357","1":"product","2":"type-product","3":"status-publish","4":"has-post-thumbnail","6":"product_cat-tui-xach","8":"first","9":"instock","10":"shipping-taxable","11":"purchasable","12":"product-type-simple"},"acf":[],"_links":{"self":[{"href":"https:\/\/tynivintage.com\/vi\/wp-json\/wp\/v2\/product\/5357","targetHints":{"allow":["GET"]}}],"collection":[{"href":"https:\/\/tynivintage.com\/vi\/wp-json\/wp\/v2\/product"}],"about":[{"href":"https:\/\/tynivintage.com\/vi\/wp-json\/wp\/v2\/types\/product"}],"replies":[{"embeddable":true,"href":"https:\/\/tynivintage.com\/vi\/wp-json\/wp\/v2\/comments?post=5357"}],"wp:featuredmedia":[{"embeddable":true,"href":"https:\/\/tynivintage.com\/vi\/wp-json\/wp\/v2\/media\/5249"}],"wp:attachment":[{"href":"https:\/\/tynivintage.com\/vi\/wp-json\/wp\/v2\/media?parent=5357"}],"wp:term":[{"taxonomy":"product_brand","embeddable":true,"href":"https:\/\/tynivintage.com\/vi\/wp-json\/wp\/v2\/product_brand?post=5357"},{"taxonomy":"product_cat","embeddable":true,"href":"https:\/\/tynivintage.com\/vi\/wp-json\/wp\/v2\/product_cat?post=5357"},{"taxonomy":"product_tag","embeddable":true,"href":"https:\/\/tynivintage.com\/vi\/wp-json\/wp\/v2\/product_tag?post=5357"}],"curies":[{"name":"wp","href":"https:\/\/api.w.org\/{rel}","templated":true}]}}