{"id":5355,"date":"2025-03-24T21:36:19","date_gmt":"2025-03-25T14:00:27","guid":{"rendered":"https:\/\/tynivintage.com\/?post_type=product&#038;p=5355"},"modified":"2025-03-25T21:44:40","modified_gmt":"2025-03-25T14:44:40","slug":"tui-deo-cheo-bang-da-co-dien-coach","status":"publish","type":"product","link":"https:\/\/tynivintage.com\/vi\/san-pham\/tui-deo-cheo-bang-da-co-dien-coach\/","title":{"rendered":"T\u00fai \u0111eo ch\u00e9o b\u1eb1ng da c\u1ed5 \u0111i\u1ec3n Coach"},"content":{"rendered":"<p>N\u00e2ng cao phong c\u00e1ch c\u1ee7a b\u1ea1n v\u1edbi chi\u1ebfc t\u00fai \u0111eo ch\u00e9o b\u1eb1ng da Coach c\u1ed5 \u0111i\u1ec3n n\u00e0y, \u0111\u01b0\u1ee3c thi\u1ebft k\u1ebf cho c\u1ea3 s\u1ef1 sang tr\u1ecdng v\u00e0 ch\u1ee9c n\u0103ng. \u0110\u01b0\u1ee3c ch\u1ebf t\u00e1c t\u1eeb da cao c\u1ea5p, chi\u1ebfc t\u00fai n\u00e0y c\u00f3 s\u1ef1 k\u1ebft h\u1ee3p m\u00e0u s\u1eafc \u0111\u1ed9c \u0111\u00e1o gi\u1eefa n\u00e2u \u0111\u1eadm v\u00e0 \u0111\u1ecf \u0111\u1eadm, t\u1ea1o n\u00ean v\u1ebb ngo\u00e0i n\u1ed5i b\u1eadt v\u00e0 tinh t\u1ebf.<\/p>\n<p>C\u00e1c t\u00ednh n\u0103ng ch\u00ednh:<br \/>\n\u2022 Da cao c\u1ea5p: \u0110\u01b0\u1ee3c l\u00e0m t\u1eeb da th\u1eadt, \u0111\u1ea3m b\u1ea3o \u0111\u1ed9 b\u1ec1n v\u00e0 c\u1ea3m gi\u00e1c sang tr\u1ecdng.<br \/>\n\u2022 \u0110\u1ed9 t\u01b0\u01a1ng ph\u1ea3n m\u00e0u thanh l\u1ecbch: S\u1ef1 k\u1ebft h\u1ee3p gi\u1eefa m\u00e0u n\u00e2u \u0111\u1eadm v\u00e0 m\u00e0u \u0111\u1ecf r\u1ef1c r\u1ee1, t\u1ea1o th\u00eam n\u00e9t t\u00e1o b\u1ea1o nh\u01b0ng c\u1ed5 \u0111i\u1ec3n.<br \/>\n\u2022 \u0110\u00f3ng an to\u00e0n: Hai m\u00f3c kh\u00f3a xo\u1eafn t\u00f4ng m\u00e0u v\u00e0ng \u0111\u1ec3 t\u0103ng c\u01b0\u1eddng b\u1ea3o m\u1eadt v\u00e0 d\u1ec5 d\u00e0ng truy c\u1eadp.<br \/>\n\u2022 N\u1ed9i th\u1ea5t r\u1ed9ng r\u00e3i: Cung c\u1ea5p kh\u00f4ng gian r\u1ed9ng r\u00e3i \u0111\u1ec3 mang theo c\u00e1c v\u1eadt d\u1ee5ng c\u1ea7n thi\u1ebft, ho\u00e0n h\u1ea3o cho vi\u1ec7c s\u1eed d\u1ee5ng h\u00e0ng ng\u00e0y ho\u1eb7c nh\u1eefng d\u1ecbp \u0111\u1eb7c bi\u1ec7t.<br \/>\n\u2022 D\u00e2y \u0111eo da c\u00f3 th\u1ec3 \u0111i\u1ec1u ch\u1ec9nh: \u0110\u01b0\u1ee3c thi\u1ebft k\u1ebf \u0111\u1ec3 t\u1ea1o s\u1ef1 tho\u1ea3i m\u00e1i, cho ph\u00e9p linh ho\u1ea1t trong c\u00e1c phong c\u00e1ch mang theo.<br \/>\n\u2022 Logo Coach c\u1ed5 \u0111i\u1ec3n: Logo d\u1eadp n\u1ed5i \u1edf m\u1eb7t tr\u01b0\u1edbc cho d\u1ea5u \u1ea5n thi\u1ebft k\u1ebf v\u01b0\u1ee3t th\u1eddi gian.<\/p>\n<p>K\u00edch th\u01b0\u1edbc: 27x18cm<\/p>\n<p>&nbsp;<\/p>\n","protected":false},"excerpt":{"rendered":"<p>T\u00fai \u0111eo ch\u00e9o Coach c\u00f3 thi\u1ebft k\u1ebf thanh l\u1ecbch v\u1edbi s\u1ef1 k\u1ebft h\u1ee3p n\u1ed5i b\u1eadt gi\u1eefa t\u00f4ng m\u00e0u n\u00e2u v\u00e0 \u0111\u1ecf. N\u00f3 c\u00f3 kh\u00f3a xo\u1eafn b\u1eb1ng kim lo\u1ea1i ch\u1eafc ch\u1eafn v\u00e0 d\u00e2y \u0111eo r\u1ed9ng \u0111\u1ec3 thu\u1eadn ti\u1ec7n, khi\u1ebfn n\u00f3 tr\u1edf n\u00ean ho\u00e0n h\u1ea3o cho v\u1ebb ngo\u00e0i phong c\u00e1ch v\u00e0 n\u0103ng \u0111\u1ed9ng.<\/p>\n","protected":false},"featured_media":5231,"comment_status":"open","ping_status":"closed","template":"","meta":{"inline_featured_image":false},"product_brand":[],"product_cat":[36],"product_tag":[],"class_list":{"0":"post-5355","1":"product","2":"type-product","3":"status-publish","4":"has-post-thumbnail","6":"product_cat-tui-xach","8":"first","9":"instock","10":"shipping-taxable","11":"purchasable","12":"product-type-simple"},"acf":[],"_links":{"self":[{"href":"https:\/\/tynivintage.com\/vi\/wp-json\/wp\/v2\/product\/5355","targetHints":{"allow":["GET"]}}],"collection":[{"href":"https:\/\/tynivintage.com\/vi\/wp-json\/wp\/v2\/product"}],"about":[{"href":"https:\/\/tynivintage.com\/vi\/wp-json\/wp\/v2\/types\/product"}],"replies":[{"embeddable":true,"href":"https:\/\/tynivintage.com\/vi\/wp-json\/wp\/v2\/comments?post=5355"}],"wp:featuredmedia":[{"embeddable":true,"href":"https:\/\/tynivintage.com\/vi\/wp-json\/wp\/v2\/media\/5231"}],"wp:attachment":[{"href":"https:\/\/tynivintage.com\/vi\/wp-json\/wp\/v2\/media?parent=5355"}],"wp:term":[{"taxonomy":"product_brand","embeddable":true,"href":"https:\/\/tynivintage.com\/vi\/wp-json\/wp\/v2\/product_brand?post=5355"},{"taxonomy":"product_cat","embeddable":true,"href":"https:\/\/tynivintage.com\/vi\/wp-json\/wp\/v2\/product_cat?post=5355"},{"taxonomy":"product_tag","embeddable":true,"href":"https:\/\/tynivintage.com\/vi\/wp-json\/wp\/v2\/product_tag?post=5355"}],"curies":[{"name":"wp","href":"https:\/\/api.w.org\/{rel}","templated":true}]}}