{"id":5350,"date":"2025-03-24T21:25:08","date_gmt":"2025-03-25T13:53:18","guid":{"rendered":"https:\/\/tynivintage.com\/?post_type=product&#038;p=5350"},"modified":"2025-03-25T20:53:18","modified_gmt":"2025-03-25T13:53:18","slug":"tui-deo-cheo-hoa-tiet-da-ran-cao-cap","status":"publish","type":"product","link":"https:\/\/tynivintage.com\/vi\/san-pham\/tui-deo-cheo-hoa-tiet-da-ran-cao-cap\/","title":{"rendered":"T\u00fai \u0110eo Ch\u00e9o H\u1ecda Ti\u1ebft Da R\u1eafn Cao C\u1ea5p"},"content":{"rendered":"<p>M\u00f4 t\u1ea3:<br \/>\nChi\u1ebfc t\u00fai \u0111eo ch\u00e9o n\u1eef thanh l\u1ecbch n\u00e0y l\u00e0 s\u1ef1 k\u1ebft h\u1ee3p ho\u00e0n h\u1ea3o gi\u1eefa phong c\u00e1ch sang tr\u1ecdng v\u00e0 t\u00ednh \u1ee9ng d\u1ee5ng cao. V\u1edbi h\u1ecda ti\u1ebft da r\u1eafn tinh t\u1ebf tr\u00ean n\u1ec1n m\u00e0u x\u00e1m trung t\u00ednh, chi\u1ebfc t\u00fai d\u1ec5 d\u00e0ng ph\u1ed1i h\u1ee3p v\u1edbi nhi\u1ec1u trang ph\u1ee5c v\u00e0 ph\u00f9 h\u1ee3p cho nhi\u1ec1u d\u1ecbp kh\u00e1c nhau. Ch\u1ea5t li\u1ec7u da t\u1ed5ng h\u1ee3p cao c\u1ea5p \u0111\u01b0\u1ee3c trang tr\u00ed v\u1edbi c\u00e1c ch\u1eef c\u00e1i th\u01b0\u01a1ng hi\u1ec7u (N) tinh t\u1ebf tr\u00ean b\u1ec1 m\u1eb7t, t\u1ea1o \u0111i\u1ec3m nh\u1ea5n \u0111\u1ed9c \u0111\u00e1o v\u00e0 \u0111\u1eb3ng c\u1ea5p.<\/p>\n<p>Thi\u1ebft k\u1ebf n\u1eafp g\u1eadp cong m\u1ec1m m\u1ea1i \u0111\u01b0\u1ee3c c\u1ed1 \u0111\u1ecbnh b\u1eb1ng n\u00fat nam ch\u00e2m ch\u1eafc ch\u1eafn, gi\u00fap d\u1ec5 d\u00e0ng \u0111\u00f3ng m\u1edf. \u1ede trung t\u00e2m n\u1eafp l\u00e0 logo da n\u1ed5i b\u1eadt, t\u1ea1o n\u00e9t tinh t\u1ebf cho t\u1ed5ng th\u1ec3. D\u00e2y \u0111eo ch\u1ea5t li\u1ec7u da n\u00e2u c\u00f3 th\u1ec3 \u0111i\u1ec1u ch\u1ec9nh, gi\u00fap linh ho\u1ea1t thay \u0111\u1ed5i phong c\u00e1ch \u0111eo ch\u00e9o ho\u1eb7c \u0111eo vai, ph\u00f9 h\u1ee3p cho c\u1ea3 ng\u00e0y th\u01b0\u1eddng v\u00e0 nh\u1eefng s\u1ef1 ki\u1ec7n quan tr\u1ecdng.<\/p>\n<p>\u0110\u1eb7c \u0111i\u1ec3m n\u1ed5i b\u1eadt<\/p>\n<p>\u2022 Ch\u1ea5t li\u1ec7u da t\u1ed5ng h\u1ee3p cao c\u1ea5p h\u1ecda ti\u1ebft da r\u1eafn, t\u1ea1o v\u1ebb ngo\u00e0i sang tr\u1ecdng<br \/>\n\u2022 M\u00e0u x\u00e1m trung t\u00ednh k\u1ebft h\u1ee3p vi\u1ec1n da n\u00e2u, ph\u00f9 h\u1ee3p v\u1edbi m\u1ecdi phong c\u00e1ch<br \/>\n\u2022 Thi\u1ebft k\u1ebf n\u1eafp g\u1eadp cong tinh t\u1ebf v\u1edbi n\u00fat nam ch\u00e2m ch\u1eafc ch\u1eafn<br \/>\n\u2022 D\u00e2y \u0111eo c\u00f3 th\u1ec3 \u0111i\u1ec1u ch\u1ec9nh, linh ho\u1ea1t \u0111eo ch\u00e9o ho\u1eb7c \u0111eo vai<br \/>\n\u2022 Ng\u0103n ch\u1ee9a r\u1ed9ng r\u00e3i, ph\u00f9 h\u1ee3p \u0111\u1ec3 \u0111\u1ef1ng \u0111i\u1ec7n tho\u1ea1i, v\u00ed ti\u1ec1n, ch\u00eca kh\u00f3a v\u00e0 c\u00e1c v\u1eadt d\u1ee5ng c\u1ea7n thi\u1ebft<br \/>\n\u2022 L\u00fd t\u01b0\u1edfng cho c\u00e1c bu\u1ed5i d\u1ea1o ph\u1ed1, \u0111i l\u00e0m hay s\u1ef1 ki\u1ec7n trang tr\u1ecdng<\/p>\n<p>&nbsp;<\/p>\n","protected":false},"excerpt":{"rendered":"<p>T\u00fai \u0111eo ch\u00e9o n\u1eef h\u1ecda ti\u1ebft da r\u1eafn sang tr\u1ecdng v\u1edbi thi\u1ebft k\u1ebf c\u1ed5 \u0111i\u1ec3n. M\u00e0u x\u00e1m trung t\u00ednh k\u1ebft h\u1ee3p c\u00f9ng vi\u1ec1n v\u00e0 d\u00e2y \u0111eo da n\u00e2u t\u1ea1o \u0111i\u1ec3m nh\u1ea5n thanh l\u1ecbch. N\u1eafp g\u1eadp bo cong m\u1ec1m m\u1ea1i, c\u00f3 logo th\u01b0\u01a1ng hi\u1ec7u n\u1ed5i b\u1eadt. D\u00e2y \u0111eo c\u00f3 th\u1ec3 \u0111i\u1ec1u ch\u1ec9nh, ph\u00f9 h\u1ee3p cho nhi\u1ec1u phong c\u00e1ch kh\u00e1c nhau.<\/p>\n","protected":false},"featured_media":5214,"comment_status":"open","ping_status":"closed","template":"","meta":{"inline_featured_image":false},"product_brand":[],"product_cat":[36],"product_tag":[],"class_list":{"0":"post-5350","1":"product","2":"type-product","3":"status-publish","4":"has-post-thumbnail","6":"product_cat-tui-xach","8":"first","9":"instock","10":"shipping-taxable","11":"purchasable","12":"product-type-simple"},"acf":[],"_links":{"self":[{"href":"https:\/\/tynivintage.com\/vi\/wp-json\/wp\/v2\/product\/5350","targetHints":{"allow":["GET"]}}],"collection":[{"href":"https:\/\/tynivintage.com\/vi\/wp-json\/wp\/v2\/product"}],"about":[{"href":"https:\/\/tynivintage.com\/vi\/wp-json\/wp\/v2\/types\/product"}],"replies":[{"embeddable":true,"href":"https:\/\/tynivintage.com\/vi\/wp-json\/wp\/v2\/comments?post=5350"}],"wp:featuredmedia":[{"embeddable":true,"href":"https:\/\/tynivintage.com\/vi\/wp-json\/wp\/v2\/media\/5214"}],"wp:attachment":[{"href":"https:\/\/tynivintage.com\/vi\/wp-json\/wp\/v2\/media?parent=5350"}],"wp:term":[{"taxonomy":"product_brand","embeddable":true,"href":"https:\/\/tynivintage.com\/vi\/wp-json\/wp\/v2\/product_brand?post=5350"},{"taxonomy":"product_cat","embeddable":true,"href":"https:\/\/tynivintage.com\/vi\/wp-json\/wp\/v2\/product_cat?post=5350"},{"taxonomy":"product_tag","embeddable":true,"href":"https:\/\/tynivintage.com\/vi\/wp-json\/wp\/v2\/product_tag?post=5350"}],"curies":[{"name":"wp","href":"https:\/\/api.w.org\/{rel}","templated":true}]}}