{"id":5211,"date":"2025-03-24T14:41:09","date_gmt":"2025-03-24T08:15:21","guid":{"rendered":"https:\/\/tynivintage.com\/?post_type=product&#038;p=5211"},"modified":"2025-03-24T15:15:22","modified_gmt":"2025-03-24T08:15:22","slug":"tui-xach-da-coach-mau-kem","status":"publish","type":"product","link":"https:\/\/tynivintage.com\/vi\/san-pham\/tui-xach-da-coach-mau-kem\/","title":{"rendered":"T\u00fai x\u00e1ch da Coach m\u00e0u kem"},"content":{"rendered":"<p>N\u00e2ng t\u1ea7m phong c\u00e1ch c\u1ee7a b\u1ea1n v\u1edbi t\u00fai x\u00e1ch da Coach m\u00e0u kem sang tr\u1ecdng, \u0111\u01b0\u1ee3c ch\u1ebf t\u00e1c t\u1eeb ch\u1ea5t li\u1ec7u da s\u1ea7n cao c\u1ea5p mang \u0111\u1ebfn v\u1ebb ngo\u00e0i tinh t\u1ebf v\u00e0 \u0111\u1eb3ng c\u1ea5p. \u0110\u00e2y l\u00e0 s\u1ef1 k\u1ebft h\u1ee3p ho\u00e0n h\u1ea3o gi\u1eefa s\u1ef1 thanh l\u1ecbch v\u00e0 ti\u1ec7n d\u1ee5ng, ph\u00f9 h\u1ee3p cho c\u00f4ng vi\u1ec7c, d\u1ea1o ph\u1ed1 ho\u1eb7c nh\u1eefng d\u1ecbp \u0111\u1eb7c bi\u1ec7t.<\/p>\n<p>\u0110\u1eb7c \u0111i\u1ec3m &amp; Chi ti\u1ebft:<br \/>\n\u2022 Ch\u1ea5t li\u1ec7u: Da s\u1ea7n cao c\u1ea5p, b\u1ec1n \u0111\u1eb9p v\u00e0 th\u1eddi th\u01b0\u1ee3ng.<br \/>\n\u2022 M\u00e0u s\u1eafc: M\u00e0u kem trang nh\u00e3, d\u1ec5 d\u00e0ng ph\u1ed1i v\u1edbi m\u1ecdi trang ph\u1ee5c.<br \/>\n\u2022 Logo: Bi\u1ec3u t\u01b0\u1ee3ng Coach m\u1ea1 v\u00e0ng sang tr\u1ecdng n\u1ed5i b\u1eadt ph\u00eda tr\u01b0\u1edbc.<br \/>\n\u2022 Quai x\u00e1ch: Quai \u0111\u00f4i ch\u1eafc ch\u1eafn, t\u1ea1o c\u1ea3m gi\u00e1c tho\u1ea3i m\u00e1i khi c\u1ea7m.<br \/>\n\u2022 Kh\u00f3a: Thi\u1ebft k\u1ebf kh\u00f3a k\u00e9o an to\u00e0n, b\u1ea3o v\u1ec7 \u0111\u1ed3 d\u00f9ng b\u00ean trong.<br \/>\n\u2022 Ng\u0103n ch\u1ee9a: Khoang r\u1ed9ng r\u00e3i, t\u00edch h\u1ee3p nhi\u1ec1u ng\u0103n ph\u1ee5 gi\u00fap s\u1eafp x\u1ebfp \u0111\u1ed3 \u0111\u1ea1c g\u1ecdn g\u00e0ng.<br \/>\n\u2022 Ph\u1ee5 ki\u1ec7n: \u0110i k\u00e8m th\u1ebb da Coach \u0111\u1eb7c tr\u01b0ng v\u00e0 chi ti\u1ebft kim lo\u1ea1i m\u1ea1 v\u00e0ng cao c\u1ea5p<\/p>\n<p>Size: 24x19cm<\/p>\n","protected":false},"excerpt":{"rendered":"<p>T\u00fai x\u00e1ch Coach m\u00e0u kem sang tr\u1ecdng, thi\u1ebft k\u1ebf thanh l\u1ecbch v\u1edbi ch\u1ea5t li\u1ec7u da cao c\u1ea5p. Logo Coach m\u1ea1 v\u00e0ng tinh t\u1ebf, tay c\u1ea7m ch\u1eafc ch\u1eafn, \u0111i k\u00e8m tag da \u0111\u1eb7c tr\u01b0ng. Ki\u1ec3u d\u00e1ng r\u1ed9ng r\u00e3i, ph\u00f9 h\u1ee3p cho c\u00f4ng vi\u1ec7c, d\u1ea1o ph\u1ed1 ho\u1eb7c d\u1ef1 ti\u1ec7c.<\/p>\n","protected":false},"featured_media":5163,"comment_status":"open","ping_status":"closed","template":"","meta":{"inline_featured_image":false},"product_brand":[],"product_cat":[36],"product_tag":[],"class_list":{"0":"post-5211","1":"product","2":"type-product","3":"status-publish","4":"has-post-thumbnail","6":"product_cat-tui-xach","8":"first","9":"outofstock","10":"shipping-taxable","11":"purchasable","12":"product-type-simple"},"acf":[],"_links":{"self":[{"href":"https:\/\/tynivintage.com\/vi\/wp-json\/wp\/v2\/product\/5211","targetHints":{"allow":["GET"]}}],"collection":[{"href":"https:\/\/tynivintage.com\/vi\/wp-json\/wp\/v2\/product"}],"about":[{"href":"https:\/\/tynivintage.com\/vi\/wp-json\/wp\/v2\/types\/product"}],"replies":[{"embeddable":true,"href":"https:\/\/tynivintage.com\/vi\/wp-json\/wp\/v2\/comments?post=5211"}],"wp:featuredmedia":[{"embeddable":true,"href":"https:\/\/tynivintage.com\/vi\/wp-json\/wp\/v2\/media\/5163"}],"wp:attachment":[{"href":"https:\/\/tynivintage.com\/vi\/wp-json\/wp\/v2\/media?parent=5211"}],"wp:term":[{"taxonomy":"product_brand","embeddable":true,"href":"https:\/\/tynivintage.com\/vi\/wp-json\/wp\/v2\/product_brand?post=5211"},{"taxonomy":"product_cat","embeddable":true,"href":"https:\/\/tynivintage.com\/vi\/wp-json\/wp\/v2\/product_cat?post=5211"},{"taxonomy":"product_tag","embeddable":true,"href":"https:\/\/tynivintage.com\/vi\/wp-json\/wp\/v2\/product_tag?post=5211"}],"curies":[{"name":"wp","href":"https:\/\/api.w.org\/{rel}","templated":true}]}}