{"id":5209,"date":"2025-03-24T14:50:08","date_gmt":"2025-03-24T08:12:27","guid":{"rendered":"https:\/\/tynivintage.com\/?post_type=product&#038;p=5209"},"modified":"2025-03-24T15:12:27","modified_gmt":"2025-03-24T08:12:27","slug":"tui-deo-vai-coach-signature-monogram","status":"publish","type":"product","link":"https:\/\/tynivintage.com\/vi\/san-pham\/tui-deo-vai-coach-signature-monogram\/","title":{"rendered":"T\u00fai \u0110eo Vai Coach Signature Monogram"},"content":{"rendered":"<p>N\u00e2ng t\u1ea7m phong c\u00e1ch c\u1ee7a b\u1ea1n v\u1edbi t\u00fai \u0111eo vai Coach Signature Monogram, m\u1ed9t s\u1ef1 k\u1ebft h\u1ee3p ho\u00e0n h\u1ea3o gi\u1eefa s\u1ef1 sang tr\u1ecdng v\u00e0 t\u00ednh \u1ee9ng d\u1ee5ng. Thi\u1ebft k\u1ebf ph\u00f9 h\u1ee3p cho s\u1eed d\u1ee5ng h\u00e0ng ng\u00e0y, chi\u1ebfc t\u00fai n\u00e0y th\u1ec3 hi\u1ec7n s\u1ef1 tinh t\u1ebf v\u00e0 tay ngh\u1ec1 th\u1ee7 c\u00f4ng \u0111\u1eb7c tr\u01b0ng c\u1ee7a th\u01b0\u01a1ng hi\u1ec7u Coach.<\/p>\n<p>Chi ti\u1ebft s\u1ea3n ph\u1ea9m:<br \/>\n\u2022 Th\u01b0\u01a1ng hi\u1ec7u: Coach<br \/>\n\u2022 Ch\u1ea5t li\u1ec7u: Canvas cao c\u1ea5p k\u1ebft h\u1ee3p v\u1edbi vi\u1ec1n da th\u1eadt<br \/>\n\u2022 M\u00e0u s\u1eafc: H\u1ecda ti\u1ebft monogram n\u00e2u k\u1ebft h\u1ee3p v\u1edbi vi\u1ec1n da m\u00e0u be sang tr\u1ecdng<br \/>\n\u2022 Thi\u1ebft k\u1ebf:<br \/>\n\u2022 H\u1ecda ti\u1ebft monogram \u201cC\u201d \u0111\u1eb7c tr\u01b0ng c\u1ee7a Coach<br \/>\n\u2022 N\u1eafp g\u1eadp v\u1edbi kh\u00f3a xoay c\u1ed5 \u0111i\u1ec3n gi\u00fap b\u1ea3o v\u1ec7 \u0111\u1ed3 \u0111\u1ea1c an to\u00e0n<br \/>\n\u2022 Vi\u1ec1n da cao c\u1ea5p t\u1ea1o \u0111i\u1ec3m nh\u1ea5n tinh t\u1ebf<br \/>\n\u2022 G\u00f3c t\u00fai \u0111\u01b0\u1ee3c gia c\u1ed1 b\u1eb1ng da \u0111\u1ec3 t\u0103ng \u0111\u1ed9 b\u1ec1n<br \/>\n\u2022 Quai \u0111eo:<br \/>\n\u2022 D\u00e2y \u0111eo \u0111\u00f4i c\u00f3 th\u1ec3 \u0111i\u1ec1u ch\u1ec9nh v\u1edbi khoen kim lo\u1ea1i m\u00e0u v\u00e0ng<br \/>\n\u2022 Thi\u1ebft k\u1ebf ch\u1eafc ch\u1eafn, ph\u00f9 h\u1ee3p \u0111\u1ec3 \u0111eo vai tho\u1ea3i m\u00e1i<br \/>\n\u2022 Ng\u0103n ch\u1ee9a:<br \/>\n\u2022 Ng\u0103n ch\u00ednh r\u1ed9ng r\u00e3i<br \/>\n\u2022 L\u00f3t b\u00ean trong b\u1eb1ng v\u1ea3i cao c\u1ea5p<br \/>\n\u2022 C\u00f3 c\u00e1c ng\u0103n nh\u1ecf \u0111\u1ec3 \u0111\u1ef1ng ch\u00eca kh\u00f3a, \u0111i\u1ec7n tho\u1ea1i, v\u00e0 c\u00e1c v\u1eadt d\u1ee5ng c\u1ea7n thi\u1ebft<br \/>\n\u2022 Chi ti\u1ebft kim lo\u1ea1i: M\u00e0u v\u00e0ng c\u1ed5 \u0111i\u1ec3n, t\u1ea1o \u0111i\u1ec3m nh\u1ea5n sang tr\u1ecdng<\/p>\n<p>\u2022 T\u00ecnh tr\u1ea1ng: H\u00e0ng hi\u1ec7u \u0111\u00e3 qua s\u1eed d\u1ee5ng nh\u01b0ng v\u1eabn c\u00f2n r\u1ea5t \u0111\u1eb9p<\/p>\n<p>&nbsp;<\/p>\n","protected":false},"excerpt":{"rendered":"<p>T\u00fai \u0111eo vai Coach c\u1ed5 \u0111i\u1ec3n v\u1edbi h\u1ecda ti\u1ebft monogram \u0111\u1eb7c tr\u01b0ng, k\u1ebft h\u1ee3p ch\u1ea5t li\u1ec7u canvas v\u00e0 da m\u00e0u n\u00e2u sang tr\u1ecdng. Thi\u1ebft k\u1ebf n\u1eafp g\u1eadp v\u1edbi kh\u00f3a xoay kim lo\u1ea1i c\u1ed5 \u0111i\u1ec3n, d\u00e2y \u0111eo \u0111\u00f4i ch\u1eafc ch\u1eafn. Ph\u00f9 h\u1ee3p cho phong c\u00e1ch thanh l\u1ecbch, ti\u1ec7n d\u1ee5ng h\u00e0ng ng\u00e0y.<\/p>\n","protected":false},"featured_media":5176,"comment_status":"open","ping_status":"closed","template":"","meta":{"inline_featured_image":false},"product_brand":[],"product_cat":[36],"product_tag":[],"class_list":{"0":"post-5209","1":"product","2":"type-product","3":"status-publish","4":"has-post-thumbnail","6":"product_cat-tui-xach","8":"first","9":"outofstock","10":"shipping-taxable","11":"purchasable","12":"product-type-simple"},"acf":[],"_links":{"self":[{"href":"https:\/\/tynivintage.com\/vi\/wp-json\/wp\/v2\/product\/5209","targetHints":{"allow":["GET"]}}],"collection":[{"href":"https:\/\/tynivintage.com\/vi\/wp-json\/wp\/v2\/product"}],"about":[{"href":"https:\/\/tynivintage.com\/vi\/wp-json\/wp\/v2\/types\/product"}],"replies":[{"embeddable":true,"href":"https:\/\/tynivintage.com\/vi\/wp-json\/wp\/v2\/comments?post=5209"}],"wp:featuredmedia":[{"embeddable":true,"href":"https:\/\/tynivintage.com\/vi\/wp-json\/wp\/v2\/media\/5176"}],"wp:attachment":[{"href":"https:\/\/tynivintage.com\/vi\/wp-json\/wp\/v2\/media?parent=5209"}],"wp:term":[{"taxonomy":"product_brand","embeddable":true,"href":"https:\/\/tynivintage.com\/vi\/wp-json\/wp\/v2\/product_brand?post=5209"},{"taxonomy":"product_cat","embeddable":true,"href":"https:\/\/tynivintage.com\/vi\/wp-json\/wp\/v2\/product_cat?post=5209"},{"taxonomy":"product_tag","embeddable":true,"href":"https:\/\/tynivintage.com\/vi\/wp-json\/wp\/v2\/product_tag?post=5209"}],"curies":[{"name":"wp","href":"https:\/\/api.w.org\/{rel}","templated":true}]}}