{"id":5208,"date":"2025-03-24T15:04:59","date_gmt":"2025-03-24T08:09:29","guid":{"rendered":"https:\/\/tynivintage.com\/?post_type=product&#038;p=5208"},"modified":"2025-03-24T15:09:29","modified_gmt":"2025-03-24T08:09:29","slug":"tui-coach-signature-monogram-mini","status":"publish","type":"product","link":"https:\/\/tynivintage.com\/vi\/san-pham\/tui-coach-signature-monogram-mini\/","title":{"rendered":"T\u00fai Coach Signature Monogram Mini"},"content":{"rendered":"<p>N\u00e2ng t\u1ea7m phong c\u00e1ch c\u1ee7a b\u1ea1n v\u1edbi T\u00fai Coach Signature Monogram Mini, m\u1ed9t ph\u1ee5 ki\u1ec7n v\u01b0\u1ee3t th\u1eddi gian k\u1ebft h\u1ee3p gi\u1eefa thi\u1ebft k\u1ebf c\u1ed5 \u0111i\u1ec3n v\u00e0 ch\u1ee9c n\u0103ng hi\u1ec7n \u0111\u1ea1i. Chi\u1ebfc t\u00fai nh\u1ecf g\u1ecdn n\u00e0y ho\u00e0n h\u1ea3o cho nh\u1eefng ai tr\u00e2n tr\u1ecdng s\u1ef1 sang tr\u1ecdng trong m\u1ed9t thi\u1ebft k\u1ebf tinh t\u1ebf.<\/p>\n<p>\u0110\u1eb7c \u0111i\u1ec3m s\u1ea3n ph\u1ea9m:<br \/>\n\u2022 Thi\u1ebft k\u1ebf: T\u00fai Coach Signature Monogram Mini n\u1ed5i b\u1eadt v\u1edbi h\u1ecda ti\u1ebft \u201cC\u201d \u0111\u1eb7c tr\u01b0ng c\u1ee7a Coach tr\u00ean ch\u1ea5t li\u1ec7u canvas cao c\u1ea5p, to\u00e1t l\u00ean v\u1ebb tinh t\u1ebf v\u00e0 sang tr\u1ecdng.<br \/>\n\u2022 Ch\u1ea5t li\u1ec7u: \u0110\u01b0\u1ee3c ch\u1ebf t\u00e1c t\u1eeb canvas b\u1ec1n b\u1ec9 v\u1edbi c\u00e1c \u0111i\u1ec3m nh\u1ea5n b\u1eb1ng da th\u1eadt, \u0111\u1ea3m b\u1ea3o \u0111\u1ed9 b\u1ec1n v\u00e0 c\u1ea3m gi\u00e1c cao c\u1ea5p.<br \/>\n\u2022 M\u00e0u s\u1eafc: Ph\u1ed1i m\u00e0u trung t\u00ednh v\u1edbi t\u00f4ng m\u00e0u be v\u00e0 n\u00e2u, gi\u00fap t\u00fai d\u1ec5 d\u00e0ng k\u1ebft h\u1ee3p v\u1edbi nhi\u1ec1u trang ph\u1ee5c v\u00e0 d\u1ecbp kh\u00e1c nhau.<br \/>\n\u2022 K\u00edch th\u01b0\u1edbc: Thi\u1ebft k\u1ebf nh\u1ecf g\u1ecdn, l\u00fd t\u01b0\u1edfng \u0111\u1ec3 mang theo c\u00e1c v\u1eadt d\u1ee5ng c\u1ea7n thi\u1ebft h\u00e0ng ng\u00e0y nh\u01b0 \u0111i\u1ec7n tho\u1ea1i, v\u00ed v\u00e0 ch\u00eca kh\u00f3a.<br \/>\n\u2022 Kh\u00f3a: Trang b\u1ecb kh\u00f3a k\u00e9o ch\u1eafc ch\u1eafn, gi\u1eef an to\u00e0n cho \u0111\u1ed3 d\u00f9ng c\u00e1 nh\u00e2n c\u1ee7a b\u1ea1n.<br \/>\n\u2022 D\u00e2y \u0111eo: D\u00e2y \u0111eo da c\u00f3 th\u1ec3 \u0111i\u1ec1u ch\u1ec9nh, cho ph\u00e9p b\u1ea1n \u0111eo vai ho\u1eb7c \u0111eo ch\u00e9o linh ho\u1ea1t.<br \/>\n\u2022 Ng\u0103n trong: L\u00f3t v\u1ea3i m\u1ec1m m\u1ea1i b\u00ean trong v\u1edbi m\u1ed9t ng\u0103n nh\u1ecf, gi\u00fap b\u1ea1n s\u1eafp x\u1ebfp \u0111\u1ed3 d\u00f9ng m\u1ed9t c\u00e1ch ng\u0103n n\u1eafp.<br \/>\n\u2022 Ph\u1ee5 ki\u1ec7n kim lo\u1ea1i: \u0110i\u1ec3m nh\u1ea5n v\u1edbi ph\u1ee5 ki\u1ec7n kim lo\u1ea1i m\u00e0u b\u1ea1c s\u00e1ng b\u00f3ng, t\u0103ng th\u00eam v\u1ebb thanh l\u1ecbch cho thi\u1ebft k\u1ebf t\u1ed5ng th\u1ec3.<\/p>\n<p>Size: 13x10cm<\/p>\n","protected":false},"excerpt":{"rendered":"<p>Chi\u1ebfc t\u00fai Coach mini v\u1edbi h\u1ecda ti\u1ebft monogram c\u1ed5 \u0111i\u1ec3n, k\u1ebft h\u1ee3p ch\u1ea5t li\u1ec7u canvas v\u00e0 v\u1ea3i b\u00f3ng m\u00e0u n\u00e2u \u0111\u1eadm, t\u1ea1o v\u1ebb ngo\u00e0i sang tr\u1ecdng v\u00e0 tinh t\u1ebf. Thi\u1ebft k\u1ebf nh\u1ecf g\u1ecdn, ph\u00f9 h\u1ee3p \u0111\u1ec3 \u0111\u1ef1ng c\u00e1c v\u1eadt d\u1ee5ng c\u00e1 nh\u00e2n nh\u01b0 \u0111i\u1ec7n tho\u1ea1i, v\u00ed, ch\u00eca kh\u00f3a. D\u00e2y \u0111eo da k\u1ebft h\u1ee3p kim lo\u1ea1i s\u00e1ng b\u00f3ng, c\u00f3 th\u1ec3 x\u00e1ch tay ho\u1eb7c \u0111eo vai. Ph\u00f9 h\u1ee3p cho c\u1ea3 phong c\u00e1ch th\u01b0\u1eddng ng\u00e0y v\u00e0 d\u1ef1 ti\u1ec7c nh\u1eb9. T\u00ecnh tr\u1ea1ng: \u0110\u1eb9p, \u00edt d\u1ea5u hi\u1ec7u s\u1eed d\u1ee5ng.<\/p>\n","protected":false},"featured_media":5194,"comment_status":"open","ping_status":"closed","template":"","meta":{"inline_featured_image":false},"product_brand":[],"product_cat":[36],"product_tag":[],"class_list":{"0":"post-5208","1":"product","2":"type-product","3":"status-publish","4":"has-post-thumbnail","6":"product_cat-tui-xach","8":"first","9":"outofstock","10":"shipping-taxable","11":"purchasable","12":"product-type-simple"},"acf":[],"_links":{"self":[{"href":"https:\/\/tynivintage.com\/vi\/wp-json\/wp\/v2\/product\/5208","targetHints":{"allow":["GET"]}}],"collection":[{"href":"https:\/\/tynivintage.com\/vi\/wp-json\/wp\/v2\/product"}],"about":[{"href":"https:\/\/tynivintage.com\/vi\/wp-json\/wp\/v2\/types\/product"}],"replies":[{"embeddable":true,"href":"https:\/\/tynivintage.com\/vi\/wp-json\/wp\/v2\/comments?post=5208"}],"wp:featuredmedia":[{"embeddable":true,"href":"https:\/\/tynivintage.com\/vi\/wp-json\/wp\/v2\/media\/5194"}],"wp:attachment":[{"href":"https:\/\/tynivintage.com\/vi\/wp-json\/wp\/v2\/media?parent=5208"}],"wp:term":[{"taxonomy":"product_brand","embeddable":true,"href":"https:\/\/tynivintage.com\/vi\/wp-json\/wp\/v2\/product_brand?post=5208"},{"taxonomy":"product_cat","embeddable":true,"href":"https:\/\/tynivintage.com\/vi\/wp-json\/wp\/v2\/product_cat?post=5208"},{"taxonomy":"product_tag","embeddable":true,"href":"https:\/\/tynivintage.com\/vi\/wp-json\/wp\/v2\/product_tag?post=5208"}],"curies":[{"name":"wp","href":"https:\/\/api.w.org\/{rel}","templated":true}]}}