{"id":5190,"date":"2025-03-24T14:14:21","date_gmt":"2025-03-24T07:58:48","guid":{"rendered":"https:\/\/tynivintage.com\/?post_type=product&#038;p=5190"},"modified":"2025-03-24T14:58:49","modified_gmt":"2025-03-24T07:58:49","slug":"tui-deo-vai-coach-signature-canvas","status":"publish","type":"product","link":"https:\/\/tynivintage.com\/vi\/san-pham\/tui-deo-vai-coach-signature-canvas\/","title":{"rendered":"T\u00fai \u0110eo Vai Coach Signature Canvas"},"content":{"rendered":"<p>\u2022 Th\u01b0\u01a1ng hi\u1ec7u: Coach<br \/>\n\u2022 Ch\u1ea5t li\u1ec7u: Canvas tr\u00e1ng ph\u1ee7 cao c\u1ea5p v\u1edbi vi\u1ec1n da th\u1eadt<br \/>\n\u2022 M\u00e0u s\u1eafc: Canvas h\u1ecda ti\u1ebft monogram m\u00e0u n\u00e2u k\u1ebft h\u1ee3p v\u1edbi vi\u1ec1n da m\u00e0u be<br \/>\n\u2022 Thi\u1ebft k\u1ebf: T\u00fai \u0111eo vai nh\u1ecf g\u1ecdn, phong c\u00e1ch v\u1edbi n\u1eafp g\u1eadp c\u1ed5 \u0111i\u1ec3n<br \/>\n\u2022 Kh\u00f3a t\u00fai: N\u1eafp g\u1eadp c\u00f3 kh\u00f3a kim lo\u1ea1i, v\u1eeba sang tr\u1ecdng v\u1eeba an to\u00e0n<br \/>\n\u2022 Quai \u0111eo: Quai da c\u00f3 th\u1ec3 \u0111i\u1ec1u ch\u1ec9nh, mang l\u1ea1i c\u1ea3m gi\u00e1c tho\u1ea3i m\u00e1i khi s\u1eed d\u1ee5ng<br \/>\n\u2022 Ng\u0103n b\u00ean trong: R\u1ed9ng r\u00e3i, \u0111\u1ee7 \u0111\u1ec3 \u0111\u1ef1ng c\u00e1c v\u1eadt d\u1ee5ng c\u1ea7n thi\u1ebft nh\u01b0 \u0111i\u1ec7n tho\u1ea1i, v\u00ed, ch\u00eca kh\u00f3a v\u00e0 m\u1ef9 ph\u1ea9m<br \/>\n\u2022 Ph\u1ee5 ki\u1ec7n kim lo\u1ea1i: M\u00e0u b\u1ea1c sang tr\u1ecdng, t\u1ea1o \u0111i\u1ec3m nh\u1ea5n tinh t\u1ebf<br \/>\n\u2022 C\u00f4ng d\u1ee5ng: Ph\u00f9 h\u1ee3p \u0111\u1ec3 s\u1eed d\u1ee5ng h\u00e0ng ng\u00e0y, \u0111i ch\u01a1i ho\u1eb7c d\u1ef1 ti\u1ec7c<br \/>\n\u2022 T\u00ecnh tr\u1ea1ng: H\u00e0ng second-hand trong t\u00ecnh tr\u1ea1ng xu\u1ea5t s\u1eafc<\/p>\n<p>Size: 26x14cm<\/p>\n","protected":false},"excerpt":{"rendered":"<p>T\u00fai Coach Signature Canvas Shoulder Bag v\u1edbi thi\u1ebft k\u1ebf nh\u1ecf g\u1ecdn, sang tr\u1ecdng. H\u1ecda ti\u1ebft monogram \u0111\u1eb7c tr\u01b0ng k\u1ebft h\u1ee3p c\u00f9ng vi\u1ec1n da m\u00e0u be tinh t\u1ebf. D\u00e2y \u0111eo vai ch\u1eafc ch\u1eafn, ki\u1ec3u d\u00e1ng n\u1eafp g\u1eadp v\u1edbi kh\u00f3a kim lo\u1ea1i t\u1ea1o \u0111i\u1ec3m nh\u1ea5n th\u1eddi trang. Ph\u00f9 h\u1ee3p cho c\u00e1c d\u1ecbp \u0111i ch\u01a1i, d\u1ea1o ph\u1ed1 ho\u1eb7c s\u1ef1 ki\u1ec7n \u0111\u1eb7c bi\u1ec7t.<\/p>\n","protected":false},"featured_media":5131,"comment_status":"open","ping_status":"closed","template":"","meta":{"inline_featured_image":false},"product_brand":[],"product_cat":[36],"product_tag":[],"class_list":{"0":"post-5190","1":"product","2":"type-product","3":"status-publish","4":"has-post-thumbnail","6":"product_cat-tui-xach","8":"first","9":"outofstock","10":"shipping-taxable","11":"purchasable","12":"product-type-simple"},"acf":[],"_links":{"self":[{"href":"https:\/\/tynivintage.com\/vi\/wp-json\/wp\/v2\/product\/5190","targetHints":{"allow":["GET"]}}],"collection":[{"href":"https:\/\/tynivintage.com\/vi\/wp-json\/wp\/v2\/product"}],"about":[{"href":"https:\/\/tynivintage.com\/vi\/wp-json\/wp\/v2\/types\/product"}],"replies":[{"embeddable":true,"href":"https:\/\/tynivintage.com\/vi\/wp-json\/wp\/v2\/comments?post=5190"}],"wp:featuredmedia":[{"embeddable":true,"href":"https:\/\/tynivintage.com\/vi\/wp-json\/wp\/v2\/media\/5131"}],"wp:attachment":[{"href":"https:\/\/tynivintage.com\/vi\/wp-json\/wp\/v2\/media?parent=5190"}],"wp:term":[{"taxonomy":"product_brand","embeddable":true,"href":"https:\/\/tynivintage.com\/vi\/wp-json\/wp\/v2\/product_brand?post=5190"},{"taxonomy":"product_cat","embeddable":true,"href":"https:\/\/tynivintage.com\/vi\/wp-json\/wp\/v2\/product_cat?post=5190"},{"taxonomy":"product_tag","embeddable":true,"href":"https:\/\/tynivintage.com\/vi\/wp-json\/wp\/v2\/product_tag?post=5190"}],"curies":[{"name":"wp","href":"https:\/\/api.w.org\/{rel}","templated":true}]}}