{"id":5189,"date":"2025-03-24T14:34:18","date_gmt":"2025-03-24T07:55:01","guid":{"rendered":"https:\/\/tynivintage.com\/?post_type=product&#038;p=5189"},"modified":"2025-03-24T14:55:01","modified_gmt":"2025-03-24T07:55:01","slug":"tui-coach-heritage-signature","status":"publish","type":"product","link":"https:\/\/tynivintage.com\/vi\/san-pham\/tui-coach-heritage-signature\/","title":{"rendered":"T\u00fai COACH Heritage Signature"},"content":{"rendered":"<p>T\u00fai Tote Coach Signature Canvas \u2013 Phong C\u00e1ch Thanh L\u1ecbch &amp; Ti\u1ec7n D\u1ee5ng<\/p>\n<p>M\u00f4 t\u1ea3 s\u1ea3n ph\u1ea9m:<\/p>\n<p>Chi\u1ebfc t\u00fai tote Coach n\u00e0y l\u00e0 s\u1ef1 k\u1ebft h\u1ee3p ho\u00e0n h\u1ea3o gi\u1eefa s\u1ef1 thanh l\u1ecbch v\u00e0 t\u00ednh \u1ee9ng d\u1ee5ng cao. V\u1edbi thi\u1ebft k\u1ebf c\u1ed5 \u0111i\u1ec3n, h\u1ecda ti\u1ebft monogram \u0111\u1eb7c tr\u01b0ng c\u1ee7a Coach, c\u00f9ng ch\u1ea5t li\u1ec7u cao c\u1ea5p, \u0111\u00e2y l\u00e0 l\u1ef1a ch\u1ecdn l\u00fd t\u01b0\u1edfng cho nh\u1eefng ai y\u00eau th\u00edch phong c\u00e1ch th\u1eddi trang tinh t\u1ebf.<\/p>\n<p>Chi ti\u1ebft s\u1ea3n ph\u1ea9m:<br \/>\n\u2022 Th\u01b0\u01a1ng hi\u1ec7u: Coach<br \/>\n\u2022 Ch\u1ea5t li\u1ec7u: Canvas ph\u1ee7 cao c\u1ea5p k\u1ebft h\u1ee3p da th\u1eadt, gi\u00fap ch\u1ed1ng th\u1ea5m n\u01b0\u1edbc nh\u1eb9 v\u00e0 b\u1ec1n b\u1ec9 theo th\u1eddi gian.<br \/>\n\u2022 M\u00e0u s\u1eafc: N\u00e2u be v\u1edbi h\u1ecda ti\u1ebft monogram \u0111\u1eb7c tr\u01b0ng, vi\u1ec1n da m\u00e0u \u0111en t\u1ea1o \u0111i\u1ec3m nh\u1ea5n sang tr\u1ecdng.<br \/>\n\u2022 K\u00edch th\u01b0\u1edbc: R\u1ed9ng r\u00e3i, ph\u00f9 h\u1ee3p \u0111\u1ec3 \u0111\u1ef1ng t\u00e0i li\u1ec7u, laptop nh\u1ecf, \u0111i\u1ec7n tho\u1ea1i, v\u00ed v\u00e0 c\u00e1c v\u1eadt d\u1ee5ng c\u00e1 nh\u00e2n kh\u00e1c.<br \/>\n\u2022 Thi\u1ebft k\u1ebf:<br \/>\n\u2022 Ki\u1ec3u d\u00e1ng tote hi\u1ec7n \u0111\u1ea1i, d\u1ec5 d\u00e0ng k\u1ebft h\u1ee3p v\u1edbi nhi\u1ec1u phong c\u00e1ch kh\u00e1c nhau.<br \/>\n\u2022 Ng\u0103n ch\u00ednh r\u1ed9ng r\u00e3i v\u1edbi kh\u00f3a k\u00e9o ch\u1eafc ch\u1eafn, \u0111\u1ea3m b\u1ea3o an to\u00e0n cho \u0111\u1ed3 \u0111\u1ea1c b\u00ean trong.<br \/>\n\u2022 Ng\u0103n ph\u1ee5 ph\u00eda tr\u01b0\u1edbc gi\u00fap d\u1ec5 d\u00e0ng l\u1ea5y c\u00e1c v\u1eadt d\u1ee5ng nh\u1ecf nh\u01b0 th\u1ebb, ch\u00eca kh\u00f3a.<br \/>\n\u2022 Quai \u0111eo da ch\u1eafc ch\u1eafn, d\u00e0i v\u1eeba \u0111\u1ee7 \u0111\u1ec3 mang tr\u00ean vai tho\u1ea3i m\u00e1i.<br \/>\n\u2022 Logo Coach kim lo\u1ea1i \u1edf m\u1eb7t tr\u01b0\u1edbc, t\u1ea1o \u0111i\u1ec3m nh\u1ea5n tinh t\u1ebf.<br \/>\n\u2022 \u0110i k\u00e8m tag da ch\u00ednh h\u00e3ng mang d\u1ea5u \u1ea5n th\u01b0\u01a1ng hi\u1ec7u.<\/p>\n<p>Size: 38x17cm<\/p>\n","protected":false},"excerpt":{"rendered":"<p>Chi\u1ebfc t\u00fai tote Coach sang tr\u1ecdng v\u1edbi h\u1ecda ti\u1ebft monogram \u0111\u1eb7c tr\u01b0ng, k\u1ebft h\u1ee3p gi\u1eefa canvas ph\u1ee7 cao c\u1ea5p v\u00e0 vi\u1ec1n da th\u1eadt. Thi\u1ebft k\u1ebf r\u1ed9ng r\u00e3i, ti\u1ec7n l\u1ee3i v\u1edbi ng\u0103n ch\u00ednh c\u00f3 kh\u00f3a k\u00e9o an to\u00e0n, t\u00fai tr\u01b0\u1edbc ti\u1ec7n d\u1ee5ng v\u00e0 d\u00e2y \u0111eo vai ch\u1eafc ch\u1eafn. Gam m\u00e0u be ph\u1ed1i vi\u1ec1n \u0111en t\u1ea1o \u0111i\u1ec3m nh\u1ea5n thanh l\u1ecbch, d\u1ec5 d\u00e0ng k\u1ebft h\u1ee3p v\u1edbi nhi\u1ec1u trang ph\u1ee5c. Ph\u00f9 h\u1ee3p cho c\u00f4ng vi\u1ec7c, mua s\u1eafm ho\u1eb7c d\u1ea1o ph\u1ed1.<\/p>\n","protected":false},"featured_media":5142,"comment_status":"open","ping_status":"closed","template":"","meta":{"inline_featured_image":false},"product_brand":[],"product_cat":[36],"product_tag":[],"class_list":{"0":"post-5189","1":"product","2":"type-product","3":"status-publish","4":"has-post-thumbnail","6":"product_cat-tui-xach","8":"first","9":"outofstock","10":"shipping-taxable","11":"purchasable","12":"product-type-simple"},"acf":[],"_links":{"self":[{"href":"https:\/\/tynivintage.com\/vi\/wp-json\/wp\/v2\/product\/5189","targetHints":{"allow":["GET"]}}],"collection":[{"href":"https:\/\/tynivintage.com\/vi\/wp-json\/wp\/v2\/product"}],"about":[{"href":"https:\/\/tynivintage.com\/vi\/wp-json\/wp\/v2\/types\/product"}],"replies":[{"embeddable":true,"href":"https:\/\/tynivintage.com\/vi\/wp-json\/wp\/v2\/comments?post=5189"}],"wp:featuredmedia":[{"embeddable":true,"href":"https:\/\/tynivintage.com\/vi\/wp-json\/wp\/v2\/media\/5142"}],"wp:attachment":[{"href":"https:\/\/tynivintage.com\/vi\/wp-json\/wp\/v2\/media?parent=5189"}],"wp:term":[{"taxonomy":"product_brand","embeddable":true,"href":"https:\/\/tynivintage.com\/vi\/wp-json\/wp\/v2\/product_brand?post=5189"},{"taxonomy":"product_cat","embeddable":true,"href":"https:\/\/tynivintage.com\/vi\/wp-json\/wp\/v2\/product_cat?post=5189"},{"taxonomy":"product_tag","embeddable":true,"href":"https:\/\/tynivintage.com\/vi\/wp-json\/wp\/v2\/product_tag?post=5189"}],"curies":[{"name":"wp","href":"https:\/\/api.w.org\/{rel}","templated":true}]}}