{"id":5127,"date":"2025-03-23T19:58:02","date_gmt":"2025-03-23T13:16:11","guid":{"rendered":"https:\/\/tynivintage.com\/?post_type=product&#038;p=5127"},"modified":"2025-03-23T20:16:11","modified_gmt":"2025-03-23T13:16:11","slug":"tui-tote-coach-signature-mau-xam","status":"publish","type":"product","link":"https:\/\/tynivintage.com\/vi\/san-pham\/tui-tote-coach-signature-mau-xam\/","title":{"rendered":"T\u00fai Tote Coach Signature M\u00e0u X\u00e1m"},"content":{"rendered":"<p>N\u00e2ng t\u1ea7m phong c\u00e1ch c\u1ee7a b\u1ea1n v\u1edbi t\u00fai tote Coach Signature m\u00e0u x\u00e1m, s\u1ef1 k\u1ebft h\u1ee3p ho\u00e0n h\u1ea3o gi\u1eefa s\u1ef1 tinh t\u1ebf v\u00e0 ti\u1ec7n d\u1ee5ng. Thi\u1ebft k\u1ebf d\u00e0nh cho nh\u1eefng ng\u01b0\u1eddi ph\u1ee5 n\u1eef hi\u1ec7n \u0111\u1ea1i y\u00eau th\u00edch v\u1ebb \u0111\u1eb9p sang tr\u1ecdng v\u01b0\u1ee3t th\u1eddi gian, chi\u1ebfc t\u00fai n\u00e0y ph\u00f9 h\u1ee3p cho c\u1ea3 ng\u00e0y th\u01b0\u1eddng l\u1eabn nh\u1eefng d\u1ecbp \u0111\u1eb7c bi\u1ec7t.<\/p>\n<p>\u0110\u1eb7c \u0111i\u1ec3m s\u1ea3n ph\u1ea9m:<br \/>\n\u2022 Ch\u1ea5t li\u1ec7u: Canvas tr\u00e1ng ph\u1ee7 cao c\u1ea5p v\u1edbi h\u1ecda ti\u1ebft monogram m\u00e0u x\u00e1m tinh t\u1ebf, \u0111\u1ea3m b\u1ea3o \u0111\u1ed9 b\u1ec1n v\u00e0 phong c\u00e1ch sang tr\u1ecdng.<br \/>\n\u2022 Thi\u1ebft k\u1ebf: D\u00e1ng tote c\u1ed5 \u0111i\u1ec3n v\u1edbi c\u00e1c c\u1ea1nh c\u00f3 k\u1ebft c\u1ea5u ch\u1eafc ch\u1eafn v\u00e0 \u0111\u1ebf gia c\u1ed1 gi\u00fap t\u0103ng \u0111\u1ed9 b\u1ec1n.<br \/>\n\u2022 Tay c\u1ea7m: Hai quai da ch\u1eafc ch\u1eafn v\u1edbi \u0111\u1ed9 d\u00e0i v\u1eeba ph\u1ea3i, gi\u00fap b\u1ea1n \u0111eo vai tho\u1ea3i m\u00e1i c\u1ea3 ng\u00e0y.<br \/>\n\u2022 Chi ti\u1ebft trang tr\u00ed: Ph\u1ee5 ki\u1ec7n kim lo\u1ea1i m\u00e0u b\u1ea1c sang tr\u1ecdng, bao g\u1ed3m logo kim lo\u1ea1i Coach \u1edf m\u1eb7t tr\u01b0\u1edbc t\u1ea1o \u0111i\u1ec3m nh\u1ea5n \u0111\u1eb3ng c\u1ea5p.<br \/>\n\u2022 Ng\u0103n b\u00ean trong: Kh\u00f4ng gian r\u1ed9ng r\u00e3i v\u1edbi kh\u00f3a k\u00e9o ch\u1eafc ch\u1eafn gi\u00fap b\u1ea3o v\u1ec7 \u0111\u1ed3 \u0111\u1ea1c, c\u00f9ng v\u1edbi nhi\u1ec1u ng\u0103n nh\u1ecf gi\u00fap s\u1eafp x\u1ebfp \u0111\u1ed3 g\u1ecdn g\u00e0ng h\u01a1n.<br \/>\n\u2022 Ng\u0103n ngo\u00e0i: T\u00fai c\u00f3 th\u00eam ng\u0103n ph\u00eda tr\u01b0\u1edbc v\u1edbi kh\u00f3a k\u00e9o da th\u1eddi trang, thu\u1eadn ti\u1ec7n \u0111\u1ec3 l\u1ea5y nh\u1eefng v\u1eadt d\u1ee5ng c\u1ea7n thi\u1ebft nhanh ch\u00f3ng.<br \/>\n\u2022 T\u00ednh \u0111a d\u1ee5ng: Ho\u00e0n h\u1ea3o cho c\u00f4ng vi\u1ec7c, d\u1ea1o ph\u1ed1 hay du l\u1ecbch\u2014v\u1eeba th\u1eddi trang v\u1eeba ti\u1ec7n l\u1ee3i<\/p>\n<p>Size: 33x22cm<\/p>\n","protected":false},"excerpt":{"rendered":"<p>T\u00fai x\u00e1ch Coach Signature Tote m\u00e0u x\u00e1m thanh l\u1ecbch, thi\u1ebft k\u1ebf r\u1ed9ng r\u00e3i v\u1edbi ch\u1ea5t li\u1ec7u v\u1ea3i canvas h\u1ecda ti\u1ebft logo \u0111\u1eb7c tr\u01b0ng. \u0110i\u1ec3m nh\u1ea5n l\u00e0 vi\u1ec1n v\u00e0 quai da b\u00f3ng c\u00f9ng logo kim lo\u1ea1i sang tr\u1ecdng \u1edf m\u1eb7t tr\u01b0\u1edbc. Ph\u00f9 h\u1ee3p cho c\u1ea3 c\u00f4ng vi\u1ec7c v\u00e0 d\u1ea1o ph\u1ed1.<\/p>\n","protected":false},"featured_media":5109,"comment_status":"open","ping_status":"closed","template":"","meta":{"inline_featured_image":false},"product_brand":[],"product_cat":[36],"product_tag":[],"class_list":{"0":"post-5127","1":"product","2":"type-product","3":"status-publish","4":"has-post-thumbnail","6":"product_cat-tui-xach","8":"first","9":"outofstock","10":"shipping-taxable","11":"purchasable","12":"product-type-simple"},"acf":[],"_links":{"self":[{"href":"https:\/\/tynivintage.com\/vi\/wp-json\/wp\/v2\/product\/5127","targetHints":{"allow":["GET"]}}],"collection":[{"href":"https:\/\/tynivintage.com\/vi\/wp-json\/wp\/v2\/product"}],"about":[{"href":"https:\/\/tynivintage.com\/vi\/wp-json\/wp\/v2\/types\/product"}],"replies":[{"embeddable":true,"href":"https:\/\/tynivintage.com\/vi\/wp-json\/wp\/v2\/comments?post=5127"}],"wp:featuredmedia":[{"embeddable":true,"href":"https:\/\/tynivintage.com\/vi\/wp-json\/wp\/v2\/media\/5109"}],"wp:attachment":[{"href":"https:\/\/tynivintage.com\/vi\/wp-json\/wp\/v2\/media?parent=5127"}],"wp:term":[{"taxonomy":"product_brand","embeddable":true,"href":"https:\/\/tynivintage.com\/vi\/wp-json\/wp\/v2\/product_brand?post=5127"},{"taxonomy":"product_cat","embeddable":true,"href":"https:\/\/tynivintage.com\/vi\/wp-json\/wp\/v2\/product_cat?post=5127"},{"taxonomy":"product_tag","embeddable":true,"href":"https:\/\/tynivintage.com\/vi\/wp-json\/wp\/v2\/product_tag?post=5127"}],"curies":[{"name":"wp","href":"https:\/\/api.w.org\/{rel}","templated":true}]}}