{"id":5126,"date":"2025-03-23T19:49:40","date_gmt":"2025-03-23T13:12:58","guid":{"rendered":"https:\/\/tynivintage.com\/?post_type=product&#038;p=5126"},"modified":"2025-03-23T20:12:58","modified_gmt":"2025-03-23T13:12:58","slug":"tui-hobo-coach-signature","status":"publish","type":"product","link":"https:\/\/tynivintage.com\/vi\/san-pham\/tui-hobo-coach-signature\/","title":{"rendered":"T\u00fai Hobo Coach Signature"},"content":{"rendered":"<p>Chi\u1ebfc t\u00fai Coach Signature Hobo mang v\u1ebb \u0111\u1eb9p thanh l\u1ecbch v\u1edbi thi\u1ebft k\u1ebf bo tr\u00f2n m\u1ec1m m\u1ea1i, t\u1ea1o n\u00ean phong c\u00e1ch sang tr\u1ecdng nh\u01b0ng v\u1eabn tr\u1ebb trung.<br \/>\n\u2022 Ch\u1ea5t li\u1ec7u: V\u1ea3i canvas ph\u1ee7 logo monogram \u0111\u1eb7c tr\u01b0ng c\u1ee7a Coach, k\u1ebft h\u1ee3p v\u1edbi vi\u1ec1n da cao c\u1ea5p m\u00e0u v\u00e0ng n\u1ed5i b\u1eadt.<br \/>\n\u2022 M\u00e0u s\u1eafc: Beige (kem nh\u1ea1t) ph\u1ed1i vi\u1ec1n v\u00e0ng, t\u1ea1o s\u1ef1 h\u00e0i h\u00f2a nh\u01b0ng v\u1eabn thu h\u00fat \u00e1nh nh\u00ecn.<br \/>\n\u2022 Thi\u1ebft k\u1ebf: Form t\u00fai nh\u1ecf g\u1ecdn nh\u01b0ng r\u1ed9ng r\u00e3i, ti\u1ec7n d\u1ee5ng cho nh\u1eefng nhu c\u1ea7u h\u1eb1ng ng\u00e0y. N\u1eafp kh\u00f3a k\u00e9o ch\u1eafc ch\u1eafn, gi\u00fap b\u1ea3o v\u1ec7 \u0111\u1ed3 d\u00f9ng b\u00ean trong.<br \/>\n\u2022 D\u00e2y \u0111eo: Quai da ph\u1ed1i hai t\u00f4ng m\u00e0u v\u00e0ng &#8211; tr\u1eafng, c\u00f3 th\u1ec3 th\u00e1o r\u1eddi linh ho\u1ea1t \u0111\u1ec3 \u0111eo vai ho\u1eb7c c\u1ea7m tay t\u00f9y theo phong c\u00e1ch.<br \/>\n\u2022 Ph\u1ee5 ki\u1ec7n \u0111i k\u00e8m: Tag da ch\u00ednh h\u00e3ng, logo Coach kim lo\u1ea1i g\u1eafn m\u1eb7t tr\u01b0\u1edbc t\u1ea1o \u0111i\u1ec3m nh\u1ea5n tinh t\u1ebf<\/p>\n","protected":false},"excerpt":{"rendered":"<p>T\u00fai Coach Signature Hobo m\u00e0u be v\u00e0ng \u2013 Thi\u1ebft k\u1ebf thanh l\u1ecbch v\u1edbi h\u1ecda ti\u1ebft monogram c\u1ed5 \u0111i\u1ec3n, vi\u1ec1n v\u00e0ng n\u1ed5i b\u1eadt. D\u00e1ng t\u00fai nh\u1ecf g\u1ecdn, ti\u1ec7n l\u1ee3i v\u1edbi quai \u0111eo c\u00f3 th\u1ec3 th\u00e1o r\u1eddi. Ph\u00f9 h\u1ee3p cho c\u1ea3 ng\u00e0y th\u01b0\u1eddng v\u00e0 nh\u1eefng d\u1ecbp \u0111\u1eb7c bi\u1ec7t. c\u00e1c<\/p>\n","protected":false},"featured_media":5093,"comment_status":"open","ping_status":"closed","template":"","meta":{"inline_featured_image":false},"product_brand":[],"product_cat":[36],"product_tag":[],"class_list":{"0":"post-5126","1":"product","2":"type-product","3":"status-publish","4":"has-post-thumbnail","6":"product_cat-tui-xach","8":"first","9":"outofstock","10":"shipping-taxable","11":"purchasable","12":"product-type-simple"},"acf":[],"_links":{"self":[{"href":"https:\/\/tynivintage.com\/vi\/wp-json\/wp\/v2\/product\/5126","targetHints":{"allow":["GET"]}}],"collection":[{"href":"https:\/\/tynivintage.com\/vi\/wp-json\/wp\/v2\/product"}],"about":[{"href":"https:\/\/tynivintage.com\/vi\/wp-json\/wp\/v2\/types\/product"}],"replies":[{"embeddable":true,"href":"https:\/\/tynivintage.com\/vi\/wp-json\/wp\/v2\/comments?post=5126"}],"wp:featuredmedia":[{"embeddable":true,"href":"https:\/\/tynivintage.com\/vi\/wp-json\/wp\/v2\/media\/5093"}],"wp:attachment":[{"href":"https:\/\/tynivintage.com\/vi\/wp-json\/wp\/v2\/media?parent=5126"}],"wp:term":[{"taxonomy":"product_brand","embeddable":true,"href":"https:\/\/tynivintage.com\/vi\/wp-json\/wp\/v2\/product_brand?post=5126"},{"taxonomy":"product_cat","embeddable":true,"href":"https:\/\/tynivintage.com\/vi\/wp-json\/wp\/v2\/product_cat?post=5126"},{"taxonomy":"product_tag","embeddable":true,"href":"https:\/\/tynivintage.com\/vi\/wp-json\/wp\/v2\/product_tag?post=5126"}],"curies":[{"name":"wp","href":"https:\/\/api.w.org\/{rel}","templated":true}]}}