{"id":5090,"date":"2025-03-22T22:16:49","date_gmt":"2025-03-23T12:34:09","guid":{"rendered":"https:\/\/tynivintage.com\/?post_type=product&#038;p=5090"},"modified":"2025-03-23T19:34:09","modified_gmt":"2025-03-23T12:34:09","slug":"tui-deo-vai-da-nau-vintage","status":"publish","type":"product","link":"https:\/\/tynivintage.com\/vi\/san-pham\/tui-deo-vai-da-nau-vintage\/","title":{"rendered":"T\u00fai \u0110eo Vai Da N\u00e2u Vintage"},"content":{"rendered":"<p>N\u00e2ng t\u1ea7m phong c\u00e1ch c\u1ee7a b\u1ea1n v\u1edbi t\u00fai \u0111eo vai da n\u00e2u vintage, s\u1ef1 k\u1ebft h\u1ee3p ho\u00e0n h\u1ea3o gi\u1eefa s\u1ef1 tinh t\u1ebf v\u00e0 t\u00ednh ti\u1ec7n d\u1ee5ng. \u0110\u01b0\u1ee3c l\u00e0m t\u1eeb da m\u1ec1m cao c\u1ea5p, chi\u1ebfc t\u00fai c\u00f3 m\u00e0u n\u00e2u tr\u1ea7m \u1ea5m v\u1edbi hi\u1ec7u \u1ee9ng h\u01a1i s\u1eddn nh\u1eb9, t\u1ea1o n\u00ean v\u1ebb \u0111\u1eb9p c\u1ed5 \u0111i\u1ec3n v\u01b0\u1ee3t th\u1eddi gian.<\/p>\n<p>Thi\u1ebft K\u1ebf &amp; \u0110\u1eb7c \u0110i\u1ec3m:<br \/>\n\u2022 N\u1eafp G\u1eadp C\u1ed5 \u0110i\u1ec3n: T\u00fai c\u00f3 thi\u1ebft k\u1ebf n\u1eafp g\u1eadp vi\u1ec1n da l\u1ed9n m\u00e0u be t\u01b0\u01a1ng ph\u1ea3n, \u0111\u01b0\u1ee3c c\u1ed1 \u0111\u1ecbnh b\u1eb1ng kh\u00f3a xoay kim lo\u1ea1i phong c\u00e1ch vintage, gi\u00fap \u0111\u00f3ng m\u1edf d\u1ec5 d\u00e0ng.<br \/>\n\u2022 Ch\u1ea5t Li\u1ec7u Da Cao C\u1ea5p: \u0110\u01b0\u1ee3c l\u00e0m t\u1eeb da th\u1eadt, ch\u1ea5t li\u1ec7u m\u1ec1m m\u1ea1i nh\u01b0ng b\u1ec1n b\u1ec9, \u0111\u1ea3m b\u1ea3o s\u1eed d\u1ee5ng l\u00e2u d\u00e0i v\u00e0 t\u1ea1o ra l\u1edbp patina t\u1ef1 nhi\u00ean theo th\u1eddi gian.<br \/>\n\u2022 D\u00e2y \u0110eo Vai \u0110i\u1ec1u Ch\u1ec9nh \u0110\u01b0\u1ee3c: D\u00e2y da c\u00f3 th\u1ec3 \u0111i\u1ec1u ch\u1ec9nh \u0111\u1ed9 d\u00e0i, gi\u00fap b\u1ea1n d\u1ec5 d\u00e0ng mang nh\u01b0 t\u00fai \u0111eo vai ho\u1eb7c \u0111eo ch\u00e9o.<\/p>\n<p>\u2022 Kh\u00f4ng Gian R\u1ed9ng R\u00e3i: Ng\u0103n ch\u00ednh r\u1ed9ng r\u00e3i, c\u00f3 th\u1ec3 ch\u1ee9a c\u00e1c v\u1eadt d\u1ee5ng c\u1ea7n thi\u1ebft h\u00e0ng ng\u00e0y nh\u01b0 v\u00ed, \u0111i\u1ec7n tho\u1ea1i, ch\u00eca kh\u00f3a v\u00e0 \u0111\u1ed3 trang \u0111i\u1ec3m.<br \/>\n\u2022 Phong C\u00e1ch Vintage: Ki\u1ec3u d\u00e1ng v\u1eeba c\u00f3 s\u1ef1 c\u1ee9ng c\u00e1p nh\u01b0ng v\u1eabn m\u1ec1m m\u1ea1i, c\u00f9ng v\u1edbi t\u00f4ng m\u00e0u n\u00e2u \u1ea5m, l\u00e0m cho chi\u1ebfc t\u00fai tr\u1edf th\u00e0nh l\u1ef1a ch\u1ecdn th\u1eddi trang cho c\u1ea3 trang ph\u1ee5c th\u01b0\u1eddng ng\u00e0y v\u00e0 c\u00e1c d\u1ecbp trang tr\u1ecdng.<\/p>\n","protected":false},"excerpt":{"rendered":"<p>Chi\u1ebfc t\u00fai \u0111eo vai phong c\u00e1ch vintage \u0111\u01b0\u1ee3c l\u00e0m t\u1eeb da m\u1ec1m cao c\u1ea5p v\u1edbi gam m\u00e0u n\u00e2u c\u1ed5 \u0111i\u1ec3n. Thi\u1ebft k\u1ebf n\u1eafp g\u1eadp bo vi\u1ec1n tinh t\u1ebf, kh\u00f3a xoay kim lo\u1ea1i ch\u1eafc ch\u1eafn, c\u00f9ng d\u00e2y \u0111eo c\u00f3 th\u1ec3 \u0111i\u1ec1u ch\u1ec9nh \u0111\u1ed9 d\u00e0i gi\u00fap t\u0103ng t\u00ednh linh ho\u1ea1t. Ki\u1ec3u d\u00e1ng r\u1ed9ng r\u00e3i, ti\u1ec7n d\u1ee5ng cho c\u1ea3 ng\u00e0y d\u00e0i m\u00e0 v\u1eabn gi\u1eef \u0111\u01b0\u1ee3c v\u1ebb thanh l\u1ecbch, sang tr\u1ecdng<\/p>\n","protected":false},"featured_media":5005,"comment_status":"open","ping_status":"closed","template":"","meta":{"inline_featured_image":false},"product_brand":[],"product_cat":[36],"product_tag":[],"class_list":{"0":"post-5090","1":"product","2":"type-product","3":"status-publish","4":"has-post-thumbnail","6":"product_cat-tui-xach","8":"first","9":"instock","10":"shipping-taxable","11":"purchasable","12":"product-type-simple"},"acf":[],"_links":{"self":[{"href":"https:\/\/tynivintage.com\/vi\/wp-json\/wp\/v2\/product\/5090","targetHints":{"allow":["GET"]}}],"collection":[{"href":"https:\/\/tynivintage.com\/vi\/wp-json\/wp\/v2\/product"}],"about":[{"href":"https:\/\/tynivintage.com\/vi\/wp-json\/wp\/v2\/types\/product"}],"replies":[{"embeddable":true,"href":"https:\/\/tynivintage.com\/vi\/wp-json\/wp\/v2\/comments?post=5090"}],"wp:featuredmedia":[{"embeddable":true,"href":"https:\/\/tynivintage.com\/vi\/wp-json\/wp\/v2\/media\/5005"}],"wp:attachment":[{"href":"https:\/\/tynivintage.com\/vi\/wp-json\/wp\/v2\/media?parent=5090"}],"wp:term":[{"taxonomy":"product_brand","embeddable":true,"href":"https:\/\/tynivintage.com\/vi\/wp-json\/wp\/v2\/product_brand?post=5090"},{"taxonomy":"product_cat","embeddable":true,"href":"https:\/\/tynivintage.com\/vi\/wp-json\/wp\/v2\/product_cat?post=5090"},{"taxonomy":"product_tag","embeddable":true,"href":"https:\/\/tynivintage.com\/vi\/wp-json\/wp\/v2\/product_tag?post=5090"}],"curies":[{"name":"wp","href":"https:\/\/api.w.org\/{rel}","templated":true}]}}