{"id":5070,"date":"2025-03-22T20:11:04","date_gmt":"2025-03-22T13:19:34","guid":{"rendered":"https:\/\/tynivintage.com\/?post_type=product&#038;p=5070"},"modified":"2025-03-22T20:19:34","modified_gmt":"2025-03-22T13:19:34","slug":"vi-da-canvas-coach-chinh-hang","status":"publish","type":"product","link":"https:\/\/tynivintage.com\/vi\/san-pham\/vi-da-canvas-coach-chinh-hang\/","title":{"rendered":"V\u00ed da canvas Coach ch\u00ednh h\u00e3ng"},"content":{"rendered":"<p>M\u00f4 t\u1ea3 s\u1ea3n ph\u1ea9m:<\/p>\n<p>Chi\u1ebfc v\u00ed d\u00e0i n\u00e0y s\u1edf h\u1eefu thi\u1ebft k\u1ebf tinh t\u1ebf v\u00e0 sang tr\u1ecdng, \u0111\u01b0\u1ee3c l\u00e0m t\u1eeb ch\u1ea5t li\u1ec7u canvas cao c\u1ea5p v\u1edbi h\u1ecda ti\u1ebft monogram \u0111\u1eb7c tr\u01b0ng. \u0110i\u1ec3m nh\u1ea5n n\u1ed5i b\u1eadt ch\u00ednh l\u00e0 kh\u00f3a kim lo\u1ea1i d\u1ea1ng m\u00f3c tr\u00f2n k\u1ebft h\u1ee3p d\u00e2y da m\u00e0u \u0111en, mang l\u1ea1i v\u1ebb \u0111\u1eb9p c\u00e1 t\u00ednh v\u00e0 th\u1eddi th\u01b0\u1ee3ng. V\u1edbi ki\u1ec3u d\u00e1ng hi\u1ec7n \u0111\u1ea1i c\u00f9ng \u0111\u01b0\u1eddng may t\u1ec9 m\u1ec9, chi\u1ebfc v\u00ed n\u00e0y kh\u00f4ng ch\u1ec9 b\u1ec1n b\u1ec9 m\u00e0 c\u00f2n th\u1ec3 hi\u1ec7n \u0111\u1eb3ng c\u1ea5p ng\u01b0\u1eddi d\u00f9ng.<\/p>\n<p>Chi ti\u1ebft s\u1ea3n ph\u1ea9m:<br \/>\n\u2022 Ch\u1ea5t li\u1ec7u: Canvas cao c\u1ea5p k\u1ebft h\u1ee3p da th\u1eadt, b\u1ec1n \u0111\u1eb9p theo th\u1eddi gian.<br \/>\n\u2022 M\u00e0u s\u1eafc: T\u00f4ng m\u00e0u \u0111en &#8211; x\u00e1m sang tr\u1ecdng, d\u1ec5 ph\u1ed1i \u0111\u1ed3.<br \/>\n\u2022 H\u1ecda ti\u1ebft: Monogram \u0111\u1eb7c tr\u01b0ng, mang phong c\u00e1ch th\u1eddi th\u01b0\u1ee3ng.<br \/>\n\u2022 Kh\u00f3a: Kim lo\u1ea1i s\u00e1ng b\u00f3ng d\u1ea1ng m\u00f3c tr\u00f2n, ch\u1eafc ch\u1eafn v\u00e0 n\u1ed5i b\u1eadt.<br \/>\n\u2022 Thi\u1ebft k\u1ebf: D\u1ea1ng v\u00ed d\u00e0i g\u1eadp, \u0111\u01b0\u1eddng ch\u1ec9 may n\u1ed5i tinh t\u1ebf.<br \/>\n\u2022 Ng\u0103n ch\u1ee9a: R\u1ed9ng r\u00e3i, c\u00f3 nhi\u1ec1u ng\u0103n ti\u1ec7n l\u1ee3i \u0111\u1ec3 \u0111\u1ef1ng ti\u1ec1n m\u1eb7t, th\u1ebb v\u00e0 gi\u1ea5y t\u1edd c\u00e1 nh\u00e2n.<\/p>\n","protected":false},"excerpt":{"rendered":"<p>Chi\u1ebfc v\u00ed trong \u1ea3nh c\u00f3 thi\u1ebft k\u1ebf sang tr\u1ecdng v\u1edbi h\u1ecda ti\u1ebft monogram \u0111\u1eb7c tr\u01b0ng tr\u00ean n\u1ec1n v\u1ea3i canvas cao c\u1ea5p. \u0110i\u1ec3m nh\u1ea5n l\u00e0 ph\u1ea7n kh\u00f3a kim lo\u1ea1i d\u1ea1ng m\u00f3c tr\u00f2n k\u1ebft h\u1ee3p c\u00f9ng d\u00e2y da m\u00e0u \u0111en, t\u1ea1o v\u1ebb ngo\u00e0i c\u00e1 t\u00ednh v\u00e0 th\u1eddi trang. \u0110\u01b0\u1eddng ch\u1ec9 may t\u1ec9 m\u1ec9 gi\u00fap t\u0103ng \u0111\u1ed9 b\u1ec1n v\u00e0 th\u1ea9m m\u1ef9, ph\u00f9 h\u1ee3p cho nh\u1eefng ai y\u00eau th\u00edch phong c\u00e1ch tinh t\u1ebf v\u00e0 hi\u1ec7n \u0111\u1ea1i.<\/p>\n","protected":false},"featured_media":5057,"comment_status":"open","ping_status":"closed","template":"","meta":{"inline_featured_image":false},"product_brand":[],"product_cat":[48],"product_tag":[],"class_list":{"0":"post-5070","1":"product","2":"type-product","3":"status-publish","4":"has-post-thumbnail","6":"product_cat-vi","8":"first","9":"outofstock","10":"shipping-taxable","11":"purchasable","12":"product-type-simple"},"acf":[],"_links":{"self":[{"href":"https:\/\/tynivintage.com\/vi\/wp-json\/wp\/v2\/product\/5070","targetHints":{"allow":["GET"]}}],"collection":[{"href":"https:\/\/tynivintage.com\/vi\/wp-json\/wp\/v2\/product"}],"about":[{"href":"https:\/\/tynivintage.com\/vi\/wp-json\/wp\/v2\/types\/product"}],"replies":[{"embeddable":true,"href":"https:\/\/tynivintage.com\/vi\/wp-json\/wp\/v2\/comments?post=5070"}],"wp:featuredmedia":[{"embeddable":true,"href":"https:\/\/tynivintage.com\/vi\/wp-json\/wp\/v2\/media\/5057"}],"wp:attachment":[{"href":"https:\/\/tynivintage.com\/vi\/wp-json\/wp\/v2\/media?parent=5070"}],"wp:term":[{"taxonomy":"product_brand","embeddable":true,"href":"https:\/\/tynivintage.com\/vi\/wp-json\/wp\/v2\/product_brand?post=5070"},{"taxonomy":"product_cat","embeddable":true,"href":"https:\/\/tynivintage.com\/vi\/wp-json\/wp\/v2\/product_cat?post=5070"},{"taxonomy":"product_tag","embeddable":true,"href":"https:\/\/tynivintage.com\/vi\/wp-json\/wp\/v2\/product_tag?post=5070"}],"curies":[{"name":"wp","href":"https:\/\/api.w.org\/{rel}","templated":true}]}}