{"id":5053,"date":"2025-03-22T19:28:43","date_gmt":"2025-03-22T12:46:58","guid":{"rendered":"https:\/\/tynivintage.com\/?post_type=product&#038;p=5053"},"modified":"2025-03-22T19:46:58","modified_gmt":"2025-03-22T12:46:58","slug":"tui-xach-good-degree-coach-mini-mau-trang","status":"publish","type":"product","link":"https:\/\/tynivintage.com\/vi\/san-pham\/tui-xach-good-degree-coach-mini-mau-trang\/","title":{"rendered":"T\u00fai x\u00e1ch Good Degree Coach Mini m\u00e0u tr\u1eafng"},"content":{"rendered":"<p>M\u00f4 t\u1ea3 s\u1ea3n ph\u1ea9m:<br \/>\nChi\u1ebfc t\u00fai \u0111eo vai vintage m\u00e0u tr\u1eafng kem mang \u0111\u1ebfn v\u1ebb \u0111\u1eb9p thanh l\u1ecbch v\u00e0 c\u1ed5 \u0111i\u1ec3n, ph\u00f9 h\u1ee3p v\u1edbi nhi\u1ec1u phong c\u00e1ch kh\u00e1c nhau. \u0110\u01b0\u1ee3c l\u00e0m t\u1eeb ch\u1ea5t li\u1ec7u v\u1ea3i cao c\u1ea5p, k\u1ebft h\u1ee3p v\u1edbi vi\u1ec1n da m\u00e0u n\u00e2u t\u1ea1o \u0111i\u1ec3m nh\u1ea5n tinh t\u1ebf.<\/p>\n<p>Chi ti\u1ebft s\u1ea3n ph\u1ea9m:<br \/>\n\u2022 Ch\u1ea5t li\u1ec7u: V\u1ea3i cao c\u1ea5p m\u1ec1m m\u1ea1i, vi\u1ec1n da b\u00f2 th\u1eadt ch\u1eafc ch\u1eafn.<br \/>\n\u2022 Thi\u1ebft k\u1ebf: Ki\u1ec3u d\u00e1ng nh\u1ecf g\u1ecdn, ti\u1ec7n l\u1ee3i nh\u01b0ng v\u1eabn \u0111\u1ea3m b\u1ea3o s\u1ee9c ch\u1ee9a \u0111\u1ee7 cho c\u00e1c v\u1eadt d\u1ee5ng c\u1ea7n thi\u1ebft h\u00e0ng ng\u00e0y.<br \/>\n\u2022 Ng\u0103n ch\u1ee9a:<br \/>\n\u2022 1 ng\u0103n ch\u00ednh r\u1ed9ng r\u00e3i gi\u00fap \u0111\u1ef1ng \u0111i\u1ec7n tho\u1ea1i, v\u00ed ti\u1ec1n, m\u1ef9 ph\u1ea9m, v.v.<br \/>\n\u2022 1 t\u00fai nh\u1ecf m\u1eb7t tr\u01b0\u1edbc c\u00f3 n\u00fat kim lo\u1ea1i s\u00e1ng b\u00f3ng, gi\u00fap b\u1ea3o qu\u1ea3n \u0111\u1ed3 d\u00f9ng nh\u1ecf g\u1ecdn.<br \/>\n\u2022 D\u00e2y \u0111eo: D\u00e2y da k\u1ebft h\u1ee3p kim lo\u1ea1i ch\u1eafc ch\u1eafn, c\u00f3 th\u1ec3 \u0111i\u1ec1u ch\u1ec9nh \u0111\u1ed9 d\u00e0i \u0111\u1ec3 ph\u00f9 h\u1ee3p v\u1edbi d\u00e1ng ng\u01b0\u1eddi.<br \/>\n\u2022 Kh\u00f3a t\u00fai: Kh\u00f3a kim lo\u1ea1i sang tr\u1ecdng, d\u1ec5 d\u00e0ng \u0111\u00f3ng m\u1edf.<\/p>\n<p>Phong c\u00e1ch:<br \/>\nChi\u1ebfc t\u00fai n\u00e0y ph\u00f9 h\u1ee3p v\u1edbi c\u00e1c qu\u00fd c\u00f4 y\u00eau th\u00edch s\u1ef1 thanh l\u1ecbch, t\u1ed1i gi\u1ea3n nh\u01b0ng v\u1eabn c\u00f3 n\u00e9t vintage cu\u1ed1n h\u00fat. D\u1ec5 d\u00e0ng k\u1ebft h\u1ee3p v\u1edbi trang ph\u1ee5c h\u00e0ng ng\u00e0y, \u0111i ch\u01a1i, \u0111i l\u00e0m hay d\u1ea1o ph\u1ed1.<\/p>\n","protected":false},"excerpt":{"rendered":"<p>Chi\u1ebfc t\u00fai \u0111eo vai m\u00e0u tr\u1eafng kem thanh l\u1ecbch, thi\u1ebft k\u1ebf nh\u1ecf g\u1ecdn nh\u01b0ng ti\u1ec7n d\u1ee5ng. Ch\u1ea5t li\u1ec7u v\u1ea3i cao c\u1ea5p k\u1ebft h\u1ee3p vi\u1ec1n da n\u00e2u t\u1ea1o \u0111i\u1ec3m nh\u1ea5n tinh t\u1ebf. Ph\u00eda tr\u01b0\u1edbc c\u00f3 ng\u0103n ph\u1ee5 c\u00e0i n\u00fat kim lo\u1ea1i sang tr\u1ecdng. D\u00e2y \u0111eo da ph\u1ed1i kim lo\u1ea1i ch\u1eafc ch\u1eafn, c\u00f3 th\u1ec3 \u0111i\u1ec1u ch\u1ec9nh \u0111\u1ed9 d\u00e0i. Ph\u00f9 h\u1ee3p cho phong c\u00e1ch n\u1eef t\u00ednh, thanh l\u1ecbch, d\u1ec5 d\u00e0ng k\u1ebft h\u1ee3p v\u1edbi nhi\u1ec1u trang ph\u1ee5c h\u00e0ng ng\u00e0y!<\/p>\n","protected":false},"featured_media":5024,"comment_status":"open","ping_status":"closed","template":"","meta":{"inline_featured_image":false},"product_brand":[],"product_cat":[36],"product_tag":[],"class_list":{"0":"post-5053","1":"product","2":"type-product","3":"status-publish","4":"has-post-thumbnail","6":"product_cat-tui-xach","8":"first","9":"outofstock","10":"shipping-taxable","11":"purchasable","12":"product-type-simple"},"acf":[],"_links":{"self":[{"href":"https:\/\/tynivintage.com\/vi\/wp-json\/wp\/v2\/product\/5053","targetHints":{"allow":["GET"]}}],"collection":[{"href":"https:\/\/tynivintage.com\/vi\/wp-json\/wp\/v2\/product"}],"about":[{"href":"https:\/\/tynivintage.com\/vi\/wp-json\/wp\/v2\/types\/product"}],"replies":[{"embeddable":true,"href":"https:\/\/tynivintage.com\/vi\/wp-json\/wp\/v2\/comments?post=5053"}],"wp:featuredmedia":[{"embeddable":true,"href":"https:\/\/tynivintage.com\/vi\/wp-json\/wp\/v2\/media\/5024"}],"wp:attachment":[{"href":"https:\/\/tynivintage.com\/vi\/wp-json\/wp\/v2\/media?parent=5053"}],"wp:term":[{"taxonomy":"product_brand","embeddable":true,"href":"https:\/\/tynivintage.com\/vi\/wp-json\/wp\/v2\/product_brand?post=5053"},{"taxonomy":"product_cat","embeddable":true,"href":"https:\/\/tynivintage.com\/vi\/wp-json\/wp\/v2\/product_cat?post=5053"},{"taxonomy":"product_tag","embeddable":true,"href":"https:\/\/tynivintage.com\/vi\/wp-json\/wp\/v2\/product_tag?post=5053"}],"curies":[{"name":"wp","href":"https:\/\/api.w.org\/{rel}","templated":true}]}}