{"id":5052,"date":"2025-03-22T19:40:04","date_gmt":"2025-03-22T12:42:33","guid":{"rendered":"https:\/\/tynivintage.com\/?post_type=product&#038;p=5052"},"modified":"2025-03-22T19:57:33","modified_gmt":"2025-03-22T12:57:33","slug":"tui-deo-cheo-coach-signature-chelsea-jacquard","status":"publish","type":"product","link":"https:\/\/tynivintage.com\/vi\/san-pham\/tui-deo-cheo-coach-signature-chelsea-jacquard\/","title":{"rendered":"T\u00fai \u0111eo ch\u00e9o Coach Signature Chelsea Jacquard"},"content":{"rendered":"<p>M\u00f4 t\u1ea3:<br \/>\nChi\u1ebfc t\u00fai \u0111eo vai Coach Signature Canvas l\u00e0 l\u1ef1a ch\u1ecdn ho\u00e0n h\u1ea3o cho nh\u1eefng t\u00edn \u0111\u1ed3 th\u1eddi trang y\u00eau th\u00edch phong c\u00e1ch c\u1ed5 \u0111i\u1ec3n v\u00e0 linh ho\u1ea1t. \u0110\u01b0\u1ee3c thi\u1ebft k\u1ebf v\u1edbi h\u1ecda ti\u1ebft monogram \u0111\u1eb7c tr\u01b0ng c\u1ee7a Coach, chi\u1ebfc t\u00fai n\u00e0y c\u00f3 vi\u1ec1n da th\u1eadt m\u00e0u \u0111en cao c\u1ea5p, t\u1ea1o n\u00ean v\u1ebb ngo\u00e0i sang tr\u1ecdng v\u00e0 tinh t\u1ebf.<\/p>\n<p>\u0110\u1eb7c \u0111i\u1ec3m n\u1ed5i b\u1eadt:<br \/>\n\u2022 Ch\u1ea5t li\u1ec7u: V\u1ea3i canvas \u0111\u1eb7c tr\u01b0ng c\u1ee7a Coach k\u1ebft h\u1ee3p v\u1edbi da th\u1eadt m\u00e0u \u0111en cao c\u1ea5p.<br \/>\n\u2022 Thi\u1ebft k\u1ebf: D\u00e1ng t\u00fai b\u00e1n nguy\u1ec7t thanh l\u1ecbch, mang \u0111\u1ebfn v\u1ebb ngo\u00e0i c\u1ed5 \u0111i\u1ec3n v\u00e0 sang tr\u1ecdng.<br \/>\n\u2022 Quai \u0111eo:<br \/>\n\u2022 Quai da ng\u1eafn gi\u00fap \u0111eo vai phong c\u00e1ch c\u1ed5 \u0111i\u1ec3n.<br \/>\n\u2022 D\u00e2y \u0111eo ch\u00e9o b\u1eb1ng da c\u00f3 th\u1ec3 th\u00e1o r\u1eddi v\u00e0 \u0111i\u1ec1u ch\u1ec9nh gi\u00fap linh ho\u1ea1t trong vi\u1ec7c ph\u1ed1i \u0111\u1ed3.<br \/>\n\u2022 Kh\u00f3a t\u00fai: Kh\u00f3a k\u00e9o ch\u1eafc ch\u1eafn, gi\u00fap b\u1ea3o v\u1ec7 \u0111\u1ed3 d\u00f9ng an to\u00e0n.<br \/>\n\u2022 Ng\u0103n b\u00ean trong: M\u1ed9t ng\u0103n kh\u00f3a k\u00e9o v\u00e0 m\u1ed9t ng\u0103n tr\u01b0\u1ee3t, gi\u00fap s\u1eafp x\u1ebfp \u0111\u1ed3 \u0111\u1ea1c d\u1ec5 d\u00e0ng.<\/p>\n<p>\u2022 Ngo\u1ea1i th\u1ea5t: Logo Coach \u0111\u01b0\u1ee3c in tinh t\u1ebf tr\u00ean m\u1eb7t tr\u01b0\u1edbc, t\u1ea1o \u0111i\u1ec3m nh\u1ea5n sang tr\u1ecdng.<br \/>\n\u2022 Ph\u1ee5 ki\u1ec7n: Kim lo\u1ea1i m\u1ea1 v\u00e0ng cao c\u1ea5p, h\u00e0i h\u00f2a v\u1edbi t\u00f4ng m\u00e0u trang nh\u00e3.<br \/>\n\u2022 C\u00f4ng d\u1ee5ng: Ph\u00f9 h\u1ee3p cho \u0111i l\u00e0m, d\u1ea1o ph\u1ed1, s\u1ef1 ki\u1ec7n ho\u1eb7c c\u00e1c bu\u1ed5i ti\u1ec7c t\u1ed1i.<\/p>\n","protected":false},"excerpt":{"rendered":"<p>T\u00fai \u0111eo vai sang tr\u1ecdng t\u1eeb Coach v\u1edbi h\u1ecda ti\u1ebft Signature Canvas \u0111\u1eb7c tr\u01b0ng, k\u1ebft h\u1ee3p c\u00f9ng da vi\u1ec1n \u0111en cao c\u1ea5p. Thi\u1ebft k\u1ebf thanh l\u1ecbch, th\u1eddi th\u01b0\u1ee3ng, ph\u00f9 h\u1ee3p cho m\u1ecdi d\u1ecbp t\u1eeb \u0111i l\u00e0m \u0111\u1ebfn d\u1ea1o ph\u1ed1. \u0110i k\u00e8m d\u00e2y \u0111eo da c\u00f3 th\u1ec3 th\u00e1o r\u1eddi, d\u1ec5 d\u00e0ng bi\u1ebfn t\u1ea5u th\u00e0nh t\u00fai x\u00e1ch tay ho\u1eb7c t\u00fai \u0111eo ch\u00e9o ti\u1ec7n d\u1ee5ng.<\/p>\n","protected":false},"featured_media":5039,"comment_status":"open","ping_status":"closed","template":"","meta":{"inline_featured_image":false},"product_brand":[],"product_cat":[36],"product_tag":[],"class_list":{"0":"post-5052","1":"product","2":"type-product","3":"status-publish","4":"has-post-thumbnail","6":"product_cat-tui-xach","8":"first","9":"outofstock","10":"shipping-taxable","11":"purchasable","12":"product-type-simple"},"acf":[],"_links":{"self":[{"href":"https:\/\/tynivintage.com\/vi\/wp-json\/wp\/v2\/product\/5052","targetHints":{"allow":["GET"]}}],"collection":[{"href":"https:\/\/tynivintage.com\/vi\/wp-json\/wp\/v2\/product"}],"about":[{"href":"https:\/\/tynivintage.com\/vi\/wp-json\/wp\/v2\/types\/product"}],"replies":[{"embeddable":true,"href":"https:\/\/tynivintage.com\/vi\/wp-json\/wp\/v2\/comments?post=5052"}],"wp:featuredmedia":[{"embeddable":true,"href":"https:\/\/tynivintage.com\/vi\/wp-json\/wp\/v2\/media\/5039"}],"wp:attachment":[{"href":"https:\/\/tynivintage.com\/vi\/wp-json\/wp\/v2\/media?parent=5052"}],"wp:term":[{"taxonomy":"product_brand","embeddable":true,"href":"https:\/\/tynivintage.com\/vi\/wp-json\/wp\/v2\/product_brand?post=5052"},{"taxonomy":"product_cat","embeddable":true,"href":"https:\/\/tynivintage.com\/vi\/wp-json\/wp\/v2\/product_cat?post=5052"},{"taxonomy":"product_tag","embeddable":true,"href":"https:\/\/tynivintage.com\/vi\/wp-json\/wp\/v2\/product_tag?post=5052"}],"curies":[{"name":"wp","href":"https:\/\/api.w.org\/{rel}","templated":true}]}}