{"id":4985,"date":"2025-03-22T15:54:15","date_gmt":"2025-03-22T08:57:40","guid":{"rendered":"https:\/\/tynivintage.com\/?post_type=product&#038;p=4985"},"modified":"2025-03-22T15:57:40","modified_gmt":"2025-03-22T08:57:40","slug":"tui-deo-vai-feiler-hoa-theu-vintage","status":"publish","type":"product","link":"https:\/\/tynivintage.com\/vi\/san-pham\/tui-deo-vai-feiler-hoa-theu-vintage\/","title":{"rendered":"T\u00fai \u0110eo Vai Feiler Hoa Th\u00eau Vintage"},"content":{"rendered":"<p>T\u1ea1o \u0111i\u1ec3m nh\u1ea5n cho phong c\u00e1ch c\u1ee7a b\u1ea1n v\u1edbi t\u00fai \u0111eo vai Feiler vintage tuy\u1ec7t \u0111\u1eb9p, n\u1ed5i b\u1eadt v\u1edbi h\u1ecda ti\u1ebft hoa r\u1ef1c r\u1ee1 \u0111\u01b0\u1ee3c th\u00eau t\u1ec9 m\u1ec9 tr\u00ean ch\u1ea5t li\u1ec7u nhung \u0111en cao c\u1ea5p. Thi\u1ebft k\u1ebf tinh t\u1ebf n\u00e0y mang \u0111\u1ebfn v\u1ebb \u0111\u1eb9p sang tr\u1ecdng v\u00e0 thanh l\u1ecbch v\u01b0\u1ee3t th\u1eddi gian.<\/p>\n<p>Chi Ti\u1ebft S\u1ea3n Ph\u1ea9m:<\/p>\n<p>&#x2714; Th\u01b0\u01a1ng hi\u1ec7u: Feiler<br \/>\n&#x2714; Ch\u1ea5t li\u1ec7u: V\u1ea3i nhung cao c\u1ea5p v\u1edbi h\u1ecda ti\u1ebft th\u00eau tinh x\u1ea3o<br \/>\n&#x2714; M\u00e0u s\u1eafc: N\u1ec1n \u0111en sang tr\u1ecdng k\u1ebft h\u1ee3p hoa th\u00eau nhi\u1ec1u m\u00e0u s\u1eafc (t\u00edm, h\u1ed3ng, xanh l\u00e1, cam)<br \/>\n&#x2714; Quai \u0111eo: Tay c\u1ea7m da \u0111en ch\u1eafc ch\u1eafn, \u0111i\u1ec3m nh\u1ea5n kim lo\u1ea1i t\u00f4ng v\u00e0ng sang tr\u1ecdng<br \/>\n&#x2714; Kh\u00f3a t\u00fai: Kh\u00f3a k\u00e9o ch\u1eafc ch\u1eafn gi\u00fap b\u1ea3o v\u1ec7 an to\u00e0n cho \u0111\u1ed3 d\u00f9ng b\u00ean trong<br \/>\n&#x2714; K\u00edch th\u01b0\u1edbc: Nh\u1ecf g\u1ecdn nh\u01b0ng \u0111\u1ee7 r\u1ed9ng \u0111\u1ec3 \u0111\u1ef1ng \u0111i\u1ec7n tho\u1ea1i, v\u00ed, m\u1ef9 ph\u1ea9m,\u2026<br \/>\n&#x2714; L\u1edbp l\u00f3t: L\u00f3t m\u1ec1m m\u1ea1i b\u00ean trong, gi\u00fap t\u1ed5 ch\u1ee9c \u0111\u1ed3 \u0111\u1ea1c ng\u0103n n\u1eafp<\/p>\n<p>Size:26x14cm<\/p>\n","protected":false},"excerpt":{"rendered":"<p>Chi\u1ebfc t\u00fai \u0111eo vai Feiler v\u1edbi h\u1ecda ti\u1ebft hoa th\u00eau r\u1ef1c r\u1ee1 tr\u00ean n\u1ec1n v\u1ea3i nhung \u0111en mang phong c\u00e1ch vintage sang tr\u1ecdng. Quai da ch\u1eafc ch\u1eafn v\u1edbi \u0111i\u1ec3m nh\u1ea5n kim lo\u1ea1i tinh t\u1ebf, ng\u0103n ch\u1ee9a r\u1ed9ng r\u00e3i, ph\u00f9 h\u1ee3p cho c\u00e1c d\u1ecbp d\u1ea1o ph\u1ed1, ti\u1ec7c t\u00f9ng ho\u1eb7c l\u00e0m qu\u00e0 t\u1eb7ng \u0111\u1ed9c \u0111\u00e1o.<\/p>\n","protected":false},"featured_media":4976,"comment_status":"open","ping_status":"closed","template":"","meta":{"inline_featured_image":false},"product_brand":[],"product_cat":[36],"product_tag":[],"class_list":{"0":"post-4985","1":"product","2":"type-product","3":"status-publish","4":"has-post-thumbnail","6":"product_cat-tui-xach","8":"first","9":"outofstock","10":"shipping-taxable","11":"purchasable","12":"product-type-simple"},"acf":[],"_links":{"self":[{"href":"https:\/\/tynivintage.com\/vi\/wp-json\/wp\/v2\/product\/4985","targetHints":{"allow":["GET"]}}],"collection":[{"href":"https:\/\/tynivintage.com\/vi\/wp-json\/wp\/v2\/product"}],"about":[{"href":"https:\/\/tynivintage.com\/vi\/wp-json\/wp\/v2\/types\/product"}],"replies":[{"embeddable":true,"href":"https:\/\/tynivintage.com\/vi\/wp-json\/wp\/v2\/comments?post=4985"}],"wp:featuredmedia":[{"embeddable":true,"href":"https:\/\/tynivintage.com\/vi\/wp-json\/wp\/v2\/media\/4976"}],"wp:attachment":[{"href":"https:\/\/tynivintage.com\/vi\/wp-json\/wp\/v2\/media?parent=4985"}],"wp:term":[{"taxonomy":"product_brand","embeddable":true,"href":"https:\/\/tynivintage.com\/vi\/wp-json\/wp\/v2\/product_brand?post=4985"},{"taxonomy":"product_cat","embeddable":true,"href":"https:\/\/tynivintage.com\/vi\/wp-json\/wp\/v2\/product_cat?post=4985"},{"taxonomy":"product_tag","embeddable":true,"href":"https:\/\/tynivintage.com\/vi\/wp-json\/wp\/v2\/product_tag?post=4985"}],"curies":[{"name":"wp","href":"https:\/\/api.w.org\/{rel}","templated":true}]}}