{"id":4954,"date":"2025-03-22T15:22:47","date_gmt":"2025-03-22T08:27:57","guid":{"rendered":"https:\/\/tynivintage.com\/?post_type=product&#038;p=4954"},"modified":"2025-03-22T15:27:57","modified_gmt":"2025-03-22T08:27:57","slug":"tui-deo-vai-coach-signature-gold-authentic","status":"publish","type":"product","link":"https:\/\/tynivintage.com\/vi\/san-pham\/tui-deo-vai-coach-signature-gold-authentic\/","title":{"rendered":"T\u00fai \u0111eo vai Coach Signature Gold Authentic"},"content":{"rendered":"<p>N\u00e2ng t\u1ea7m phong c\u00e1ch c\u1ee7a b\u1ea1n v\u1edbi chi\u1ebfc t\u00fai \u0111eo ch\u00e9o tinh t\u1ebf n\u00e0y, \u0111\u01b0\u1ee3c thi\u1ebft k\u1ebf d\u00e0nh cho nh\u1eefng ai y\u00eau th\u00edch s\u1ef1 thanh l\u1ecbch v\u00e0 ti\u1ec7n d\u1ee5ng. T\u00fai c\u00f3 h\u1ecda ti\u1ebft monogram \u0111\u1eb7c tr\u01b0ng k\u1ebft h\u1ee3p v\u1edbi n\u1eafp da m\u00e0u v\u00e0ng \u00e1nh kim l\u1ea5p l\u00e1nh, t\u1ea1o n\u00ean \u0111i\u1ec3m nh\u1ea5n ho\u00e0n h\u1ea3o cho m\u1ecdi trang ph\u1ee5c.<\/p>\n<p>\u0110\u1eb7c \u0110i\u1ec3m N\u1ed5i B\u1eadt:<\/p>\n<p>&#x2714; Ch\u1ea5t Li\u1ec7u Cao C\u1ea5p: \u0110\u01b0\u1ee3c l\u00e0m t\u1eeb canvas ph\u1ee7 cao c\u1ea5p k\u1ebft h\u1ee3p v\u1edbi da m\u00e0u v\u00e0ng \u00e1nh kim sang tr\u1ecdng, \u0111\u1ea3m b\u1ea3o \u0111\u1ed9 b\u1ec1n v\u00e0 phong c\u00e1ch \u0111\u1eb3ng c\u1ea5p.<br \/>\n&#x2714; Thi\u1ebft K\u1ebf Thanh L\u1ecbch: N\u1eafp t\u00fai \u0111\u01b0\u1ee3c trang tr\u00ed v\u1edbi hai kh\u00f3a c\u00e0i m\u00e0u v\u00e0ng, v\u1eeba t\u0103ng t\u00ednh an to\u00e0n v\u1eeba t\u1ea1o \u0111i\u1ec3m nh\u1ea5n th\u1ea9m m\u1ef9.<br \/>\n&#x2714; D\u1ec5 D\u00e0ng K\u1ebft H\u1ee3p: D\u00e2y \u0111eo da c\u00f3 th\u1ec3 \u0111i\u1ec1u ch\u1ec9nh gi\u00fap b\u1ea1n linh ho\u1ea1t s\u1eed d\u1ee5ng t\u00fai nh\u01b0 m\u1ed9t chi\u1ebfc t\u00fai \u0111eo ch\u00e9o ho\u1eb7c t\u00fai \u0111eo vai.<br \/>\n&#x2714; Ph\u1ee5 Ki\u1ec7n Th\u1eddi Trang: Chi\u1ebfc kh\u0103n l\u1ee5a bu\u1ed9c b\u00ean h\u00f4ng t\u00fai t\u1ea1o n\u00ean n\u00e9t n\u1eef t\u00ednh v\u00e0 hi\u1ec7n \u0111\u1ea1i, l\u00e0m t\u0103ng s\u1ef1 cu\u1ed1n h\u00fat cho t\u1ed5ng th\u1ec3.<\/p>\n<p>&#x2714; Ng\u0103n Ch\u1ee9a R\u1ed9ng R\u00e3i: Thi\u1ebft k\u1ebf ng\u0103n ch\u1ee9a th\u00f4ng minh gi\u00fap b\u1ea1n \u0111\u1ef1ng \u0111\u01b0\u1ee3c c\u00e1c v\u1eadt d\u1ee5ng c\u1ea7n thi\u1ebft nh\u01b0 \u0111i\u1ec7n tho\u1ea1i, v\u00ed, ch\u00eca kh\u00f3a v\u00e0 m\u1ef9 ph\u1ea9m.<br \/>\n&#x2714; Ph\u00f9 H\u1ee3p M\u1ecdi D\u1ecbp: D\u00f9 b\u1ea1n \u0111i ch\u01a1i, d\u1ef1 ti\u1ec7c hay mua s\u1eafm, chi\u1ebfc t\u00fai n\u00e0y s\u1ebd l\u00e0 \u0111i\u1ec3m nh\u1ea5n ho\u00e0n h\u1ea3o cho phong c\u00e1ch c\u1ee7a b\u1ea1n.<\/p>\n<p>Size: 20x17cm<\/p>\n","protected":false},"excerpt":{"rendered":"<p>T\u00fai \u0111eo ch\u00e9o cao c\u1ea5p v\u1edbi thi\u1ebft k\u1ebf h\u1ecda ti\u1ebft sang tr\u1ecdng k\u1ebft h\u1ee3p c\u00f9ng n\u1eafp da \u00e1nh v\u00e0ng n\u1ed5i b\u1eadt. \u0110i\u1ec3m nh\u1ea5n l\u00e0 hai kh\u00f3a c\u00e0i kim lo\u1ea1i ch\u1eafc ch\u1eafn v\u00e0 chi\u1ebfc kh\u0103n l\u1ee5a thanh l\u1ecbch, t\u1ea1o n\u00ean phong c\u00e1ch v\u1eeba c\u1ed5 \u0111i\u1ec3n v\u1eeba hi\u1ec7n \u0111\u1ea1i. Quai \u0111eo c\u00f3 th\u1ec3 \u0111i\u1ec1u ch\u1ec9nh linh ho\u1ea1t, ph\u00f9 h\u1ee3p cho nhi\u1ec1u phong c\u00e1ch kh\u00e1c nhau.<\/p>\n","protected":false},"featured_media":4944,"comment_status":"open","ping_status":"closed","template":"","meta":{"inline_featured_image":false},"product_brand":[],"product_cat":[36],"product_tag":[],"class_list":{"0":"post-4954","1":"product","2":"type-product","3":"status-publish","4":"has-post-thumbnail","6":"product_cat-tui-xach","8":"first","9":"instock","10":"shipping-taxable","11":"purchasable","12":"product-type-simple"},"acf":[],"_links":{"self":[{"href":"https:\/\/tynivintage.com\/vi\/wp-json\/wp\/v2\/product\/4954","targetHints":{"allow":["GET"]}}],"collection":[{"href":"https:\/\/tynivintage.com\/vi\/wp-json\/wp\/v2\/product"}],"about":[{"href":"https:\/\/tynivintage.com\/vi\/wp-json\/wp\/v2\/types\/product"}],"replies":[{"embeddable":true,"href":"https:\/\/tynivintage.com\/vi\/wp-json\/wp\/v2\/comments?post=4954"}],"wp:featuredmedia":[{"embeddable":true,"href":"https:\/\/tynivintage.com\/vi\/wp-json\/wp\/v2\/media\/4944"}],"wp:attachment":[{"href":"https:\/\/tynivintage.com\/vi\/wp-json\/wp\/v2\/media?parent=4954"}],"wp:term":[{"taxonomy":"product_brand","embeddable":true,"href":"https:\/\/tynivintage.com\/vi\/wp-json\/wp\/v2\/product_brand?post=4954"},{"taxonomy":"product_cat","embeddable":true,"href":"https:\/\/tynivintage.com\/vi\/wp-json\/wp\/v2\/product_cat?post=4954"},{"taxonomy":"product_tag","embeddable":true,"href":"https:\/\/tynivintage.com\/vi\/wp-json\/wp\/v2\/product_tag?post=4954"}],"curies":[{"name":"wp","href":"https:\/\/api.w.org\/{rel}","templated":true}]}}