{"id":4941,"date":"2025-03-22T15:00:08","date_gmt":"2025-03-22T08:07:20","guid":{"rendered":"https:\/\/tynivintage.com\/?post_type=product&#038;p=4941"},"modified":"2025-03-22T15:07:20","modified_gmt":"2025-03-22T08:07:20","slug":"tui-xach-da-cao-cap-mau-be-nau","status":"publish","type":"product","link":"https:\/\/tynivintage.com\/vi\/san-pham\/tui-xach-da-cao-cap-mau-be-nau\/","title":{"rendered":"T\u00fai X\u00e1ch Da Cao C\u1ea5p M\u00e0u Be N\u00e2u"},"content":{"rendered":"<p>T\u00fai x\u00e1ch da cao c\u1ea5p v\u1edbi gam m\u00e0u be n\u00e2u sang tr\u1ecdng, ph\u00f9 h\u1ee3p cho c\u1ea3 c\u00f4ng vi\u1ec7c v\u00e0 c\u00e1c d\u1ecbp \u0111i ch\u01a1i. Thi\u1ebft k\u1ebf t\u1ed1i gi\u1ea3n nh\u01b0ng kh\u00f4ng k\u00e9m ph\u1ea7n tinh t\u1ebf, t\u00f4n l\u00ean v\u1ebb \u0111\u1eb9p hi\u1ec7n \u0111\u1ea1i v\u00e0 thanh l\u1ecbch.<\/p>\n<p>Chi ti\u1ebft s\u1ea3n ph\u1ea9m:<br \/>\n\u2022 Ch\u1ea5t li\u1ec7u: Da th\u1eadt m\u1ec1m m\u1ea1i, b\u1ec1n \u0111\u1eb9p theo th\u1eddi gian.<br \/>\n\u2022 K\u00edch th\u01b0\u1edbc: R\u1ed9ng r\u00e3i, \u0111\u1ee7 s\u1ee9c ch\u1ee9a laptop, t\u00e0i li\u1ec7u, v\u00ed, \u0111i\u1ec7n tho\u1ea1i v\u00e0 c\u00e1c v\u1eadt d\u1ee5ng c\u00e1 nh\u00e2n kh\u00e1c.<br \/>\n\u2022 Thi\u1ebft k\u1ebf:<br \/>\n\u2022 Ng\u0103n ch\u00ednh r\u1ed9ng r\u00e3i v\u1edbi kh\u00f3a k\u00e9o ch\u1eafc ch\u1eafn.<br \/>\n\u2022 Ng\u0103n ph\u1ee5 ph\u00eda sau c\u00f3 kh\u00f3a k\u00e9o ti\u1ec7n l\u1ee3i \u0111\u1ec3 \u0111\u1ef1ng nh\u1eefng v\u1eadt d\u1ee5ng c\u1ea7n l\u1ea5y nhanh nh\u01b0 ch\u00eca kh\u00f3a, th\u1ebb xe, \u0111i\u1ec7n tho\u1ea1i.<br \/>\n\u2022 Tay c\u1ea7m ch\u1eafc ch\u1eafn, v\u1eeba v\u1eb7n \u0111\u1ec3 c\u1ea7m tay ho\u1eb7c \u0111eo vai.<br \/>\n\u2022 M\u00e0u s\u1eafc: Be n\u00e2u trung t\u00ednh, d\u1ec5 d\u00e0ng ph\u1ed1i h\u1ee3p v\u1edbi nhi\u1ec1u phong c\u00e1ch th\u1eddi trang.<br \/>\n\u2022 Ph\u00f9 h\u1ee3p cho: C\u00f4ng s\u1edf, d\u1ea1o ph\u1ed1, du l\u1ecbch, s\u1ef1 ki\u1ec7n\u2026<\/p>\n<p>Size: 28x22cm<\/p>\n","protected":false},"excerpt":{"rendered":"<p>T\u00fai x\u00e1ch da m\u00e0u n\u00e2u be thanh l\u1ecbch, thi\u1ebft k\u1ebf tinh t\u1ebf v\u1edbi ch\u1ea5t li\u1ec7u da m\u1ec1m m\u1ea1i. T\u00fai c\u00f3 ng\u0103n k\u00e9o ph\u00eda sau ti\u1ec7n l\u1ee3i, quai x\u00e1ch ch\u1eafc ch\u1eafn, ph\u00f9 h\u1ee3p cho c\u00f4ng vi\u1ec7c v\u00e0 d\u1ea1o ph\u1ed1.<\/p>\n","protected":false},"featured_media":4929,"comment_status":"open","ping_status":"closed","template":"","meta":{"inline_featured_image":false},"product_brand":[],"product_cat":[36],"product_tag":[],"class_list":{"0":"post-4941","1":"product","2":"type-product","3":"status-publish","4":"has-post-thumbnail","6":"product_cat-tui-xach","8":"first","9":"instock","10":"shipping-taxable","11":"purchasable","12":"product-type-simple"},"acf":[],"_links":{"self":[{"href":"https:\/\/tynivintage.com\/vi\/wp-json\/wp\/v2\/product\/4941","targetHints":{"allow":["GET"]}}],"collection":[{"href":"https:\/\/tynivintage.com\/vi\/wp-json\/wp\/v2\/product"}],"about":[{"href":"https:\/\/tynivintage.com\/vi\/wp-json\/wp\/v2\/types\/product"}],"replies":[{"embeddable":true,"href":"https:\/\/tynivintage.com\/vi\/wp-json\/wp\/v2\/comments?post=4941"}],"wp:featuredmedia":[{"embeddable":true,"href":"https:\/\/tynivintage.com\/vi\/wp-json\/wp\/v2\/media\/4929"}],"wp:attachment":[{"href":"https:\/\/tynivintage.com\/vi\/wp-json\/wp\/v2\/media?parent=4941"}],"wp:term":[{"taxonomy":"product_brand","embeddable":true,"href":"https:\/\/tynivintage.com\/vi\/wp-json\/wp\/v2\/product_brand?post=4941"},{"taxonomy":"product_cat","embeddable":true,"href":"https:\/\/tynivintage.com\/vi\/wp-json\/wp\/v2\/product_cat?post=4941"},{"taxonomy":"product_tag","embeddable":true,"href":"https:\/\/tynivintage.com\/vi\/wp-json\/wp\/v2\/product_tag?post=4941"}],"curies":[{"name":"wp","href":"https:\/\/api.w.org\/{rel}","templated":true}]}}