{"id":4782,"date":"2025-01-16T21:13:18","date_gmt":"2025-03-16T16:35:16","guid":{"rendered":"https:\/\/tynivintage.com\/?post_type=product&#038;p=4782"},"modified":"2025-03-16T23:35:16","modified_gmt":"2025-03-16T16:35:16","slug":"tui-xach-tay-co-dien-prada","status":"publish","type":"product","link":"https:\/\/tynivintage.com\/vi\/san-pham\/tui-xach-tay-co-dien-prada\/","title":{"rendered":"T\u00fai x\u00e1ch tay c\u1ed5 \u0111i\u1ec3n Prada"},"content":{"rendered":"<p>T\u00fai x\u00e1ch Prada Vintage c\u00f3 tay c\u1ea7m kim lo\u1ea1i<\/p>\n<p>Th\u01b0\u01a1ng hi\u1ec7u: Prada<\/p>\n<p>Ch\u1ea5t li\u1ec7u: V\u1ea3i nylon cao c\u1ea5p, tay c\u1ea7m kim lo\u1ea1i m\u1ea1 v\u00e0ng<\/p>\n<p>M\u00e0u s\u1eafc: \u0110en thanh l\u1ecbch<\/p>\n<p>Thi\u1ebft k\u1ebf: Phong c\u00e1ch c\u1ed5 \u0111i\u1ec3n v\u1edbi logo tam gi\u00e1c Prada \u0111\u1eb7c tr\u01b0ng<\/p>\n<p>Khoang ng\u0103n: R\u1ed9ng r\u00e3i v\u00e0 thu\u1eadn ti\u1ec7n cho c\u00e1c v\u1eadt d\u1ee5ng c\u00e1 nh\u00e2n<\/p>\n<p>T\u00ecnh tr\u1ea1ng: Tuy\u1ec7t v\u1eddi, d\u1ea5u hi\u1ec7u s\u1eed d\u1ee5ng t\u1ed1i thi\u1ec3u<\/p>\n<p>M\u1ed9t s\u1ef1 l\u1ef1a ch\u1ecdn ho\u00e0n h\u1ea3o cho m\u1ed9t phong c\u00e1ch thanh l\u1ecbch, d\u1ec5 d\u00e0ng k\u1ebft h\u1ee3p v\u1edbi nhi\u1ec1u b\u1ed9 trang ph\u1ee5c kh\u00e1c nhau.<\/p>\n<p>K\u00edch th\u01b0\u1edbc 24-20-10 cm<\/p>\n","protected":false},"excerpt":{"rendered":"<p>T\u00fai x\u00e1ch Prada Vintage v\u1edbi tay c\u1ea7m kim lo\u1ea1i Thi\u1ebft k\u1ebf c\u1ed5 \u0111i\u1ec3n, ch\u1ea5t li\u1ec7u nylon cao c\u1ea5p v\u00e0 tay c\u1ea7m kim lo\u1ea1i m\u1ea1 v\u00e0ng sang tr\u1ecdng. Thanh l\u1ecbch v\u00e0 linh ho\u1ea1t, ho\u00e0n h\u1ea3o cho nhi\u1ec1u d\u1ecbp kh\u00e1c nhau.<\/p>\n","protected":false},"featured_media":1913,"comment_status":"open","ping_status":"closed","template":"","meta":{"inline_featured_image":false},"product_brand":[],"product_cat":[36],"product_tag":[],"class_list":{"0":"post-4782","1":"product","2":"type-product","3":"status-publish","4":"has-post-thumbnail","6":"product_cat-tui-xach","8":"first","9":"instock","10":"shipping-taxable","11":"purchasable","12":"product-type-simple"},"acf":[],"_links":{"self":[{"href":"https:\/\/tynivintage.com\/vi\/wp-json\/wp\/v2\/product\/4782","targetHints":{"allow":["GET"]}}],"collection":[{"href":"https:\/\/tynivintage.com\/vi\/wp-json\/wp\/v2\/product"}],"about":[{"href":"https:\/\/tynivintage.com\/vi\/wp-json\/wp\/v2\/types\/product"}],"replies":[{"embeddable":true,"href":"https:\/\/tynivintage.com\/vi\/wp-json\/wp\/v2\/comments?post=4782"}],"wp:featuredmedia":[{"embeddable":true,"href":"https:\/\/tynivintage.com\/vi\/wp-json\/wp\/v2\/media\/1913"}],"wp:attachment":[{"href":"https:\/\/tynivintage.com\/vi\/wp-json\/wp\/v2\/media?parent=4782"}],"wp:term":[{"taxonomy":"product_brand","embeddable":true,"href":"https:\/\/tynivintage.com\/vi\/wp-json\/wp\/v2\/product_brand?post=4782"},{"taxonomy":"product_cat","embeddable":true,"href":"https:\/\/tynivintage.com\/vi\/wp-json\/wp\/v2\/product_cat?post=4782"},{"taxonomy":"product_tag","embeddable":true,"href":"https:\/\/tynivintage.com\/vi\/wp-json\/wp\/v2\/product_tag?post=4782"}],"curies":[{"name":"wp","href":"https:\/\/api.w.org\/{rel}","templated":true}]}}