{"id":4740,"date":"2025-01-26T18:49:08","date_gmt":"2025-03-16T15:43:41","guid":{"rendered":"https:\/\/tynivintage.com\/?post_type=product&#038;p=4740"},"modified":"2025-03-16T22:44:53","modified_gmt":"2025-03-16T15:44:53","slug":"sergio-rossi-giay-cao-got-mui-nhon-mau-den","status":"publish","type":"product","link":"https:\/\/tynivintage.com\/vi\/san-pham\/sergio-rossi-giay-cao-got-mui-nhon-mau-den\/","title":{"rendered":"Sergio Rossi gi\u00e0y cao g\u00f3t m\u0169i nh\u1ecdn m\u00e0u \u0111en"},"content":{"rendered":"<p>Gi\u00e0y cao g\u00f3t Sergio Rossi<\/p>\n<p>&#8211; Thi\u1ebft k\u1ebf sang tr\u1ecdng v\u00e0 h\u1ee3p th\u1eddi trang: Gi\u00e0y cao g\u00f3t m\u0169i nh\u1ecdn, thanh l\u1ecbch v\u00e0 n\u1eef t\u00ednh, gi\u00fap \u0111\u00f4i ch\u00e2n tr\u00f4ng d\u00e0i h\u01a1n. H\u00ecnh d\u00e1ng \u00f4m s\u00e1t b\u00e0n ch\u00e2n t\u1ea1o c\u1ea3m gi\u00e1c v\u1eeba v\u1eb7n tho\u1ea3i m\u00e1i v\u00e0 sang tr\u1ecdng.<\/p>\n<p>Ch\u1ea5t li\u1ec7u: Da \u0111en cao c\u1ea5p, to\u00e1t l\u00ean v\u1ebb ngo\u00e0i t\u1ed1i gi\u1ea3n nh\u01b0ng cu\u1ed1n h\u00fat, d\u1ec5 d\u00e0ng ph\u1ed1i h\u1ee3p v\u1edbi nhi\u1ec1u phong c\u00e1ch th\u1eddi trang kh\u00e1c nhau.<\/p>\n<p>G\u00f3t ch\u00e2n: G\u00f3t nh\u1ecdn cao kho\u1ea3ng 8-10cm, t\u1ea1o chi\u1ec1u cao v\u1eeba ph\u1ea3i, t\u00f4n d\u00e1ng d\u00e1ng nh\u01b0ng v\u1eabn gi\u1eef \u0111\u01b0\u1ee3c s\u1ef1 tho\u1ea3i m\u00e1i khi di chuy\u1ec3n.<\/p>\n<p>T\u00ecnh tr\u1ea1ng: S\u1ea3n ph\u1ea9m \u0111\u00e3 qua s\u1eed d\u1ee5ng, v\u1eabn c\u00f2n r\u1ea5t m\u1edbi v\u00e0 b\u1ec1n. Kh\u00f4ng c\u00f3 d\u1ea5u hi\u1ec7u h\u01b0 h\u1ecfng l\u1edbn ho\u1eb7c tr\u1ea7y x\u01b0\u1edbc nghi\u00eam tr\u1ecdng.<\/p>\n<p>K\u00edch th\u01b0\u1edbc 36<\/p>\n","protected":false},"excerpt":{"rendered":"<p>Gi\u00e0y cao g\u00f3t m\u0169i nh\u1ecdn, thanh l\u1ecbch v\u00e0 n\u1eef t\u00ednh, gi\u00fap \u0111\u00f4i ch\u00e2n tr\u00f4ng d\u00e0i h\u01a1n. H\u00ecnh d\u00e1ng \u00f4m s\u00e1t b\u00e0n ch\u00e2n t\u1ea1o c\u1ea3m gi\u00e1c v\u1eeba v\u1eb7n tho\u1ea3i m\u00e1i v\u00e0 sang tr\u1ecdng.<\/p>\n","protected":false},"featured_media":1510,"comment_status":"open","ping_status":"closed","template":"","meta":{"inline_featured_image":false},"product_brand":[],"product_cat":[37],"product_tag":[],"class_list":{"0":"post-4740","1":"product","2":"type-product","3":"status-publish","4":"has-post-thumbnail","6":"product_cat-thoi-trang","8":"first","9":"instock","10":"shipping-taxable","11":"purchasable","12":"product-type-simple"},"acf":[],"_links":{"self":[{"href":"https:\/\/tynivintage.com\/vi\/wp-json\/wp\/v2\/product\/4740","targetHints":{"allow":["GET"]}}],"collection":[{"href":"https:\/\/tynivintage.com\/vi\/wp-json\/wp\/v2\/product"}],"about":[{"href":"https:\/\/tynivintage.com\/vi\/wp-json\/wp\/v2\/types\/product"}],"replies":[{"embeddable":true,"href":"https:\/\/tynivintage.com\/vi\/wp-json\/wp\/v2\/comments?post=4740"}],"wp:featuredmedia":[{"embeddable":true,"href":"https:\/\/tynivintage.com\/vi\/wp-json\/wp\/v2\/media\/1510"}],"wp:attachment":[{"href":"https:\/\/tynivintage.com\/vi\/wp-json\/wp\/v2\/media?parent=4740"}],"wp:term":[{"taxonomy":"product_brand","embeddable":true,"href":"https:\/\/tynivintage.com\/vi\/wp-json\/wp\/v2\/product_brand?post=4740"},{"taxonomy":"product_cat","embeddable":true,"href":"https:\/\/tynivintage.com\/vi\/wp-json\/wp\/v2\/product_cat?post=4740"},{"taxonomy":"product_tag","embeddable":true,"href":"https:\/\/tynivintage.com\/vi\/wp-json\/wp\/v2\/product_tag?post=4740"}],"curies":[{"name":"wp","href":"https:\/\/api.w.org\/{rel}","templated":true}]}}