{"id":4729,"date":"2025-01-26T13:35:48","date_gmt":"2025-03-16T15:38:22","guid":{"rendered":"https:\/\/tynivintage.com\/?post_type=product&#038;p=4729"},"modified":"2025-03-27T21:55:21","modified_gmt":"2025-03-27T14:55:21","slug":"tui-deo-vai-miumiu-co-dien","status":"publish","type":"product","link":"https:\/\/tynivintage.com\/vi\/san-pham\/tui-deo-vai-miumiu-co-dien\/","title":{"rendered":"T\u00fai \u0111eo vai Miumiu c\u1ed5 \u0111i\u1ec3n"},"content":{"rendered":"<p>1. Thi\u1ebft k\u1ebf t\u1ed5ng th\u1ec3:<\/p>\n<p>Chi\u1ebfc t\u00fai c\u00f3 h\u00ecnh v\u00f2m tr\u00f2n v\u1edbi nh\u1eefng \u0111\u01b0\u1eddng cong m\u1ec1m m\u1ea1i, to\u00e1t l\u00ean v\u1ebb thanh l\u1ecbch v\u00e0 n\u1eef t\u00ednh.<\/p>\n<p>T\u00fai c\u00f3 k\u00edch th\u01b0\u1edbc v\u1eeba ph\u1ea3i, l\u00fd t\u01b0\u1edfng \u0111\u1ec3 \u0111\u1ef1ng nh\u1eefng v\u1eadt d\u1ee5ng c\u1ea7n thi\u1ebft nh\u01b0 \u0111i\u1ec7n tho\u1ea1i, v\u00ed, m\u1ef9 ph\u1ea9m nh\u1ecf v\u00e0 ph\u1ee5 ki\u1ec7n c\u00e1 nh\u00e2n.<\/p>\n<p>M\u00e0u h\u1ed3ng r\u1ef1c r\u1ee1 n\u1ed5i b\u1eadt m\u1ed9t c\u00e1ch d\u1ec5 d\u00e0ng, r\u1ea5t ph\u00f9 h\u1ee3p v\u1edbi nh\u1eefng ai y\u00eau th\u00edch phong c\u00e1ch th\u1eddi trang tr\u1ebb trung v\u00e0 n\u0103ng \u0111\u1ed9ng.<\/p>\n<p>2. T\u00ednh n\u0103ng chi ti\u1ebft:<\/p>\n<p>Logo th\u01b0\u01a1ng hi\u1ec7u: Logo \u201cMiu Miu\u201d m\u00e0u v\u00e0ng s\u00e1ng b\u00f3ng \u0111\u01b0\u1ee3c hi\u1ec3n th\u1ecb n\u1ed5i b\u1eadt \u1edf m\u1eb7t tr\u01b0\u1edbc, t\u1ea1o th\u00eam n\u00e9t sang tr\u1ecdng v\u00e0 \u0111\u1eb7c bi\u1ec7t.<\/p>\n<p>Tay c\u1ea7m: Tay c\u1ea7m k\u00e9p \u0111\u01b0\u1ee3c b\u1ecdc da \u0111\u1ed3ng b\u1ed9, \u0111\u1ea3m b\u1ea3o \u0111\u1ed9 ch\u1eafc ch\u1eafn v\u00e0 tho\u1ea3i m\u00e1i khi c\u1ea7m.<\/p>\n<p>Kh\u00f3a k\u00e9o: Kh\u00f3a k\u00e9o v\u00e0ng ho\u1ea1t \u0111\u1ed9ng tr\u01a1n tru, gi\u00fap gi\u1eef an to\u00e0n cho \u0111\u1ed3 \u0111\u1ea1c c\u1ee7a b\u1ea1n b\u00ean trong t\u00fai.<\/p>\n<p>3. Phong c\u00e1ch v\u00e0 t\u00ednh linh ho\u1ea1t:<\/p>\n<p>Chi\u1ebfc t\u00fai n\u00e0y r\u1ea5t \u0111a n\u0103ng v\u00e0 ph\u00f9 h\u1ee3p cho nhi\u1ec1u d\u1ecbp kh\u00e1c nhau, bao g\u1ed3m \u0111i ch\u01a1i, mua s\u1eafm, ti\u1ec7c t\u00f9ng ho\u1eb7c th\u1eadm ch\u00ed l\u00e0 \u0111i l\u00e0m.<\/p>\n<p>C\u00f3 th\u1ec3 x\u00e1ch tay ho\u1eb7c \u0111eo k\u00e8m d\u00e2y \u0111eo vai (n\u1ebfu c\u00f3) \u0111\u1ec3 thu\u1eadn ti\u1ec7n h\u01a1n.<\/p>\n<p>K\u00edch th\u01b0\u1edbc: 25x20cm<\/p>\n","protected":false},"excerpt":{"rendered":"<p>Chi\u1ebfc t\u00fai x\u00e1ch Miu Miu n\u00e0y c\u00f3 thi\u1ebft k\u1ebf h\u00ecnh v\u00f2m sang tr\u1ecdng v\u1edbi ch\u1ea5t li\u1ec7u da cao c\u1ea5p m\u00e0u h\u1ed3ng r\u1ef1c r\u1ee1, to\u00e1t l\u00ean v\u1ebb sang tr\u1ecdng v\u00e0 n\u1eef t\u00ednh. Logo &#8220;Miu Miu&#8221; m\u00e0u v\u00e0ng t\u1ea1o th\u00eam n\u00e9t sang tr\u1ecdng, trong khi tay c\u1ea7m b\u1eb1ng da ch\u1eafc ch\u1eafn \u0111\u1ea3m b\u1ea3o tho\u1ea3i m\u00e1i khi mang theo. L\u00fd t\u01b0\u1edfng cho c\u00e1c chuy\u1ebfn \u0111i ch\u01a1i, ti\u1ec7c t\u00f9ng ho\u1eb7c s\u1eed d\u1ee5ng h\u00e0ng ng\u00e0y, chi\u1ebfc t\u00fai n\u00e0y k\u1ebft h\u1ee3p phong c\u00e1ch v\u00e0 ch\u1ee9c n\u0103ng m\u1ed9t c\u00e1ch d\u1ec5 d\u00e0ng.<\/p>\n","protected":false},"featured_media":5370,"comment_status":"open","ping_status":"closed","template":"","meta":{"inline_featured_image":false},"product_brand":[],"product_cat":[36],"product_tag":[],"class_list":{"0":"post-4729","1":"product","2":"type-product","3":"status-publish","4":"has-post-thumbnail","6":"product_cat-tui-xach","8":"first","9":"instock","10":"shipping-taxable","11":"purchasable","12":"product-type-simple"},"acf":[],"_links":{"self":[{"href":"https:\/\/tynivintage.com\/vi\/wp-json\/wp\/v2\/product\/4729","targetHints":{"allow":["GET"]}}],"collection":[{"href":"https:\/\/tynivintage.com\/vi\/wp-json\/wp\/v2\/product"}],"about":[{"href":"https:\/\/tynivintage.com\/vi\/wp-json\/wp\/v2\/types\/product"}],"replies":[{"embeddable":true,"href":"https:\/\/tynivintage.com\/vi\/wp-json\/wp\/v2\/comments?post=4729"}],"wp:featuredmedia":[{"embeddable":true,"href":"https:\/\/tynivintage.com\/vi\/wp-json\/wp\/v2\/media\/5370"}],"wp:attachment":[{"href":"https:\/\/tynivintage.com\/vi\/wp-json\/wp\/v2\/media?parent=4729"}],"wp:term":[{"taxonomy":"product_brand","embeddable":true,"href":"https:\/\/tynivintage.com\/vi\/wp-json\/wp\/v2\/product_brand?post=4729"},{"taxonomy":"product_cat","embeddable":true,"href":"https:\/\/tynivintage.com\/vi\/wp-json\/wp\/v2\/product_cat?post=4729"},{"taxonomy":"product_tag","embeddable":true,"href":"https:\/\/tynivintage.com\/vi\/wp-json\/wp\/v2\/product_tag?post=4729"}],"curies":[{"name":"wp","href":"https:\/\/api.w.org\/{rel}","templated":true}]}}