{"id":4713,"date":"2025-01-26T18:57:09","date_gmt":"2025-03-16T15:20:56","guid":{"rendered":"https:\/\/tynivintage.com\/?post_type=product&#038;p=4713"},"modified":"2025-03-16T22:20:56","modified_gmt":"2025-03-16T15:20:56","slug":"tui-coach-cricker-mau-kem-va-trang","status":"publish","type":"product","link":"https:\/\/tynivintage.com\/vi\/san-pham\/tui-coach-cricker-mau-kem-va-trang\/","title":{"rendered":"T\u00fai Coach Cricker m\u00e0u Kem v\u00e0 Tr\u1eafng"},"content":{"rendered":"<p>M\u00f4 t\u1ea3 S\u1ea3n ph\u1ea9m:<\/p>\n<p>&#x2728; T\u00fai x\u00e1ch da m\u1ec1m c\u1ee7a Coach \u2013 Thanh l\u1ecbch v\u00e0 sang tr\u1ecdng &#x2728;<\/p>\n<p>Th\u01b0\u01a1ng hi\u1ec7u: Hu\u1ea5n luy\u1ec7n vi\u00ean<\/p>\n<p>M\u00e0u s\u1eafc: Kem m\u1ec1m v\u1edbi c\u00e1c \u0111i\u1ec3m nh\u1ea5n m\u00e0u tr\u1eafng, d\u1ec5 tr\u1ed9n v\u00e0 k\u1ebft h\u1ee3p<\/p>\n<p>Ch\u1ea5t li\u1ec7u: Da m\u1ec1m cao c\u1ea5p v\u1edbi c\u1ea3m gi\u00e1c m\u1ecbn m\u00e0ng, sang tr\u1ecdng<\/p>\n<p>Thi\u1ebft k\u1ebf:<\/p>\n<p>T\u00fai x\u00e1ch th\u1eddi trang, ho\u00e0n h\u1ea3o cho c\u00f4ng vi\u1ec7c ho\u1eb7c \u0111i ch\u01a1i b\u00ecnh th\u01b0\u1eddng<\/p>\n<p>T\u00fai tr\u01b0\u1edbc v\u1edbi kh\u00f3a xoay t\u00f4ng m\u00e0u v\u00e0ng sang tr\u1ecdng<\/p>\n<p>Ng\u0103n ch\u00ednh r\u1ed9ng r\u00e3i ph\u00f9 h\u1ee3p v\u1edbi v\u00ed, \u0111i\u1ec7n tho\u1ea1i v\u00e0 c\u00e1c v\u1eadt d\u1ee5ng c\u1ea7n thi\u1ebft<\/p>\n<p>Tay c\u1ea7m ch\u1eafc ch\u1eafn \u0111\u1ec3 mang theo tho\u1ea3i m\u00e1i c\u1ea3 ng\u00e0y<\/p>\n<p>Phong c\u00e1ch: Tinh t\u1ebf v\u00e0 v\u01b0\u1ee3t th\u1eddi gian, l\u00fd t\u01b0\u1edfng cho nh\u1eefng ai y\u00eau th\u00edch s\u1ef1 sang tr\u1ecdng v\u00e0 ch\u1ee9c n\u0103ng<\/p>\n<p>K\u00edch th\u01b0\u1edbc 36&#215;24 cm<\/p>\n","protected":false},"excerpt":{"rendered":"<p>T\u00fai x\u00e1ch m\u00e0u tr\u1eafng v\u00e0 m\u00e0u kem thanh l\u1ecbch \u0111\u01b0\u1ee3c l\u00e0m t\u1eeb da m\u1ec1m cao c\u1ea5p. C\u00f3 t\u00fai tr\u01b0\u1edbc kh\u00f3a xoay t\u00f4ng m\u00e0u v\u00e0ng sang tr\u1ecdng v\u00e0 ng\u0103n ch\u00ednh r\u1ed9ng r\u00e3i. Ho\u00e0n h\u1ea3o cho c\u00f4ng vi\u1ec7c ho\u1eb7c \u0111i ch\u01a1i b\u00ecnh th\u01b0\u1eddng!\u00a0&#x2764;&#xfe0f;<\/p>\n","protected":false},"featured_media":1773,"comment_status":"open","ping_status":"closed","template":"","meta":{"inline_featured_image":false},"product_brand":[],"product_cat":[36],"product_tag":[],"class_list":{"0":"post-4713","1":"product","2":"type-product","3":"status-publish","4":"has-post-thumbnail","6":"product_cat-tui-xach","8":"first","9":"outofstock","10":"shipping-taxable","11":"purchasable","12":"product-type-simple"},"acf":[],"_links":{"self":[{"href":"https:\/\/tynivintage.com\/vi\/wp-json\/wp\/v2\/product\/4713","targetHints":{"allow":["GET"]}}],"collection":[{"href":"https:\/\/tynivintage.com\/vi\/wp-json\/wp\/v2\/product"}],"about":[{"href":"https:\/\/tynivintage.com\/vi\/wp-json\/wp\/v2\/types\/product"}],"replies":[{"embeddable":true,"href":"https:\/\/tynivintage.com\/vi\/wp-json\/wp\/v2\/comments?post=4713"}],"wp:featuredmedia":[{"embeddable":true,"href":"https:\/\/tynivintage.com\/vi\/wp-json\/wp\/v2\/media\/1773"}],"wp:attachment":[{"href":"https:\/\/tynivintage.com\/vi\/wp-json\/wp\/v2\/media?parent=4713"}],"wp:term":[{"taxonomy":"product_brand","embeddable":true,"href":"https:\/\/tynivintage.com\/vi\/wp-json\/wp\/v2\/product_brand?post=4713"},{"taxonomy":"product_cat","embeddable":true,"href":"https:\/\/tynivintage.com\/vi\/wp-json\/wp\/v2\/product_cat?post=4713"},{"taxonomy":"product_tag","embeddable":true,"href":"https:\/\/tynivintage.com\/vi\/wp-json\/wp\/v2\/product_tag?post=4713"}],"curies":[{"name":"wp","href":"https:\/\/api.w.org\/{rel}","templated":true}]}}