{"id":4701,"date":"2025-01-26T20:51:02","date_gmt":"2025-03-16T15:11:10","guid":{"rendered":"https:\/\/tynivintage.com\/?post_type=product&#038;p=4701"},"modified":"2025-03-16T22:11:10","modified_gmt":"2025-03-16T15:11:10","slug":"giay-cao-got-den-sergio-rossi","status":"publish","type":"product","link":"https:\/\/tynivintage.com\/vi\/san-pham\/giay-cao-got-den-sergio-rossi\/","title":{"rendered":"Gi\u00e0y cao g\u00f3t \u0111en Sergio Rossi"},"content":{"rendered":"<p>Thi\u1ebft k\u1ebf: Gi\u00e0y cao g\u00f3t h\u1edf m\u0169i v\u1edbi kh\u00f3a kim lo\u1ea1i c\u00f3 th\u1ec3 \u0111i\u1ec1u ch\u1ec9nh \u1edf d\u00e2y \u0111eo ph\u00eda sau. Thi\u1ebft k\u1ebf to\u00e1t l\u00ean v\u1ebb sang tr\u1ecdng, ph\u00f9 h\u1ee3p cho nhi\u1ec1u d\u1ecbp kh\u00e1c nhau.<\/p>\n<p>Ch\u1ea5t li\u1ec7u: Da s\u00e1ng ch\u1ebf m\u00e0u \u0111en cao c\u1ea5p, \u0111\u01b0\u1ee3c b\u1ed5 sung b\u1edfi \u0111\u1ebf vi\u1ec1n tr\u1eafng cho c\u1ea3m gi\u00e1c hi\u1ec7n \u0111\u1ea1i v\u00e0 tinh t\u1ebf.<\/p>\n<p>G\u00f3t ch\u00e2n: Chi\u1ec1u cao kho\u1ea3ng 7-8cm, mang l\u1ea1i s\u1ef1 tho\u1ea3i m\u00e1i \u0111\u1ed3ng th\u1eddi n\u00e2ng cao t\u01b0 th\u1ebf c\u1ee7a b\u1ea1n.<\/p>\n<p>T\u00ecnh tr\u1ea1ng: M\u1eb7t h\u00e0ng \u0111\u00e3 qua s\u1eed d\u1ee5ng, nh\u01b0ng v\u1eabn \u1edf trong t\u00ecnh tr\u1ea1ng tuy\u1ec7t v\u1eddi v\u00e0 kh\u00f4ng c\u00f3 d\u1ea5u hi\u1ec7u hao m\u00f2n ho\u1eb7c h\u01b0 h\u1ecfng \u0111\u00e1ng k\u1ec3.<\/p>\n<p>\u0110\u00e2y l\u00e0 m\u1ed9t c\u1eb7p ho\u00e0n h\u1ea3o \u0111\u1ec3 th\u00eam v\u00e0o b\u1ed9 s\u01b0u t\u1eadp c\u1ee7a b\u1ea1n, d\u1ec5 d\u00e0ng k\u1ebft h\u1ee3p v\u1edbi trang ph\u1ee5c c\u00f4ng s\u1edf, v\u00e1y d\u1ef1 ti\u1ec7c ho\u1eb7c trang ph\u1ee5c gi\u1ea3n d\u1ecb.<\/p>\n<p>K\u00edch th\u01b0\u1edbc : 36<\/p>\n","protected":false},"excerpt":{"rendered":"<p>Gi\u00e0y cao g\u00f3t h\u1edf m\u0169i v\u1edbi kh\u00f3a kim lo\u1ea1i c\u00f3 th\u1ec3 \u0111i\u1ec1u ch\u1ec9nh \u1edf d\u00e2y \u0111eo ph\u00eda sau. Thi\u1ebft k\u1ebf to\u00e1t l\u00ean v\u1ebb sang tr\u1ecdng, ph\u00f9 h\u1ee3p cho nhi\u1ec1u d\u1ecbp kh\u00e1c nhau.<\/p>\n","protected":false},"featured_media":1528,"comment_status":"open","ping_status":"closed","template":"","meta":{"inline_featured_image":false},"product_brand":[],"product_cat":[37],"product_tag":[],"class_list":{"0":"post-4701","1":"product","2":"type-product","3":"status-publish","4":"has-post-thumbnail","6":"product_cat-thoi-trang","8":"first","9":"instock","10":"shipping-taxable","11":"purchasable","12":"product-type-simple"},"acf":[],"_links":{"self":[{"href":"https:\/\/tynivintage.com\/vi\/wp-json\/wp\/v2\/product\/4701","targetHints":{"allow":["GET"]}}],"collection":[{"href":"https:\/\/tynivintage.com\/vi\/wp-json\/wp\/v2\/product"}],"about":[{"href":"https:\/\/tynivintage.com\/vi\/wp-json\/wp\/v2\/types\/product"}],"replies":[{"embeddable":true,"href":"https:\/\/tynivintage.com\/vi\/wp-json\/wp\/v2\/comments?post=4701"}],"wp:featuredmedia":[{"embeddable":true,"href":"https:\/\/tynivintage.com\/vi\/wp-json\/wp\/v2\/media\/1528"}],"wp:attachment":[{"href":"https:\/\/tynivintage.com\/vi\/wp-json\/wp\/v2\/media?parent=4701"}],"wp:term":[{"taxonomy":"product_brand","embeddable":true,"href":"https:\/\/tynivintage.com\/vi\/wp-json\/wp\/v2\/product_brand?post=4701"},{"taxonomy":"product_cat","embeddable":true,"href":"https:\/\/tynivintage.com\/vi\/wp-json\/wp\/v2\/product_cat?post=4701"},{"taxonomy":"product_tag","embeddable":true,"href":"https:\/\/tynivintage.com\/vi\/wp-json\/wp\/v2\/product_tag?post=4701"}],"curies":[{"name":"wp","href":"https:\/\/api.w.org\/{rel}","templated":true}]}}