{"id":4686,"date":"2025-02-08T06:39:53","date_gmt":"2025-03-16T15:04:41","guid":{"rendered":"https:\/\/tynivintage.com\/?post_type=product&#038;p=4686"},"modified":"2025-03-16T22:04:41","modified_gmt":"2025-03-16T15:04:41","slug":"tui-xach-vintage-gucci-monogram-boston-co-vua","status":"publish","type":"product","link":"https:\/\/tynivintage.com\/vi\/san-pham\/tui-xach-vintage-gucci-monogram-boston-co-vua\/","title":{"rendered":"T\u00fai x\u00e1ch Vintage Gucci Monogram Boston (c\u1ee1 v\u1eeba)"},"content":{"rendered":"<p>Th\u00f4ng tin s\u1ea3n ph\u1ea9m<br \/>\nTh\u01b0\u01a1ng hi\u1ec7u: Gucci<br \/>\nM\u00f4 h\u00ecnh: T\u00fai Boston (K\u00edch th\u01b0\u1edbc trung b\u00ecnh)<br \/>\nM\u00e0u s\u1eafc: N\u00e2u<br \/>\nCh\u1ea5t li\u1ec7u: GG Monogram Canvas v\u1edbi trang tr\u00ed da<br \/>\nPh\u1ea7n c\u1ee9ng: Kim lo\u1ea1i t\u00f4ng m\u00e0u v\u00e0ng<br \/>\nN\u1ed9i th\u1ea5t: L\u1edbp l\u00f3t v\u1ea3i c\u00f3 t\u00fai c\u00f3 kh\u00f3a k\u00e9o<br \/>\nTay c\u1ea7m: Tay c\u1ea7m b\u1eb1ng da k\u00e9p (37 cm)<br \/>\n\u0110\u00f3ng c\u1eeda: Kh\u00f3a k\u00e9o h\u00e0ng \u0111\u1ea7u<br \/>\nK\u00edch th\u01b0\u1edbc: 23 cm (L) x 28,5 cm (W) x 8 cm (D)<br \/>\nT\u00ecnh tr\u1ea1ng v\u00e0 d\u1ea5u hi\u1ec7u m\u00e0i m\u00f2n<br \/>\nC\u00e1c g\u00f3c: Tr\u1ea7y x\u01b0\u1edbc do s\u1eed d\u1ee5ng<br \/>\nTrang tr\u00ed da: M\u00f2n c\u00f3 th\u1ec3 nh\u00ecn th\u1ea5y v\u00e0 s\u1eabm m\u00e0u nh\u1eb9<br \/>\nTay c\u1ea7m: M\u1ed9t s\u1ed1 d\u1ea5u hi\u1ec7u l\u00e3o h\u00f3a v\u00e0 v\u1ebft n\u1ee9t b\u1ec1 m\u1eb7t<br \/>\nPh\u1ea7n c\u1ee9ng: Tr\u1ea7y x\u01b0\u1edbc nh\u1ecf v\u00e0 x\u1ec9n m\u00e0u nh\u1eb9<br \/>\nN\u1ed9i th\u1ea5t: B\u1ea9n v\u1edbi m\u1ed9t s\u1ed1 v\u1ebft b\u1ea9n c\u00f3 th\u1ec3 nh\u00ecn th\u1ea5y<br \/>\nPh\u1ee5 ki\u1ec7n: \u0110i k\u00e8m v\u1edbi m\u1ed9t t\u00fai l\u01b0u tr\u1eef<\/p>\n","protected":false},"excerpt":{"rendered":"<p>T\u00fai Gucci Monogram Boston c\u1ed5 \u0111i\u1ec3n (K\u00edch th\u01b0\u1edbc trung b\u00ecnh) \u2013 Authentic &amp; Timeless T\u00fai x\u00e1ch Gucci Monogram Boston c\u1ed5 \u0111i\u1ec3n n\u00e0y l\u00e0 m\u1ed9t m\u00f3n \u0111\u1ed3 xa x\u1ec9 \u0111\u00edch th\u1ef1c, \u0111\u01b0\u1ee3c y\u00eau th\u00edch \u0111\u00e3 \u0111\u1ee9ng tr\u01b0\u1edbc th\u1eed th\u00e1ch c\u1ee7a th\u1eddi gian. \u0110\u01b0\u1ee3c ch\u1ebf t\u00e1c t\u1eeb v\u1ea3i b\u1ea1t ch\u1eef l\u1ed3ng GG mang t\u00ednh bi\u1ec3u t\u01b0\u1ee3ng, n\u00f3 v\u1eeba phong c\u00e1ch v\u1eeba b\u1ec1n, \u0111\u01b0\u1ee3c b\u1ed5 sung b\u1edfi c\u00e1c \u0111\u01b0\u1eddng vi\u1ec1n da th\u1eadt v\u00e0 tay c\u1ea7m ch\u1eafc ch\u1eafn.<\/p>\n","protected":false},"featured_media":1602,"comment_status":"open","ping_status":"closed","template":"","meta":{"inline_featured_image":false},"product_brand":[],"product_cat":[36],"product_tag":[],"class_list":{"0":"post-4686","1":"product","2":"type-product","3":"status-publish","4":"has-post-thumbnail","6":"product_cat-tui-xach","8":"first","9":"outofstock","10":"shipping-taxable","11":"purchasable","12":"product-type-simple"},"acf":[],"_links":{"self":[{"href":"https:\/\/tynivintage.com\/vi\/wp-json\/wp\/v2\/product\/4686","targetHints":{"allow":["GET"]}}],"collection":[{"href":"https:\/\/tynivintage.com\/vi\/wp-json\/wp\/v2\/product"}],"about":[{"href":"https:\/\/tynivintage.com\/vi\/wp-json\/wp\/v2\/types\/product"}],"replies":[{"embeddable":true,"href":"https:\/\/tynivintage.com\/vi\/wp-json\/wp\/v2\/comments?post=4686"}],"wp:featuredmedia":[{"embeddable":true,"href":"https:\/\/tynivintage.com\/vi\/wp-json\/wp\/v2\/media\/1602"}],"wp:attachment":[{"href":"https:\/\/tynivintage.com\/vi\/wp-json\/wp\/v2\/media?parent=4686"}],"wp:term":[{"taxonomy":"product_brand","embeddable":true,"href":"https:\/\/tynivintage.com\/vi\/wp-json\/wp\/v2\/product_brand?post=4686"},{"taxonomy":"product_cat","embeddable":true,"href":"https:\/\/tynivintage.com\/vi\/wp-json\/wp\/v2\/product_cat?post=4686"},{"taxonomy":"product_tag","embeddable":true,"href":"https:\/\/tynivintage.com\/vi\/wp-json\/wp\/v2\/product_tag?post=4686"}],"curies":[{"name":"wp","href":"https:\/\/api.w.org\/{rel}","templated":true}]}}