{"id":4679,"date":"2025-02-12T10:02:09","date_gmt":"2025-03-16T14:58:04","guid":{"rendered":"https:\/\/tynivintage.com\/?post_type=product&#038;p=4679"},"modified":"2025-03-16T21:58:04","modified_gmt":"2025-03-16T14:58:04","slug":"tui-deo-vai-coach-mini-signature-gray-canvas-leather","status":"publish","type":"product","link":"https:\/\/tynivintage.com\/vi\/san-pham\/tui-deo-vai-coach-mini-signature-gray-canvas-leather\/","title":{"rendered":"T\u00fai \u0111eo vai COACH Mini Signature \u2013 Gray Canvas &#038; Leather"},"content":{"rendered":"<p>Th\u00f4ng tin chi ti\u1ebft s\u1ea3n ph\u1ea9m<br \/>\nTh\u01b0\u01a1ng hi\u1ec7u: COACH<br \/>\nM\u00f4 h\u00ecnh: T\u00fai \u0111eo vai mini signature<br \/>\nM\u00e0u s\u1eafc: X\u00e1m<br \/>\nCh\u1ea5t li\u1ec7u: Canvas &amp; Da<br \/>\nPhong c\u00e1ch: T\u00fai \u0111eo vai<br \/>\n\u0110\u00f3ng c\u1eeda: D\u00e2y k\u00e9o<br \/>\nK\u00edch th\u01b0\u1edbc<br \/>\nChi\u1ec1u r\u1ed9ng: 16,5 cm<br \/>\nChi\u1ec1u cao: 21,5 cm<br \/>\nChi\u1ec1u s\u00e2u: 1 cm<br \/>\n\u0110i\u1ec1u ki\u1ec7n<br \/>\n\u0110\u00e1nh gi\u00e1: \u3010B +\u3011 T\u00ecnh tr\u1ea1ng c\u1ed5 \u0111i\u1ec3n t\u1ed1t v\u1edbi c\u00e1c d\u1ea5u hi\u1ec7u hao m\u00f2n c\u00f3 th\u1ec3 nh\u00ecn th\u1ea5y<br \/>\nNgo\u1ea1i th\u1ea5t: V\u1ea3i b\u1ecb phai m\u00e0u nh\u1eb9 v\u00e0 hao m\u00f2n nh\u1eb9 do tu\u1ed5i t\u00e1c<br \/>\nTrang tr\u00ed da: M\u1ed9t s\u1ed1 tr\u1ea7y x\u01b0\u1edbc, \u0111\u1eb7c bi\u1ec7t l\u00e0 \u1edf c\u00e1c c\u1ea1nh<br \/>\nG\u00f3c d\u01b0\u1edbi: S\u1eddn v\u00e0 m\u00f2n \u0111\u00e1ng ch\u00fa \u00fd<br \/>\nCanvas: M\u1ed9t s\u1ed1 khu v\u1ef1c c\u00f3 v\u1ebb h\u01a1i m\u00f2n v\u00e0 \u0111\u1ed5i m\u00e0u<br \/>\nPh\u1ea7n c\u1ee9ng: C\u00e1c v\u1ebft x\u01b0\u1edbc nh\u1ecf nh\u01b0ng v\u1eabn ho\u1ea1t \u0111\u1ed9ng<br \/>\nN\u1ed9i th\u1ea5t: S\u1ea1ch s\u1ebd kh\u00f4ng c\u00f3 v\u1ebft b\u1ea9n ho\u1eb7c h\u01b0 h\u1ecfng l\u1edbn<\/p>\n","protected":false},"excerpt":{"rendered":"<p>T\u00fai \u0111eo vai COACH Mini Signature n\u00e0y c\u00f3 thi\u1ebft k\u1ebf b\u00f3ng b\u1ea9y v\u00e0 thanh l\u1ecbch, ho\u00e0n h\u1ea3o \u0111\u1ec3 s\u1eed d\u1ee5ng h\u00e0ng ng\u00e0y. V\u1edbi k\u00edch th\u01b0\u1edbc nh\u1ecf g\u1ecdn v\u00e0 k\u1ebft c\u1ea5u nh\u1eb9, \u0111\u00e2y l\u00e0 m\u1ed9t l\u1ef1a ch\u1ecdn phong c\u00e1ch nh\u01b0ng thi\u1ebft th\u1ef1c \u0111\u1ec3 mang theo nh\u1eefng v\u1eadt d\u1ee5ng c\u1ea7n thi\u1ebft. Chi\u1ebfc t\u00fai \u1edf trong t\u00ecnh tr\u1ea1ng tuy\u1ec7t v\u1eddi, l\u00e0m cho n\u00f3 tr\u1edf th\u00e0nh m\u1ed9t b\u1ed5 sung tuy\u1ec7t v\u1eddi cho b\u1ea5t k\u1ef3 b\u1ed9 s\u01b0u t\u1eadp n\u00e0o<\/p>\n","protected":false},"featured_media":1644,"comment_status":"open","ping_status":"closed","template":"","meta":{"inline_featured_image":false},"product_brand":[],"product_cat":[36],"product_tag":[],"class_list":{"0":"post-4679","1":"product","2":"type-product","3":"status-publish","4":"has-post-thumbnail","6":"product_cat-tui-xach","8":"first","9":"outofstock","10":"shipping-taxable","11":"purchasable","12":"product-type-simple"},"acf":[],"_links":{"self":[{"href":"https:\/\/tynivintage.com\/vi\/wp-json\/wp\/v2\/product\/4679","targetHints":{"allow":["GET"]}}],"collection":[{"href":"https:\/\/tynivintage.com\/vi\/wp-json\/wp\/v2\/product"}],"about":[{"href":"https:\/\/tynivintage.com\/vi\/wp-json\/wp\/v2\/types\/product"}],"replies":[{"embeddable":true,"href":"https:\/\/tynivintage.com\/vi\/wp-json\/wp\/v2\/comments?post=4679"}],"wp:featuredmedia":[{"embeddable":true,"href":"https:\/\/tynivintage.com\/vi\/wp-json\/wp\/v2\/media\/1644"}],"wp:attachment":[{"href":"https:\/\/tynivintage.com\/vi\/wp-json\/wp\/v2\/media?parent=4679"}],"wp:term":[{"taxonomy":"product_brand","embeddable":true,"href":"https:\/\/tynivintage.com\/vi\/wp-json\/wp\/v2\/product_brand?post=4679"},{"taxonomy":"product_cat","embeddable":true,"href":"https:\/\/tynivintage.com\/vi\/wp-json\/wp\/v2\/product_cat?post=4679"},{"taxonomy":"product_tag","embeddable":true,"href":"https:\/\/tynivintage.com\/vi\/wp-json\/wp\/v2\/product_tag?post=4679"}],"curies":[{"name":"wp","href":"https:\/\/api.w.org\/{rel}","templated":true}]}}