{"id":4669,"date":"2025-02-09T08:25:57","date_gmt":"2025-03-16T14:51:58","guid":{"rendered":"https:\/\/tynivintage.com\/?post_type=product&#038;p=4669"},"modified":"2025-03-16T21:51:58","modified_gmt":"2025-03-16T14:51:58","slug":"vi-trung-binh-coach-checkered-hearts","status":"publish","type":"product","link":"https:\/\/tynivintage.com\/vi\/san-pham\/vi-trung-binh-coach-checkered-hearts\/","title":{"rendered":"V\u00ed trung b\u00ecnh Coach Checkered Hearts"},"content":{"rendered":"<p>M\u00f4 t\u1ea3 S\u1ea3n ph\u1ea9m:<\/p>\n<p>&#x2728; V\u00ed d\u00e0i Coach c\u00f3 h\u1ecda ti\u1ebft tr\u00e1i tim &#8211; Thanh l\u1ecbch &amp; N\u1eef t\u00ednh<\/p>\n<p>&#x2728; Th\u01b0\u01a1ng hi\u1ec7u: Coach<\/p>\n<p>M\u00e0u s\u1eafc: M\u00e0u \u0111\u1ecf n\u1ed5i b\u1eadt v\u1edbi hoa v\u0103n tr\u00e1i tim \u0111\u1ed9c \u0111\u00e1o m\u00e0u h\u1ed3ng, tr\u1eafng v\u00e0 \u0111en<\/p>\n<p>Ch\u1ea5t li\u1ec7u: Da k\u1ebft c\u1ea5u cao c\u1ea5p, b\u1ec1n v\u00e0 phong c\u00e1ch<\/p>\n<p>Thi\u1ebft k\u1ebf: V\u00ed d\u00e0i ki\u1ec3u d\u00e1ng \u0111\u1eb9p v\u1edbi kh\u00f3a k\u00e9o an to\u00e0n Logo Coach t\u00f4ng m\u00e0u v\u00e0ng thanh l\u1ecbch \u1edf ph\u00eda tr\u01b0\u1edbc<\/p>\n<p>Ng\u0103n r\u1ed9ng r\u00e3i, ph\u00f9 h\u1ee3p v\u1edbi \u0111i\u1ec7n tho\u1ea1i, ti\u1ec1n m\u1eb7t v\u00e0 th\u1ebb thu\u1eadn ti\u1ec7n<\/p>\n<p>Phong c\u00e1ch: Ng\u1ecdt ng\u00e0o v\u00e0 n\u1eef t\u00ednh nh\u01b0ng tinh t\u1ebf, ho\u00e0n h\u1ea3o \u0111\u1ec3 s\u1eed d\u1ee5ng h\u00e0ng ng\u00e0y ho\u1eb7c nh\u01b0 m\u1ed9t m\u00f3n qu\u00e0 chu \u0111\u00e1o<\/p>\n","protected":false},"excerpt":{"rendered":"<p>&#x2728; V\u00ed d\u00e0i Coach h\u1ecda ti\u1ebft &#x2728; tr\u00e1i tim V\u00ed d\u00e0i m\u00e0u \u0111\u1ecf thanh l\u1ecbch v\u1edbi h\u1ecda ti\u1ebft tr\u00e1i tim \u0111\u1ed9c \u0111\u00e1o. Ch\u1ea5t li\u1ec7u da cao c\u1ea5p, kh\u00f3a k\u00e9o an to\u00e0n v\u00e0 logo Coach t\u00f4ng m\u00e0u v\u00e0ng. C\u00e1c ng\u0103n r\u1ed9ng r\u00e3i cho t\u1ea5t c\u1ea3 c\u00e1c v\u1eadt d\u1ee5ng c\u1ea7n thi\u1ebft c\u1ee7a b\u1ea1n! &#x2764;&#xfe0f;<\/p>\n","protected":false},"featured_media":1741,"comment_status":"open","ping_status":"closed","template":"","meta":{"inline_featured_image":false},"product_brand":[],"product_cat":[48],"product_tag":[],"class_list":{"0":"post-4669","1":"product","2":"type-product","3":"status-publish","4":"has-post-thumbnail","6":"product_cat-vi","8":"first","9":"outofstock","10":"shipping-taxable","11":"purchasable","12":"product-type-simple"},"acf":[],"_links":{"self":[{"href":"https:\/\/tynivintage.com\/vi\/wp-json\/wp\/v2\/product\/4669","targetHints":{"allow":["GET"]}}],"collection":[{"href":"https:\/\/tynivintage.com\/vi\/wp-json\/wp\/v2\/product"}],"about":[{"href":"https:\/\/tynivintage.com\/vi\/wp-json\/wp\/v2\/types\/product"}],"replies":[{"embeddable":true,"href":"https:\/\/tynivintage.com\/vi\/wp-json\/wp\/v2\/comments?post=4669"}],"wp:featuredmedia":[{"embeddable":true,"href":"https:\/\/tynivintage.com\/vi\/wp-json\/wp\/v2\/media\/1741"}],"wp:attachment":[{"href":"https:\/\/tynivintage.com\/vi\/wp-json\/wp\/v2\/media?parent=4669"}],"wp:term":[{"taxonomy":"product_brand","embeddable":true,"href":"https:\/\/tynivintage.com\/vi\/wp-json\/wp\/v2\/product_brand?post=4669"},{"taxonomy":"product_cat","embeddable":true,"href":"https:\/\/tynivintage.com\/vi\/wp-json\/wp\/v2\/product_cat?post=4669"},{"taxonomy":"product_tag","embeddable":true,"href":"https:\/\/tynivintage.com\/vi\/wp-json\/wp\/v2\/product_tag?post=4669"}],"curies":[{"name":"wp","href":"https:\/\/api.w.org\/{rel}","templated":true}]}}