{"id":4652,"date":"2025-01-26T21:52:41","date_gmt":"2025-03-16T14:47:10","guid":{"rendered":"https:\/\/tynivintage.com\/?post_type=product&#038;p=4652"},"modified":"2025-03-16T21:47:10","modified_gmt":"2025-03-16T14:47:10","slug":"tui-deo-vai-carley-embossed-coach","status":"publish","type":"product","link":"https:\/\/tynivintage.com\/vi\/san-pham\/tui-deo-vai-carley-embossed-coach\/","title":{"rendered":"T\u00fai \u0111eo vai Carley Embossed Coach"},"content":{"rendered":"<p>Th\u01b0\u01a1ng hi\u1ec7u: Hu\u1ea5n luy\u1ec7n vi\u00ean<\/p>\n<p>T\u00ecnh tr\u1ea1ng: X\u00e1c th\u1ef1c, nh\u01b0 m\u1edbi<\/p>\n<p>M\u00e0u s\u1eafc: M\u00e0u be v\u1edbi c\u00e1c \u0111i\u1ec3m nh\u1ea5n m\u00e0u n\u00e2u, b\u1ea1c v\u00e0 v\u00e0ng<\/p>\n<p>Ch\u1ea5t li\u1ec7u: Canvas cao c\u1ea5p v\u1edbi in ch\u1eef l\u1ed3ng Coach, k\u1ebft h\u1ee3p v\u1edbi da th\u1eadt v\u00e0 da kim lo\u1ea1i m\u00e0u b\u1ea1c, v\u00e0ng v\u00e0 n\u00e2u<\/p>\n<p>Phong c\u00e1ch: T\u00fai tote th\u1eddi trang, ho\u00e0n h\u1ea3o cho c\u00f4ng vi\u1ec7c, \u0111i ch\u01a1i b\u00ecnh th\u01b0\u1eddng ho\u1eb7c \u0111i du l\u1ecbch<\/p>\n<p>K\u00edch th\u01b0\u1edbc: 44x20cm<\/p>\n<p>D\u00e2y \u0111eo: Tay c\u1ea7m b\u1eb1ng da th\u1eadt ch\u1eafc ch\u1eafn m\u00e0u n\u00e2u v\u1edbi ph\u1ea7n c\u1ee9ng kim lo\u1ea1i thanh l\u1ecbch<\/p>\n<p>Khoang ng\u0103n: 1 ng\u0103n ch\u00ednh r\u1ed9ng r\u00e3i v\u1edbi nhi\u1ec1u t\u00fai b\u00ean trong \u0111\u1ec3 \u0111\u1ef1ng v\u00ed, \u0111i\u1ec7n tho\u1ea1i v\u00e0 m\u1ef9 ph\u1ea9m<\/p>\n<p>\u0110\u00f3ng c\u1eeda: Kh\u00f3a k\u00e9o an to\u00e0n<\/p>\n<p>Ph\u1ee5 ki\u1ec7n: Th\u1ebb da ng\u1ef1a, logo Coach d\u1eadp n\u1ed5i tr\u00ean t\u00fai<\/p>\n<p>Phong c\u00e1ch th\u1eddi trang: H\u1ee3p th\u1eddi trang, sang tr\u1ecdng v\u00e0 d\u1ec5 k\u1ebft h\u1ee3p<\/p>\n","protected":false},"excerpt":{"rendered":"<p>. Authentic Coach Tote Bag \u2013 T\u00fai tote Coach h\u1ee3p th\u1eddi trang v\u00e0 sang tr\u1ecdng \u0111\u01b0\u1ee3c l\u00e0m t\u1eeb v\u1ea3i b\u1ea1t cao c\u1ea5p, \u0111\u01b0\u1ee3c t\u1ea1o \u0111i\u1ec3m nh\u1ea5n b\u1eb1ng da th\u1eadt v\u00e0 da kim lo\u1ea1i \u0111\u1ed9c \u0111\u00e1o v\u1edbi m\u00e0u b\u1ea1c, v\u00e0ng v\u00e0 n\u00e2u. Thi\u1ebft k\u1ebf r\u1ed9ng r\u00e3i v\u1edbi nhi\u1ec1u ng\u0103n, ho\u00e0n h\u1ea3o cho c\u00f4ng vi\u1ec7c, \u0111i ch\u01a1i v\u00e0 du l\u1ecbch. Kh\u00f3a k\u00e9o an to\u00e0n, d\u1ec5 t\u1ea1o ki\u1ec3u, mang l\u1ea1i v\u1ebb ngo\u00e0i hi\u1ec7n \u0111\u1ea1i v\u00e0 tinh t\u1ebf.<\/p>\n","protected":false},"featured_media":1669,"comment_status":"open","ping_status":"closed","template":"","meta":{"inline_featured_image":false},"product_brand":[],"product_cat":[36],"product_tag":[],"class_list":{"0":"post-4652","1":"product","2":"type-product","3":"status-publish","4":"has-post-thumbnail","6":"product_cat-tui-xach","8":"first","9":"instock","10":"shipping-taxable","11":"purchasable","12":"product-type-simple"},"acf":[],"_links":{"self":[{"href":"https:\/\/tynivintage.com\/vi\/wp-json\/wp\/v2\/product\/4652","targetHints":{"allow":["GET"]}}],"collection":[{"href":"https:\/\/tynivintage.com\/vi\/wp-json\/wp\/v2\/product"}],"about":[{"href":"https:\/\/tynivintage.com\/vi\/wp-json\/wp\/v2\/types\/product"}],"replies":[{"embeddable":true,"href":"https:\/\/tynivintage.com\/vi\/wp-json\/wp\/v2\/comments?post=4652"}],"wp:featuredmedia":[{"embeddable":true,"href":"https:\/\/tynivintage.com\/vi\/wp-json\/wp\/v2\/media\/1669"}],"wp:attachment":[{"href":"https:\/\/tynivintage.com\/vi\/wp-json\/wp\/v2\/media?parent=4652"}],"wp:term":[{"taxonomy":"product_brand","embeddable":true,"href":"https:\/\/tynivintage.com\/vi\/wp-json\/wp\/v2\/product_brand?post=4652"},{"taxonomy":"product_cat","embeddable":true,"href":"https:\/\/tynivintage.com\/vi\/wp-json\/wp\/v2\/product_cat?post=4652"},{"taxonomy":"product_tag","embeddable":true,"href":"https:\/\/tynivintage.com\/vi\/wp-json\/wp\/v2\/product_tag?post=4652"}],"curies":[{"name":"wp","href":"https:\/\/api.w.org\/{rel}","templated":true}]}}