{"id":4625,"date":"2025-01-26T22:46:25","date_gmt":"2025-03-16T14:12:12","guid":{"rendered":"https:\/\/tynivintage.com\/?post_type=product&#038;p=4625"},"modified":"2025-03-16T21:12:12","modified_gmt":"2025-03-16T14:12:12","slug":"giay-charles-keith","status":"publish","type":"product","link":"https:\/\/tynivintage.com\/vi\/san-pham\/giay-charles-keith\/","title":{"rendered":"Gi\u00e0y Charles &#038; Keith"},"content":{"rendered":"<p>Thi\u1ebft k\u1ebf: Nh\u1eefng \u0111\u00f4i b\u1ed1t chunky v\u1edbi v\u1ebb ngo\u00e0i \u0111\u1ed9c \u0111\u00e1o v\u00e0 t\u00e1o b\u1ea1o.<\/p>\n<p>M\u00e0u s\u1eafc: S\u1ef1 k\u1ebft h\u1ee3p gi\u1eefa hoa o\u1ea3i h\u01b0\u01a1ng m\u1ec1m m\u1ea1i v\u00e0 m\u00e0u \u0111en, t\u1ea1o n\u00ean phong c\u00e1ch h\u1ee3p th\u1eddi trang v\u00e0 b\u1eaft m\u1eaft.<\/p>\n<p>Ch\u1ea5t li\u1ec7u: V\u1ea3i nylon b\u1ec1n cho ph\u1ea7n tr\u00ean, k\u1ebft h\u1ee3p v\u1edbi da t\u1ed5ng h\u1ee3p cao c\u1ea5p.<\/p>\n<p>\u0110\u1ebf: \u0110\u1ebf \u0111en d\u00e0y \u0111\u1ec3 t\u0103ng th\u00eam chi\u1ec1u cao v\u00e0 s\u1ef1 tho\u1ea3i m\u00e1i.<\/p>\n<p>Chi ti\u1ebft: \u0110\u00f3ng d\u00e2y \u0111en, thi\u1ebft k\u1ebf cao \u0111\u1ec3 h\u1ed7 tr\u1ee3 m\u1eaft c\u00e1 ch\u00e2n. C\u00f3 logo ch\u00fa th\u1ecf d\u1ec5 th\u01b0\u01a1ng \u0111\u01b0\u1ee3c in tr\u00ean l\u01b0\u1ee1i.<\/p>\n<p>Phong c\u00e1ch: Ho\u00e0n h\u1ea3o cho nh\u1eefng ng\u01b0\u1eddi h\u00e2m m\u1ed9 th\u1eddi trang c\u1ed5 \u0111i\u1ec3n, th\u1eddi trang d\u1ea1o ph\u1ed1 ho\u1eb7c phong c\u00e1ch l\u1ea5y c\u1ea3m h\u1ee9ng t\u1eeb Harajuku.<\/p>\n<p>K\u00edch th\u01b0\u1edbc : 37<\/p>\n","protected":false},"excerpt":{"rendered":"<p>Gi\u00e0y Charles &amp; Keith m\u00e0u t\u00edm nh\u1ea1t c\u00f3 thi\u1ebft k\u1ebf hi\u1ec7n \u0111\u1ea1i v\u00e0 thanh l\u1ecbch. Ph\u1ea7n tr\u00ean \u0111\u01b0\u1ee3c l\u00e0m b\u1eb1ng da t\u1ed5ng h\u1ee3p m\u1ec1m m\u1ea1i v\u1edbi t\u00f4ng m\u00e0u t\u00edm pastel tinh t\u1ebf. \u0110\u1ebf m\u00e0u \u0111en mang \u0111\u1ebfn \u0111i\u1ec3m nh\u1ea5n t\u01b0\u01a1ng ph\u1ea3n, \u0111\u1ea3m b\u1ea3o \u0111\u1ed9 b\u1ec1n v\u00e0 s\u1ef1 tho\u1ea3i m\u00e1i. V\u1edbi phong c\u00e1ch t\u1ed1i gi\u1ea3n, nh\u1eefng \u0111\u00f4i b\u1ed1t n\u00e0y r\u1ea5t linh ho\u1ea1t v\u00e0 d\u1ec5 d\u00e0ng k\u1ebft h\u1ee3p v\u1edbi nhi\u1ec1u trang ph\u1ee5c kh\u00e1c nhau.<\/p>\n","protected":false},"featured_media":1577,"comment_status":"open","ping_status":"closed","template":"","meta":{"inline_featured_image":false},"product_brand":[],"product_cat":[37],"product_tag":[],"class_list":{"0":"post-4625","1":"product","2":"type-product","3":"status-publish","4":"has-post-thumbnail","6":"product_cat-thoi-trang","8":"first","9":"instock","10":"shipping-taxable","11":"purchasable","12":"product-type-simple"},"acf":[],"_links":{"self":[{"href":"https:\/\/tynivintage.com\/vi\/wp-json\/wp\/v2\/product\/4625","targetHints":{"allow":["GET"]}}],"collection":[{"href":"https:\/\/tynivintage.com\/vi\/wp-json\/wp\/v2\/product"}],"about":[{"href":"https:\/\/tynivintage.com\/vi\/wp-json\/wp\/v2\/types\/product"}],"replies":[{"embeddable":true,"href":"https:\/\/tynivintage.com\/vi\/wp-json\/wp\/v2\/comments?post=4625"}],"wp:featuredmedia":[{"embeddable":true,"href":"https:\/\/tynivintage.com\/vi\/wp-json\/wp\/v2\/media\/1577"}],"wp:attachment":[{"href":"https:\/\/tynivintage.com\/vi\/wp-json\/wp\/v2\/media?parent=4625"}],"wp:term":[{"taxonomy":"product_brand","embeddable":true,"href":"https:\/\/tynivintage.com\/vi\/wp-json\/wp\/v2\/product_brand?post=4625"},{"taxonomy":"product_cat","embeddable":true,"href":"https:\/\/tynivintage.com\/vi\/wp-json\/wp\/v2\/product_cat?post=4625"},{"taxonomy":"product_tag","embeddable":true,"href":"https:\/\/tynivintage.com\/vi\/wp-json\/wp\/v2\/product_tag?post=4625"}],"curies":[{"name":"wp","href":"https:\/\/api.w.org\/{rel}","templated":true}]}}