{"id":4613,"date":"2025-03-01T01:08:03","date_gmt":"2025-03-16T14:00:32","guid":{"rendered":"https:\/\/tynivintage.com\/?post_type=product&#038;p=4613"},"modified":"2025-03-16T21:04:35","modified_gmt":"2025-03-16T14:04:35","slug":"giay-cao-den-dau-goi-bang-da-da-lon-co-dien","status":"publish","type":"product","link":"https:\/\/tynivintage.com\/vi\/san-pham\/giay-cao-den-dau-goi-bang-da-da-lon-co-dien\/","title":{"rendered":"Gi\u00e0y cao \u0111\u1ebfn \u0111\u1ea7u g\u1ed1i b\u1eb1ng da &#038; da l\u1ed9n c\u1ed5 \u0111i\u1ec3n"},"content":{"rendered":"<p>Gi\u00e0y cao \u0111\u1ebfn \u0111\u1ea7u g\u1ed1i b\u1eb1ng da v\u00e0 da l\u1ed9n theo phong c\u00e1ch c\u1ed5 \u0111i\u1ec3n &#8211; Ch\u1ea5t li\u1ec7u \u0111\u1ed9c \u0111\u00e1o v\u00e0 phong c\u00e1ch: S\u1ef1 k\u1ebft h\u1ee3p cao c\u1ea5p gi\u1eefa da n\u00e2u \u0111\u00e1nh b\u00f3ng v\u00e0 da l\u1ed9n ch\u1ea5t l\u01b0\u1ee3ng cao cho v\u1ebb ngo\u00e0i sang tr\u1ecdng v\u00e0 \u0111\u1eb7c bi\u1ec7t. Thi\u1ebft k\u1ebf: B\u1ed1t cao \u0111\u1ebfn \u0111\u1ea7u g\u1ed1i v\u1edbi \u0111i\u1ec3m nh\u1ea5n kh\u00f3a kim lo\u1ea1i t\u00e1o b\u1ea1o, ho\u00e0n h\u1ea3o cho phong c\u00e1ch c\u1ed5 \u0111i\u1ec3n ho\u1eb7c ph\u00f3ng t\u00fang. Chi\u1ec1u cao: Tr\u1ee5c 8cm, g\u00f3t ch\u00e2n 5cm \u2013 t\u0103ng th\u00eam s\u1ef1 sang tr\u1ecdng trong khi \u0111\u1ea3m b\u1ea3o s\u1ef1 tho\u1ea3i m\u00e1i khi \u0111i b\u1ed9. K\u00edch th\u01b0\u1edbc: 23 (x\u1ea5p x\u1ec9 k\u00edch th\u01b0\u1edbc EU 36-37). M\u00e0u s\u1eafc: M\u00e0u n\u00e2u \u0111\u1eadm c\u1ed5 \u0111i\u1ec3n, d\u1ec5 d\u00e0ng k\u1ebft h\u1ee3p v\u1edbi nhi\u1ec1u trang ph\u1ee5c kh\u00e1c nhau. Ho\u00e0n h\u1ea3o cho: \u0110i ch\u01a1i b\u00ecnh th\u01b0\u1eddng, th\u1eddi trang d\u1ea1o ph\u1ed1 ho\u1eb7c du l\u1ecbch, mang l\u1ea1i n\u00e9t th\u1eddi trang v\u00e0 \u0111\u1ed9c \u0111\u00e1o cho phong c\u00e1ch c\u1ee7a b\u1ea1n. Ph\u1ea3i c\u00f3 cho nh\u1eefng ai \u0111\u00e1nh gi\u00e1 cao s\u1ef1 \u0111\u1ed9c \u0111\u00e1o v\u00e0 tinh t\u1ebf!<\/p>\n","protected":false},"excerpt":{"rendered":"<p>Gi\u00e0y cao \u0111\u1ebfn \u0111\u1ea7u g\u1ed1i b\u1eb1ng da &amp; da l\u1ed9n c\u1ed5 \u0111i\u1ec3n Nh\u1eefng \u0111\u00f4i b\u1ed1t cao \u0111\u1ebfn \u0111\u1ea7u g\u1ed1i th\u1eddi trang k\u1ebft h\u1ee3p da n\u00e2u \u0111\u00e1nh b\u00f3ng v\u00e0 da l\u1ed9n, c\u00f3 chi ti\u1ebft kh\u00f3a kim lo\u1ea1i t\u00e1o b\u1ea1o. V\u1edbi tr\u1ee5c 8cm v\u00e0 g\u00f3t 5cm, ch\u00fang mang l\u1ea1i c\u1ea3 s\u1ef1 sang tr\u1ecdng v\u00e0 tho\u1ea3i m\u00e1i. Size 23 (EU 36-37), ho\u00e0n h\u1ea3o cho v\u1ebb ngo\u00e0i c\u1ed5 \u0111i\u1ec3n v\u00e0 boho-chic!<\/p>\n","protected":false},"featured_media":1958,"comment_status":"open","ping_status":"closed","template":"","meta":{"inline_featured_image":false},"product_brand":[],"product_cat":[37],"product_tag":[],"class_list":{"0":"post-4613","1":"product","2":"type-product","3":"status-publish","4":"has-post-thumbnail","6":"product_cat-thoi-trang","8":"first","9":"instock","10":"shipping-taxable","11":"purchasable","12":"product-type-simple"},"acf":[],"_links":{"self":[{"href":"https:\/\/tynivintage.com\/vi\/wp-json\/wp\/v2\/product\/4613","targetHints":{"allow":["GET"]}}],"collection":[{"href":"https:\/\/tynivintage.com\/vi\/wp-json\/wp\/v2\/product"}],"about":[{"href":"https:\/\/tynivintage.com\/vi\/wp-json\/wp\/v2\/types\/product"}],"replies":[{"embeddable":true,"href":"https:\/\/tynivintage.com\/vi\/wp-json\/wp\/v2\/comments?post=4613"}],"wp:featuredmedia":[{"embeddable":true,"href":"https:\/\/tynivintage.com\/vi\/wp-json\/wp\/v2\/media\/1958"}],"wp:attachment":[{"href":"https:\/\/tynivintage.com\/vi\/wp-json\/wp\/v2\/media?parent=4613"}],"wp:term":[{"taxonomy":"product_brand","embeddable":true,"href":"https:\/\/tynivintage.com\/vi\/wp-json\/wp\/v2\/product_brand?post=4613"},{"taxonomy":"product_cat","embeddable":true,"href":"https:\/\/tynivintage.com\/vi\/wp-json\/wp\/v2\/product_cat?post=4613"},{"taxonomy":"product_tag","embeddable":true,"href":"https:\/\/tynivintage.com\/vi\/wp-json\/wp\/v2\/product_tag?post=4613"}],"curies":[{"name":"wp","href":"https:\/\/api.w.org\/{rel}","templated":true}]}}