{"id":4612,"date":"2025-03-16T14:28:07","date_gmt":"2025-03-16T07:34:58","guid":{"rendered":"https:\/\/tynivintage.com\/?post_type=product&#038;p=4612"},"modified":"2025-03-16T14:34:58","modified_gmt":"2025-03-16T07:34:58","slug":"giay-bot-frye-jane-mau-nau-cognac-da-co-cao","status":"publish","type":"product","link":"https:\/\/tynivintage.com\/vi\/san-pham\/giay-bot-frye-jane-mau-nau-cognac-da-co-cao\/","title":{"rendered":"Gi\u00e0y b\u1ed1t Frye Jane m\u00e0u n\u00e2u Cognac da c\u1ed5 cao"},"content":{"rendered":"<p>\u0110\u00f4i b\u1ed1t da c\u1ed5 cao m\u00e0u n\u00e2u v\u1edbi thi\u1ebft k\u1ebf c\u1ed5 \u0111i\u1ec3n, th\u01b0\u1eddng \u0111\u01b0\u1ee3c g\u1ecdi l\u00e0 \u201cb\u1ed1t c\u01b0\u1ee1i ng\u1ef1a\u201d ho\u1eb7c \u201cb\u1ed1t k\u1ef9 s\u01b0\u201d, l\u00e0 l\u1ef1a ch\u1ecdn ho\u00e0n h\u1ea3o cho nh\u1eefng ai y\u00eau th\u00edch phong c\u00e1ch th\u1eddi trang m\u1ea1nh m\u1ebd v\u00e0 l\u1ecbch l\u00e3m. Ch\u00fang \u0111\u01b0\u1ee3c ch\u1ebf t\u00e1c da tr\u1ea3i qua quy tr\u00ecnh thu\u1ed9c da t\u1ec9 m\u1ec9 v\u00e0 ph\u1ee7 l\u1edbp s\u00e1p d\u00e0y, gi\u00fap b\u1ea3o v\u1ec7 b\u1ec1 m\u1eb7t da, t\u0103ng \u0111\u1ed9 b\u1ec1n v\u00e0 t\u1ea1o \u0111\u1ed9 m\u1ecbn v\u01b0\u1ee3t tr\u1ed9i.<\/p>\n<p>\u0110\u1eb7c \u0111i\u1ec3m n\u1ed5i b\u1eadt:<br \/>\n\u2022 Ch\u1ea5t li\u1ec7u: Da v\u1edbi l\u1edbp s\u00e1p d\u00e0y b\u1ea3o v\u1ec7 b\u1ec1 m\u1eb7t da, mang l\u1ea1i \u0111\u1ed9 b\u1ec1n v\u00e0 m\u1ecbn v\u01b0\u1ee3t tr\u1ed9i.<br \/>\n\u2022 \u0110\u1ebf gi\u00e0y: L\u00e0m ho\u00e0n to\u00e0n t\u1eeb cao su, t\u00edch h\u1ee3p l\u1edbp l\u00f3t memory foam t\u0103ng c\u01b0\u1eddng \u0111\u1ed9 \u0111\u00e0n h\u1ed3i v\u00e0 \u00eam \u00e1i cho b\u00e0n ch\u00e2n.<br \/>\n\u2022 L\u00f3t trong: S\u1eed d\u1ee5ng da \u0111\u1ec3 lot gi\u00fap gi\u1ea3m thi\u1ec3u m\u00f9i v\u00e0 c\u00f3 \u0111\u1ed9 co gi\u00e3n t\u1ed1t, t\u1ea1o c\u1ea3m gi\u00e1c tho\u1ea3i m\u00e1i khi mang.<\/p>\n","protected":false},"excerpt":{"rendered":"<p>\u0110\u00f4i b\u1ed1t da c\u1ed5 cao m\u00e0u n\u00e2u v\u1edbi phong c\u00e1ch c\u1ed5 \u0111i\u1ec3n th\u01b0\u1eddng \u0111\u01b0\u1ee3c g\u1ecdi l\u00e0 \u201cb\u1ed1t c\u01b0\u1ee1i ng\u1ef1a\u201d ho\u1eb7c \u201cb\u1ed1t k\u1ef9 s\u01b0\u201d. Ch\u00fang th\u01b0\u1eddng \u0111\u01b0\u1ee3c l\u00e0m t\u1eeb da b\u00f2 th\u1eadt 100%, v\u1edbi l\u1edbp s\u00e1p d\u00e0y b\u1ea3o v\u1ec7 b\u1ec1 m\u1eb7t da, mang l\u1ea1i \u0111\u1ed9 b\u1ec1n v\u00e0 m\u1ecbn v\u01b0\u1ee3t tr\u1ed9i. Ph\u1ea7n \u0111\u1ebf th\u01b0\u1eddng \u0111\u01b0\u1ee3c l\u00e0m ho\u00e0n to\u00e0n t\u1eeb cao su, v\u1edbi l\u1edbp l\u00f3t memory foam t\u0103ng c\u01b0\u1eddng \u0111\u1ed9 \u0111\u00e0n h\u1ed3i v\u00e0 \u00eam ch\u00e2n. L\u1edbp l\u00f3t trong s\u1eed d\u1ee5ng da heo gi\u00fap gi\u1ea3m thi\u1ec3u m\u00f9i v\u00e0 c\u00f3 \u0111\u1ed9 co gi\u00e3n t\u1ed1t.<\/p>\n","protected":false},"featured_media":4606,"comment_status":"open","ping_status":"closed","template":"","meta":{"inline_featured_image":false},"product_brand":[],"product_cat":[37],"product_tag":[],"class_list":{"0":"post-4612","1":"product","2":"type-product","3":"status-publish","4":"has-post-thumbnail","6":"product_cat-thoi-trang","8":"first","9":"instock","10":"shipping-taxable","11":"purchasable","12":"product-type-simple"},"acf":[],"_links":{"self":[{"href":"https:\/\/tynivintage.com\/vi\/wp-json\/wp\/v2\/product\/4612","targetHints":{"allow":["GET"]}}],"collection":[{"href":"https:\/\/tynivintage.com\/vi\/wp-json\/wp\/v2\/product"}],"about":[{"href":"https:\/\/tynivintage.com\/vi\/wp-json\/wp\/v2\/types\/product"}],"replies":[{"embeddable":true,"href":"https:\/\/tynivintage.com\/vi\/wp-json\/wp\/v2\/comments?post=4612"}],"wp:featuredmedia":[{"embeddable":true,"href":"https:\/\/tynivintage.com\/vi\/wp-json\/wp\/v2\/media\/4606"}],"wp:attachment":[{"href":"https:\/\/tynivintage.com\/vi\/wp-json\/wp\/v2\/media?parent=4612"}],"wp:term":[{"taxonomy":"product_brand","embeddable":true,"href":"https:\/\/tynivintage.com\/vi\/wp-json\/wp\/v2\/product_brand?post=4612"},{"taxonomy":"product_cat","embeddable":true,"href":"https:\/\/tynivintage.com\/vi\/wp-json\/wp\/v2\/product_cat?post=4612"},{"taxonomy":"product_tag","embeddable":true,"href":"https:\/\/tynivintage.com\/vi\/wp-json\/wp\/v2\/product_tag?post=4612"}],"curies":[{"name":"wp","href":"https:\/\/api.w.org\/{rel}","templated":true}]}}