{"id":4611,"date":"2025-03-16T14:22:15","date_gmt":"2025-03-16T07:31:43","guid":{"rendered":"https:\/\/tynivintage.com\/?post_type=product&#038;p=4611"},"modified":"2025-03-16T14:31:43","modified_gmt":"2025-03-16T07:31:43","slug":"giay-bot-cuoi-ngua-bang-da-ciao-bella","status":"publish","type":"product","link":"https:\/\/tynivintage.com\/vi\/san-pham\/giay-bot-cuoi-ngua-bang-da-ciao-bella\/","title":{"rendered":"Gi\u00e0y b\u1ed1t c\u01b0\u1ee1i ng\u1ef1a b\u1eb1ng da Ciao Bella"},"content":{"rendered":"<p>L\u00e0 m\u1ed9t m\u00f3n \u0111\u1ed3 kinh \u0111i\u1ec3n v\u00e0 d\u1ec5 ph\u1ed1i h\u1ee3p, \u0111\u00f4i b\u1ed1t da cao c\u1ed5 m\u00e0u n\u00e2u n\u00e0y \u0111\u01b0\u1ee3c l\u00e0m t\u1eeb da b\u00f2 th\u1eadt cao c\u1ea5p, mang l\u1ea1i s\u1ef1 b\u1ec1n b\u1ec9 v\u00e0 v\u1ebb \u0111\u1eb9p sang tr\u1ecdng. V\u1edbi thi\u1ebft k\u1ebf t\u1ed1i gi\u1ea3n nh\u01b0ng tinh t\u1ebf, \u0111\u00f4i b\u1ed1t to\u00e1t l\u00ean v\u1ebb thanh l\u1ecbch v\u00e0 ph\u00f9 h\u1ee3p v\u1edbi nhi\u1ec1u phong c\u00e1ch th\u1eddi trang kh\u00e1c nhau.<\/p>\n<p>\u0110\u1eb7c \u0111i\u1ec3m n\u1ed5i b\u1eadt:<br \/>\n\u2022 Ch\u1ea5t li\u1ec7u: da m\u1ec1m m\u1ea1i v\u00e0 b\u1ec1n \u0111\u1eb9p theo th\u1eddi gian.<br \/>\n\u2022 M\u00e0u s\u1eafc: N\u00e2u tr\u1ea7m \u1ea5m, c\u00f3 \u0111\u1ed9 b\u00f3ng t\u1ef1 nhi\u00ean v\u00e0 \u0111\u1eb9p h\u01a1n theo th\u1eddi gian s\u1eed d\u1ee5ng.<br \/>\n\u2022 Thi\u1ebft k\u1ebf: Ki\u1ec3u d\u00e1ng cao c\u1ed5 c\u1ed5 \u0111i\u1ec3n v\u1edbi b\u1ec1 m\u1eb7t da tr\u01a1n, t\u1ea1o v\u1ebb ngo\u00e0i thanh l\u1ecbch.<br \/>\n\u2022 Quai k\u00e9o: Hai quai k\u00e9o \u1edf c\u1ed5 b\u1ed1t gi\u00fap d\u1ec5 d\u00e0ng mang v\u00e0o v\u00e0 th\u00e1o ra.<br \/>\n\u2022 \u0110\u1ebf gi\u00e0y: Ch\u1eafc ch\u1eafn, gi\u00fap gi\u1eef th\u0103ng b\u1eb1ng t\u1ed1t v\u00e0 t\u1ea1o s\u1ef1 tho\u1ea3i m\u00e1i su\u1ed1t c\u1ea3 ng\u00e0y d\u00e0i.<br \/>\n\u2022 M\u0169i gi\u00e0y: Tr\u00f2n, mang l\u1ea1i c\u1ea3m gi\u00e1c tho\u1ea3i m\u00e1i khi di chuy\u1ec3n.<br \/>\n\u2022 T\u00ednh \u1ee9ng d\u1ee5ng cao: Ph\u00f9 h\u1ee3p \u0111\u1ec3 \u0111i ch\u01a1i, \u0111i l\u00e0m, du l\u1ecbch v\u00e0 c\u00e1c d\u1ecbp \u0111\u1eb7c bi\u1ec7t.<\/p>\n","protected":false},"excerpt":{"rendered":"<p>\u0110\u00f4i b\u1ed1t da cao c\u1ed5 m\u00e0u n\u00e2u c\u1ed5 \u0111i\u1ec3n v\u1edbi ch\u1ea5t li\u1ec7u da th\u1eadt m\u1ec1m m\u1ea1i, thi\u1ebft k\u1ebf t\u1ed1i gi\u1ea3n nh\u01b0ng tinh t\u1ebf. \u0110\u1ebf ch\u1eafc ch\u1eafn, ph\u1ea7n c\u1ed5 b\u1ed1t c\u00f3 quai k\u00e9o ti\u1ec7n l\u1ee3i, ph\u00f9 h\u1ee3p \u0111\u1ec3 ph\u1ed1i v\u1edbi nhi\u1ec1u phong c\u00e1ch th\u1eddi trang kh\u00e1c nhau.<\/p>\n","protected":false},"featured_media":4589,"comment_status":"open","ping_status":"closed","template":"","meta":{"inline_featured_image":false},"product_brand":[],"product_cat":[37],"product_tag":[],"class_list":{"0":"post-4611","1":"product","2":"type-product","3":"status-publish","4":"has-post-thumbnail","6":"product_cat-thoi-trang","8":"first","9":"instock","10":"shipping-taxable","11":"purchasable","12":"product-type-simple"},"acf":[],"_links":{"self":[{"href":"https:\/\/tynivintage.com\/vi\/wp-json\/wp\/v2\/product\/4611","targetHints":{"allow":["GET"]}}],"collection":[{"href":"https:\/\/tynivintage.com\/vi\/wp-json\/wp\/v2\/product"}],"about":[{"href":"https:\/\/tynivintage.com\/vi\/wp-json\/wp\/v2\/types\/product"}],"replies":[{"embeddable":true,"href":"https:\/\/tynivintage.com\/vi\/wp-json\/wp\/v2\/comments?post=4611"}],"wp:featuredmedia":[{"embeddable":true,"href":"https:\/\/tynivintage.com\/vi\/wp-json\/wp\/v2\/media\/4589"}],"wp:attachment":[{"href":"https:\/\/tynivintage.com\/vi\/wp-json\/wp\/v2\/media?parent=4611"}],"wp:term":[{"taxonomy":"product_brand","embeddable":true,"href":"https:\/\/tynivintage.com\/vi\/wp-json\/wp\/v2\/product_brand?post=4611"},{"taxonomy":"product_cat","embeddable":true,"href":"https:\/\/tynivintage.com\/vi\/wp-json\/wp\/v2\/product_cat?post=4611"},{"taxonomy":"product_tag","embeddable":true,"href":"https:\/\/tynivintage.com\/vi\/wp-json\/wp\/v2\/product_tag?post=4611"}],"curies":[{"name":"wp","href":"https:\/\/api.w.org\/{rel}","templated":true}]}}