{"id":4580,"date":"2025-03-16T14:01:36","date_gmt":"2025-03-16T07:09:45","guid":{"rendered":"https:\/\/tynivintage.com\/?post_type=product&#038;p=4580"},"modified":"2025-03-16T14:15:42","modified_gmt":"2025-03-16T07:15:42","slug":"boot-frye-campus-bang-da","status":"publish","type":"product","link":"https:\/\/tynivintage.com\/vi\/san-pham\/boot-frye-campus-bang-da\/","title":{"rendered":"Boot Frye Campus B\u1eb1ng Da"},"content":{"rendered":"<p>M\u00d4 T\u1ea2 CHI TI\u1ebeT B\u1ed0T DA CAO C\u1ed4 M\u00c0U N\u00c2U \u0110\u1ece<\/p>\n<p>Nh\u1eefng \u0111\u00f4i b\u1ed1t da cao c\u1ed5 m\u00e0u n\u00e2u \u0111\u1ecf n\u00e0y to\u00e1t l\u00ean phong c\u00e1ch c\u1ed5 \u0111i\u1ec3n nh\u01b0ng tinh t\u1ebf, ho\u00e0n h\u1ea3o cho nh\u1eefng ai \u0111\u00e1nh gi\u00e1 cao s\u1ef1 sang tr\u1ecdng v\u00e0 n\u1eef t\u00ednh. V\u1edbi c\u00e1c chi ti\u1ebft b\u1ec7n tinh t\u1ebf, da th\u1eadt cao c\u1ea5p v\u00e0 gi\u00e0y cao v\u1eeba ph\u1ea3i, \u0111\u00f4i gi\u00e0y n\u00e0y l\u00e0 s\u1ef1 l\u1ef1a ch\u1ecdn ho\u00e0n h\u1ea3o \u0111\u1ec3 n\u00e2ng t\u1ea7m tuy\u00ean b\u1ed1 th\u1eddi trang c\u1ee7a b\u1ea1n.<\/p>\n<p>C\u00e1c t\u00ednh n\u0103ng ch\u00ednh:<br \/>\n\u2022 Ch\u1ea5t li\u1ec7u: m\u1ec1m m\u1ea1i v\u00e0 b\u1ec1n b\u1ec9 theo th\u1eddi gian.<br \/>\n\u2022 Thi\u1ebft k\u1ebf: \u00c1o cao v\u1edbi c\u00e1c chi ti\u1ebft b\u1ec7n tay \u0111\u1ed9c \u0111\u00e1o, t\u1ea1o \u0111i\u1ec3m nh\u1ea5n \u0111\u1eb7c tr\u01b0ng.<br \/>\n\u2022 G\u00f3t ch\u00e2n: Cao v\u1eeba ph\u1ea3i (kho\u1ea3ng 5cm), n\u00e2ng cao t\u01b0 th\u1ebf m\u00e0 v\u1eabn \u0111\u1ea3m b\u1ea3o s\u1ef1 tho\u1ea3i m\u00e1i.<br \/>\n\u2022 \u0110\u1ebf: \u0110\u1ebf g\u1ed7 ch\u1eafc ch\u1eafn, mang l\u1ea1i \u0111\u1ed9 b\u1ec1n v\u00e0 v\u1ebb ngo\u00e0i l\u1ea5y c\u1ea3m h\u1ee9ng t\u1eeb c\u1ed5 \u0111i\u1ec3n.<br \/>\n\u2022 L\u1edbp l\u00f3t b\u00ean trong: Ch\u1ea5t li\u1ec7u m\u1ec1m m\u1ea1i cho s\u1ef1 tho\u1ea3i m\u00e1i t\u1ed1i \u0111a, ngay c\u1ea3 khi m\u1eb7c trong th\u1eddi gian d\u00e0i.<br \/>\n\u2022 Ki\u1ec3u d\u00e1ng: B\u1ed1t k\u00e9o (kh\u00f4ng c\u00f3 d\u00e2y bu\u1ed9c ho\u1eb7c kh\u00f3a k\u00e9o), gi\u00fap ch\u00fang d\u1ec5 d\u00e0ng \u0111eo v\u00e0 c\u1edfi ra.<\/p>\n<p>G\u1ee3i \u00fd t\u1ea1o ki\u1ec3u:<br \/>\n\u2022 K\u1ebft h\u1ee3p v\u1edbi v\u00e1y boho, v\u00e1y maxi ho\u1eb7c v\u00e1y da \u0111\u1ec3 c\u00f3 v\u1ebb ngo\u00e0i n\u1eef t\u00ednh v\u00e0 l\u00e3ng m\u1ea1n.<br \/>\n\u2022 K\u1ebft h\u1ee3p v\u1edbi qu\u1ea7n jean b\u00f3 v\u00e0 \u00e1o kho\u00e1c d\u00e0i \u0111\u1ec3 c\u00f3 m\u1ed9t b\u1ed9 trang ph\u1ee5c sang tr\u1ecdng, hi\u1ec7n \u0111\u1ea1i. \u2022 Th\u00edch h\u1ee3p cho nhi\u1ec1u d\u1ecbp kh\u00e1c nhau nh\u01b0 \u0111i ch\u01a1i b\u00ecnh th\u01b0\u1eddng, c\u00f4ng vi\u1ec7c, du l\u1ecbch ho\u1eb7c c\u00e1c s\u1ef1 ki\u1ec7n \u0111\u1eb7c bi\u1ec7t.<\/p>\n<p>K\u00edch th\u01b0\u1edbc: 38<\/p>\n","protected":false},"excerpt":{"rendered":"<p>B\u1ed1t da cao c\u1ed5 m\u00e0u n\u00e2u \u0111\u1ecf v\u1edbi thi\u1ebft k\u1ebf c\u1ed5 \u0111i\u1ec3n, n\u1ed5i b\u1eadt v\u1edbi c\u00e1c chi ti\u1ebft b\u1ec7n trang nh\u00e3. \u0110\u01b0\u1ee3c l\u00e0m t\u1eeb da m\u1ec1m th\u1eadt v\u1edbi \u0111\u1ebf g\u1ed7 ch\u1eafc ch\u1eafn v\u00e0 gi\u00e0y cao g\u00f3t v\u1eeba ph\u1ea3i, mang \u0111\u1ebfn phong c\u00e1ch tinh t\u1ebf v\u00e0 n\u1eef t\u00ednh.<\/p>\n","protected":false},"featured_media":4562,"comment_status":"open","ping_status":"closed","template":"","meta":{"inline_featured_image":false},"product_brand":[],"product_cat":[37],"product_tag":[],"class_list":{"0":"post-4580","1":"product","2":"type-product","3":"status-publish","4":"has-post-thumbnail","6":"product_cat-thoi-trang","8":"first","9":"instock","10":"shipping-taxable","11":"purchasable","12":"product-type-simple"},"acf":[],"_links":{"self":[{"href":"https:\/\/tynivintage.com\/vi\/wp-json\/wp\/v2\/product\/4580","targetHints":{"allow":["GET"]}}],"collection":[{"href":"https:\/\/tynivintage.com\/vi\/wp-json\/wp\/v2\/product"}],"about":[{"href":"https:\/\/tynivintage.com\/vi\/wp-json\/wp\/v2\/types\/product"}],"replies":[{"embeddable":true,"href":"https:\/\/tynivintage.com\/vi\/wp-json\/wp\/v2\/comments?post=4580"}],"wp:featuredmedia":[{"embeddable":true,"href":"https:\/\/tynivintage.com\/vi\/wp-json\/wp\/v2\/media\/4562"}],"wp:attachment":[{"href":"https:\/\/tynivintage.com\/vi\/wp-json\/wp\/v2\/media?parent=4580"}],"wp:term":[{"taxonomy":"product_brand","embeddable":true,"href":"https:\/\/tynivintage.com\/vi\/wp-json\/wp\/v2\/product_brand?post=4580"},{"taxonomy":"product_cat","embeddable":true,"href":"https:\/\/tynivintage.com\/vi\/wp-json\/wp\/v2\/product_cat?post=4580"},{"taxonomy":"product_tag","embeddable":true,"href":"https:\/\/tynivintage.com\/vi\/wp-json\/wp\/v2\/product_tag?post=4580"}],"curies":[{"name":"wp","href":"https:\/\/api.w.org\/{rel}","templated":true}]}}