{"id":4544,"date":"2025-03-16T13:31:20","date_gmt":"2025-03-16T06:33:32","guid":{"rendered":"https:\/\/tynivintage.com\/?post_type=product&#038;p=4544"},"modified":"2025-03-16T13:33:54","modified_gmt":"2025-03-16T06:33:54","slug":"tui-deo-vai-gucci-horsebit-canvas-leather","status":"publish","type":"product","link":"https:\/\/tynivintage.com\/vi\/san-pham\/tui-deo-vai-gucci-horsebit-canvas-leather\/","title":{"rendered":"T\u00fai \u0111eo vai GUCCI Horsebit Canvas Leather"},"content":{"rendered":"<p>C\u1ea5p thi\u1ebft k\u1ebf \u0111\u1eb3ng c\u1ea5p:<br \/>\n\u2022 T\u00fai \u0111\u01b0\u1ee3c l\u00e0m t\u1eeb ch\u1ea5t li\u1ec7u GG monogram canvas cao c\u1ea5p, v\u1edbi h\u1ecda ti\u1ebft logo Gucci mang t\u00ednh bi\u1ec3u t\u01b0\u1ee3ng, t\u1ea1o n\u00ean v\u1ebb ngo\u00e0i sang tr\u1ecdng v\u00e0 d\u1ec5 nh\u1eadn bi\u1ebft.<br \/>\n\u2022 Chi ti\u1ebft b\u1eb1ng da th\u1eadt m\u00e0u kem \u1edf g\u00f3c t\u00fai v\u00e0 tay c\u1ea7m t\u1ea1o \u0111i\u1ec3m nh\u1ea5n tinh t\u1ebf, gi\u00fap t\u0103ng \u0111\u1ed9 b\u1ec1n v\u00e0 t\u00ednh th\u1ea9m m\u1ef9.<br \/>\n\u2022 \u0110i\u1ec3m nh\u1ea5n ch\u00ednh l\u00e0 t\u1ea5m da h\u00ecnh b\u1ea7u d\u1ee5c tr\u00ean m\u1eb7t tr\u01b0\u1edbc, trang tr\u00ed v\u1edbi chi ti\u1ebft d\u00e2y kim lo\u1ea1i m\u1ea1 v\u00e0ng v\u00e0 logo Gucci kh\u1eafc n\u1ed5i, mang \u0111\u1ebfn s\u1eafc n\u00e9t qu\u00fd ph\u00e1i v\u00e0 \u0111\u1ed9cg.<\/p>\n<p>Ti\u1ec7n \u00edch v\u00e0 ch\u1ee9c n\u0103ng:<br \/>\n\u2022 K\u00edch th\u01b0\u1edbc r\u1ed9ng r\u00e3i, ph\u00f9 h\u1ee3p \u0111\u1ec3 b\u1ea3o v\u1ec7 c\u00e1c v\u1eadt d\u1ee5ng c\u1ea7n thi\u1ebft h\u00e0ng ng\u00e0y nh\u01b0 \u0111i\u1ec7n tho\u1ea1i, v\u00ed, m\u1ef9 ph\u1ea9m v\u00e0 nhi\u1ec1u h\u01a1n th\u1ebf.<br \/>\n\u2022 Tay c\u1ea7m \u0111\u00f4i ch\u1eafc ch\u1eafn, gi\u00fap d\u1ec5 d\u00e0ng c\u1ea7m tay ho\u1eb7c \u0111eo vai, t\u1ea1o s\u1ef1 tho\u1ea3i m\u00e1i tho\u1ea3i m\u00e1i khi s\u1eed d\u1ee5ng.<br \/>\n\u2022 Kh\u00f3a k\u00e9o ch\u1eafc ch\u1eafn, b\u1ea3o v\u1ec7 an to\u00e0n cho \u0111\u1ed3 b\u00ean trong.<\/p>\n<p>C\u00e1ch v\u00e0 \u1ee9ng d\u1ee5ng:<br \/>\n\u2022 Chi\u1ebfc t\u00fai n\u00e0y ph\u00f9 h\u1ee3p v\u1edbi nhi\u1ec1u phong c\u00e1ch kh\u00e1c nhau, t\u1eeb thanh l\u1ecbch, sang tr\u1ecdng \u0111\u1ebfn h\u00e0ng ng\u00e0y b\u00ecnh th\u01b0\u1eddng.<br \/>\n\u2022 C\u00f3 th\u1ec3 k\u1ebft h\u1ee3p v\u1edbi v\u00e1y d\u1ea1 h\u1ed9i, trang ph\u1ee5c c\u00f4ng s\u1edf ho\u1eb7c trang ph\u1ee5c d\u1ea1o ph\u1ed1 \u0111\u1ec3 t\u1ea1o \u0111i\u1ec3m nh\u1ea5n \u0111\u1eb3ng c\u1ea5p.<br \/>\n\u2022 L\u00e0 h\u01b0\u01a1ng v\u1ecb ho\u00e0n h\u1ea3o cho nh\u1eefng ai y\u00eau th\u00edch th\u1eddi trang h\u00e0ng hi\u1ec7u v\u00e0 mu\u1ed1n s\u1edf h\u1eefu m\u1ed9t chi\u1ebfc t\u00fai Gucci mang gi\u00e1 tr\u1ecb v\u01b0\u1ee3t th\u1eddi gian.<\/p>\n","protected":false},"excerpt":{"rendered":"<p>Chi\u1ebfc t\u00fai Gucci Indy Top Handle Bag c\u00f3 thi\u1ebft k\u1ebf sang tr\u1ecdng v\u1edbi h\u1ecda ti\u1ebft monogram GG canvas \u0111\u1eb7c tr\u01b0ng, k\u1ebft h\u1ee3p c\u00f9ng vi\u1ec1n da m\u00e0u kem. \u0110i\u1ec3m nh\u1ea5n l\u00e0 t\u1ea5m da h\u00ecnh oval \u1edf m\u1eb7t tr\u01b0\u1edbc, trang tr\u00ed b\u1eb1ng chi ti\u1ebft kim lo\u1ea1i m\u1ea1 v\u00e0ng v\u00e0 d\u00e2y x\u00edch nh\u1ecf. Ph\u1ea7n tay c\u1ea7m ch\u1eafc ch\u1eafn, ki\u1ec3u d\u00e1ng t\u00fai r\u1ed9ng r\u00e3i, ph\u00f9 h\u1ee3p cho phong c\u00e1ch thanh l\u1ecbch v\u00e0 c\u1ed5 \u0111i\u1ec3<\/p>\n","protected":false},"featured_media":4528,"comment_status":"open","ping_status":"closed","template":"","meta":{"inline_featured_image":false},"product_brand":[],"product_cat":[36],"product_tag":[],"class_list":{"0":"post-4544","1":"product","2":"type-product","3":"status-publish","4":"has-post-thumbnail","6":"product_cat-tui-xach","8":"first","9":"instock","10":"shipping-taxable","11":"purchasable","12":"product-type-simple"},"acf":[],"_links":{"self":[{"href":"https:\/\/tynivintage.com\/vi\/wp-json\/wp\/v2\/product\/4544","targetHints":{"allow":["GET"]}}],"collection":[{"href":"https:\/\/tynivintage.com\/vi\/wp-json\/wp\/v2\/product"}],"about":[{"href":"https:\/\/tynivintage.com\/vi\/wp-json\/wp\/v2\/types\/product"}],"replies":[{"embeddable":true,"href":"https:\/\/tynivintage.com\/vi\/wp-json\/wp\/v2\/comments?post=4544"}],"wp:featuredmedia":[{"embeddable":true,"href":"https:\/\/tynivintage.com\/vi\/wp-json\/wp\/v2\/media\/4528"}],"wp:attachment":[{"href":"https:\/\/tynivintage.com\/vi\/wp-json\/wp\/v2\/media?parent=4544"}],"wp:term":[{"taxonomy":"product_brand","embeddable":true,"href":"https:\/\/tynivintage.com\/vi\/wp-json\/wp\/v2\/product_brand?post=4544"},{"taxonomy":"product_cat","embeddable":true,"href":"https:\/\/tynivintage.com\/vi\/wp-json\/wp\/v2\/product_cat?post=4544"},{"taxonomy":"product_tag","embeddable":true,"href":"https:\/\/tynivintage.com\/vi\/wp-json\/wp\/v2\/product_tag?post=4544"}],"curies":[{"name":"wp","href":"https:\/\/api.w.org\/{rel}","templated":true}]}}