{"id":4517,"date":"2025-01-16T22:24:37","date_gmt":"2025-03-15T15:54:41","guid":{"rendered":"https:\/\/tynivintage.com\/?post_type=product&#038;p=4517"},"modified":"2025-03-15T22:54:41","modified_gmt":"2025-03-15T15:54:41","slug":"giay-cao-den-dau-goi-bang-da-mau-do-co-dien","status":"publish","type":"product","link":"https:\/\/tynivintage.com\/vi\/san-pham\/giay-cao-den-dau-goi-bang-da-mau-do-co-dien\/","title":{"rendered":"Gi\u00e0y cao \u0111\u1ebfn \u0111\u1ea7u g\u1ed1i b\u1eb1ng da m\u00e0u \u0111\u1ecf c\u1ed5 \u0111i\u1ec3n"},"content":{"rendered":"<p>Gi\u00e0y cao \u0111\u1ebfn \u0111\u1ea7u g\u1ed1i b\u1eb1ng da m\u00e0u \u0111\u1ecf c\u1ed5 \u0111i\u1ec3n &#8211; T\u00e1o b\u1ea1o v\u00e0 v\u01b0\u1ee3t th\u1eddi gian \u0110\u01b0\u1ee3c l\u00e0m t\u1eeb da \u0111\u1ecf cao c\u1ea5p, nh\u1eefng \u0111\u00f4i b\u1ed1t c\u1ed5 \u0111i\u1ec3n cao \u0111\u1ebfn \u0111\u1ea7u g\u1ed1i n\u00e0y to\u00e1t l\u00ean v\u1ebb quy\u1ebfn r\u0169 c\u1ed5 \u0111i\u1ec3n v\u1edbi m\u00e0u s\u1eafc t\u00e1o b\u1ea1o, n\u1ed5i b\u1eadt. Tr\u1ee5c cao c\u00f3 k\u00edch th\u01b0\u1edbc 40cm, mang l\u1ea1i h\u00ecnh d\u00e1ng thanh l\u1ecbch v\u00e0 thon d\u00e0i, trong khi g\u00f3t x\u1ebfp ch\u1ed3ng l\u00ean nhau 7cm ch\u1eafc ch\u1eafn t\u1ea1o th\u00eam n\u00e9t tinh t\u1ebf. \u0110\u01b0\u1ee3c thi\u1ebft k\u1ebf cho c\u1ea3 phong c\u00e1ch v\u00e0 s\u1ef1 tho\u1ea3i m\u00e1i, nh\u1eefng \u0111\u00f4i b\u1ed1t n\u00e0y c\u00f3 \u0111\u1ebf da b\u1ec1n v\u00e0 \u0111\u01b0\u1eddng kh\u00e2u t\u01b0\u01a1ng ph\u1ea3n gi\u00fap n\u00e2ng cao t\u00ednh th\u1ea9m m\u1ef9 l\u1ea5y c\u1ea3m h\u1ee9ng t\u1eeb ph\u01b0\u01a1ng T\u00e2y. Ho\u00e0n h\u1ea3o cho c\u00e1c k\u00edch c\u1ee1 37-38, ch\u00fang d\u1ec5 d\u00e0ng k\u1ebft h\u1ee3p v\u1edbi v\u00e1y, v\u00e1y ho\u1eb7c denim, khi\u1ebfn ch\u00fang tr\u1edf th\u00e0nh m\u1ed9t s\u1ef1 b\u1ed5 sung n\u1ed5i b\u1eadt cho b\u1ea5t k\u1ef3 t\u1ee7 qu\u1ea7n \u00e1o n\u00e0o.<\/p>\n","protected":false},"excerpt":{"rendered":"<p>Gi\u00e0y cao \u0111\u1ebfn \u0111\u1ea7u g\u1ed1i b\u1eb1ng da m\u00e0u \u0111\u1ecf c\u1ed5 \u0111i\u1ec3n Nh\u1eefng \u0111\u00f4i b\u1ed1t cao \u0111\u1ebfn \u0111\u1ea7u g\u1ed1i thanh l\u1ecbch \u0111\u01b0\u1ee3c ch\u1ebf t\u00e1c t\u1eeb da \u0111\u1ecf cao c\u1ea5p. V\u1edbi tr\u1ee5c 40cm, g\u00f3t ch\u00e2n ch\u1eafc ch\u1eafn 7cm v\u00e0 \u0111\u01b0\u1eddng kh\u00e2u t\u01b0\u01a1ng ph\u1ea3n cho v\u1ebb ngo\u00e0i c\u1ed5 \u0111i\u1ec3n. Ho\u00e0n h\u1ea3o cho k\u00edch th\u01b0\u1edbc 37-38, l\u00fd t\u01b0\u1edfng \u0111\u1ec3 th\u00eam n\u00e9t t\u00e1o b\u1ea1o cho b\u1ea5t k\u1ef3 trang ph\u1ee5c n\u00e0o.<\/p>\n","protected":false},"featured_media":1864,"comment_status":"open","ping_status":"closed","template":"","meta":{"inline_featured_image":false},"product_brand":[],"product_cat":[37],"product_tag":[],"class_list":{"0":"post-4517","1":"product","2":"type-product","3":"status-publish","4":"has-post-thumbnail","6":"product_cat-thoi-trang","8":"first","9":"instock","10":"shipping-taxable","11":"purchasable","12":"product-type-simple"},"acf":[],"_links":{"self":[{"href":"https:\/\/tynivintage.com\/vi\/wp-json\/wp\/v2\/product\/4517","targetHints":{"allow":["GET"]}}],"collection":[{"href":"https:\/\/tynivintage.com\/vi\/wp-json\/wp\/v2\/product"}],"about":[{"href":"https:\/\/tynivintage.com\/vi\/wp-json\/wp\/v2\/types\/product"}],"replies":[{"embeddable":true,"href":"https:\/\/tynivintage.com\/vi\/wp-json\/wp\/v2\/comments?post=4517"}],"wp:featuredmedia":[{"embeddable":true,"href":"https:\/\/tynivintage.com\/vi\/wp-json\/wp\/v2\/media\/1864"}],"wp:attachment":[{"href":"https:\/\/tynivintage.com\/vi\/wp-json\/wp\/v2\/media?parent=4517"}],"wp:term":[{"taxonomy":"product_brand","embeddable":true,"href":"https:\/\/tynivintage.com\/vi\/wp-json\/wp\/v2\/product_brand?post=4517"},{"taxonomy":"product_cat","embeddable":true,"href":"https:\/\/tynivintage.com\/vi\/wp-json\/wp\/v2\/product_cat?post=4517"},{"taxonomy":"product_tag","embeddable":true,"href":"https:\/\/tynivintage.com\/vi\/wp-json\/wp\/v2\/product_tag?post=4517"}],"curies":[{"name":"wp","href":"https:\/\/api.w.org\/{rel}","templated":true}]}}