{"id":4514,"date":"2025-03-15T22:36:59","date_gmt":"2025-03-15T15:49:30","guid":{"rendered":"https:\/\/tynivintage.com\/?post_type=product&#038;p=4514"},"modified":"2025-03-15T22:49:30","modified_gmt":"2025-03-15T15:49:30","slug":"nhan-huyet-ngoc-hoang-gia","status":"publish","type":"product","link":"https:\/\/tynivintage.com\/vi\/san-pham\/nhan-huyet-ngoc-hoang-gia\/","title":{"rendered":"Nh\u1eabn Huy\u1ebft Ng\u1ecdc Ho\u00e0ng Gia"},"content":{"rendered":"<p>Chi\u1ebfc nh\u1eabn b\u1ea1c tinh x\u1ea3o n\u00e0y c\u00f3 vi\u00ean \u0111\u00e1 qu\u00fd h\u00ecnh vu\u00f4ng m\u00e0u \u0111\u1ecf th\u1eabm n\u1ed5i b\u1eadt l\u00e0m \u0111i\u1ec3m nh\u1ea5n, to\u00e1t l\u00ean v\u1ebb quy\u1ebfn r\u0169 v\u01b0\u1ee3t th\u1eddi gian v\u00e0 v\u01b0\u01a1ng gi\u1ea3. Chi\u1ebfc nh\u1eabn b\u1ea1c ch\u1ea5t l\u01b0\u1ee3ng cao \u0111\u01b0\u1ee3c ch\u1ea1m kh\u1eafc tinh x\u1ea3o v\u1edbi c\u00e1c h\u1ecda ti\u1ebft tinh t\u1ebf, mang \u0111\u1ebfn n\u00e9t tinh t\u1ebf v\u00e0 s\u1ee9c h\u1ea5p d\u1eabn c\u1ed5 \u0111i\u1ec3n. Thi\u1ebft k\u1ebf h\u00ecnh h\u1ecdc t\u00e1o b\u1ea1o l\u00e0m t\u0103ng th\u00eam t\u00ednh th\u1ea9m m\u1ef9 m\u1ea1nh m\u1ebd v\u00e0 thanh l\u1ecbch, khi\u1ebfn n\u00f3 tr\u1edf th\u00e0nh l\u1ef1a ch\u1ecdn ho\u00e0n h\u1ea3o cho nh\u1eefng ai y\u00eau th\u00edch \u0111\u1ed3 trang s\u1ee9c c\u1ed5 \u0111i\u1ec3n nh\u01b0ng m\u1ea1nh m\u1ebd.<\/p>\n<p>\u0110\u01b0\u1ee3c ch\u1ebf t\u00e1c v\u1edbi \u0111\u1ed9 ch\u00ednh x\u00e1c v\u00e0 ch\u00fa \u00fd \u0111\u1ebfn t\u1eebng chi ti\u1ebft, chi\u1ebfc nh\u1eabn n\u00e0y l\u00fd t\u01b0\u1edfng cho c\u1ea3 nh\u1eefng d\u1ecbp \u0111\u1eb7c bi\u1ec7t v\u00e0 trang ph\u1ee5c h\u00e0ng ng\u00e0y. Cho d\u00f9 \u0111\u01b0\u1ee3c \u0111eo nh\u01b0 m\u1ed9t m\u00f3n \u0111\u1ed3 trang s\u1ee9c n\u1ed5i b\u1eadt hay k\u1ebft h\u1ee3p v\u1edbi c\u00e1c ph\u1ee5 ki\u1ec7n kh\u00e1c, n\u00f3 d\u1ec5 d\u00e0ng mang \u0111\u1ebfn c\u1ea3m gi\u00e1c tinh t\u1ebf v\u00e0 t\u1ef1 tin cho phong c\u00e1ch c\u1ee7a b\u1ea1n.<br \/>\n\u2022 Ch\u1ea5t li\u1ec7u: B\u1ea1c ch\u1ea5t l\u01b0\u1ee3ng cao<br \/>\n\u2022 \u0110\u00e1 qu\u00fd: \u0110\u00e1 c\u1eaft vu\u00f4ng m\u00e0u \u0111\u1ecf th\u1eabm<br \/>\n\u2022 Thi\u1ebft k\u1ebf: C\u00e1c h\u1ecda ti\u1ebft ch\u1ea1m kh\u1eafc ph\u1ee9c t\u1ea1p v\u1edbi v\u1ebb \u0111\u1eb9p c\u1ed5 \u0111i\u1ec3n, t\u00e1o b\u1ea1o<br \/>\n\u2022 L\u00fd t\u01b0\u1edfng cho: S\u1ef1 ki\u1ec7n trang tr\u1ecdng, s\u1ef1 thanh l\u1ecbch h\u00e0ng ng\u00e0y ho\u1eb7c m\u1ed9t m\u00f3n qu\u00e0 \u00fd ngh\u0129a<\/p>\n","protected":false},"excerpt":{"rendered":"<p>Chi\u1ebfc nh\u1eabn b\u1ea1c sang tr\u1ecdng v\u1edbi m\u1eb7t \u0111\u00e1 vu\u00f4ng m\u00e0u \u0111\u1ecf \u0111\u1eadm, \u0111\u01b0\u1ee3c ch\u1ea1m kh\u1eafc hoa v\u0103n tinh x\u1ea3o tr\u00ean th\u00e2n nh\u1eabn, mang phong c\u00e1ch c\u1ed5 \u0111i\u1ec3n v\u00e0 \u0111\u1ea7y quy\u1ec1n l\u1ef1c.<\/p>\n","protected":false},"featured_media":4495,"comment_status":"open","ping_status":"closed","template":"","meta":{"inline_featured_image":false},"product_brand":[],"product_cat":[39],"product_tag":[],"class_list":{"0":"post-4514","1":"product","2":"type-product","3":"status-publish","4":"has-post-thumbnail","6":"product_cat-phu-kien-thoi-trang-khac","8":"first","9":"instock","10":"shipping-taxable","11":"purchasable","12":"product-type-simple"},"acf":[],"_links":{"self":[{"href":"https:\/\/tynivintage.com\/vi\/wp-json\/wp\/v2\/product\/4514","targetHints":{"allow":["GET"]}}],"collection":[{"href":"https:\/\/tynivintage.com\/vi\/wp-json\/wp\/v2\/product"}],"about":[{"href":"https:\/\/tynivintage.com\/vi\/wp-json\/wp\/v2\/types\/product"}],"replies":[{"embeddable":true,"href":"https:\/\/tynivintage.com\/vi\/wp-json\/wp\/v2\/comments?post=4514"}],"wp:featuredmedia":[{"embeddable":true,"href":"https:\/\/tynivintage.com\/vi\/wp-json\/wp\/v2\/media\/4495"}],"wp:attachment":[{"href":"https:\/\/tynivintage.com\/vi\/wp-json\/wp\/v2\/media?parent=4514"}],"wp:term":[{"taxonomy":"product_brand","embeddable":true,"href":"https:\/\/tynivintage.com\/vi\/wp-json\/wp\/v2\/product_brand?post=4514"},{"taxonomy":"product_cat","embeddable":true,"href":"https:\/\/tynivintage.com\/vi\/wp-json\/wp\/v2\/product_cat?post=4514"},{"taxonomy":"product_tag","embeddable":true,"href":"https:\/\/tynivintage.com\/vi\/wp-json\/wp\/v2\/product_tag?post=4514"}],"curies":[{"name":"wp","href":"https:\/\/api.w.org\/{rel}","templated":true}]}}