{"id":4513,"date":"2025-03-15T22:38:55","date_gmt":"2025-03-15T15:48:20","guid":{"rendered":"https:\/\/tynivintage.com\/?post_type=product&#038;p=4513"},"modified":"2025-03-15T22:48:20","modified_gmt":"2025-03-15T15:48:20","slug":"nhan-vuong-mien-hoang-gia","status":"publish","type":"product","link":"https:\/\/tynivintage.com\/vi\/san-pham\/nhan-vuong-mien-hoang-gia\/","title":{"rendered":"Nh\u1eabn V\u01b0\u01a1ng Mi\u1ec7n Ho\u00e0ng Gia"},"content":{"rendered":"<p>Nh\u1eabn V\u01b0\u01a1ng Mi\u1ec7n V\u00e0ng \u2013 Bi\u1ec3u T\u01b0\u1ee3ng C\u1ee7a S\u1ef1 Thanh L\u1ecbch V\u00e0 Qu\u00fd Ph\u00e1i<\/p>\n<p>T\u00f4n l\u00ean phong c\u00e1ch c\u1ee7a b\u1ea1n v\u1edbi Nh\u1eabn V\u01b0\u01a1ng Mi\u1ec7n V\u00e0ng, s\u1ef1 k\u1ebft h\u1ee3p ho\u00e0n h\u1ea3o gi\u1eefa v\u1ebb \u0111\u1eb9p thanh l\u1ecbch v\u00e0 sang tr\u1ecdng. \u0110\u01b0\u1ee3c ch\u1ebf t\u00e1c t\u1eeb v\u00e0ng cao c\u1ea5p, chi\u1ebfc nh\u1eabn tinh x\u1ea3o n\u00e0y c\u00f3 thi\u1ebft k\u1ebf l\u1ea5y c\u1ea3m h\u1ee9ng t\u1eeb v\u01b0\u01a1ng mi\u1ec7n, t\u01b0\u1ee3ng tr\u01b0ng cho s\u1ef1 duy\u00ean d\u00e1ng v\u00e0 quy\u1ec1n qu\u00fd.<\/p>\n<p>Nh\u1eabn \u0111\u01b0\u1ee3c \u0111\u00ednh nh\u1eefng vi\u00ean \u0111\u00e1 l\u1ea5p l\u00e1nh, \u0111\u01b0\u1ee3c s\u1eafp x\u1ebfp t\u1ec9 m\u1ec9 d\u1ecdc theo c\u00e1c chi ti\u1ebft tinh t\u1ebf c\u1ee7a v\u01b0\u01a1ng mi\u1ec7n, t\u1ea1o hi\u1ec7u \u1ee9ng b\u1eaft s\u00e1ng r\u1ef1c r\u1ee1. Ph\u1ea7n th\u00e2n nh\u1eabn m\u1ea3nh mai nh\u01b0ng ch\u1eafc ch\u1eafn, mang l\u1ea1i c\u1ea3m gi\u00e1c tho\u1ea3i m\u00e1i khi \u0111eo, ph\u00f9 h\u1ee3p cho c\u1ea3 s\u1eed d\u1ee5ng h\u00e0ng ng\u00e0y l\u1eabn nh\u1eefng d\u1ecbp \u0111\u1eb7c bi\u1ec7t.<\/p>\n<p>D\u00f9 b\u1ea1n \u0111ang t\u00ecm ki\u1ebfm m\u1ed9t m\u00f3n trang s\u1ee9c \u0111\u1ed9c \u0111\u00e1o \u0111\u1ec3 b\u1ed5 sung v\u00e0o b\u1ed9 s\u01b0u t\u1eadp c\u1ee7a m\u00ecnh hay m\u1ed9t m\u00f3n qu\u00e0 \u00fd ngh\u0129a d\u00e0nh t\u1eb7ng ng\u01b0\u1eddi th\u00e2n y\u00eau, Nh\u1eabn V\u01b0\u01a1ng Mi\u1ec7n V\u00e0ng ch\u00ednh l\u00e0 bi\u1ec3u t\u01b0\u1ee3ng c\u1ee7a v\u1ebb \u0111\u1eb9p v\u00e0 s\u1ef1 quy\u1ebfn r\u0169 v\u01b0\u1ee3t th\u1eddi gian.<\/p>\n","protected":false},"excerpt":{"rendered":"<p>Chi\u1ebfc nh\u1eabn v\u00e0ng thanh l\u1ecbch v\u1edbi thi\u1ebft k\u1ebf v\u01b0\u01a1ng mi\u1ec7n tinh x\u1ea3o, \u0111\u01b0\u1ee3c \u0111\u00ednh nh\u1eefng vi\u00ean \u0111\u00e1 l\u1ea5p l\u00e1nh, t\u1ea1o n\u00ean v\u1ebb \u0111\u1eb9p sang tr\u1ecdng v\u00e0 qu\u00fd ph\u00e1i.<\/p>\n","protected":false},"featured_media":4500,"comment_status":"open","ping_status":"closed","template":"","meta":{"inline_featured_image":false},"product_brand":[],"product_cat":[39],"product_tag":[],"class_list":{"0":"post-4513","1":"product","2":"type-product","3":"status-publish","4":"has-post-thumbnail","6":"product_cat-phu-kien-thoi-trang-khac","8":"first","9":"instock","10":"shipping-taxable","11":"purchasable","12":"product-type-simple"},"acf":[],"_links":{"self":[{"href":"https:\/\/tynivintage.com\/vi\/wp-json\/wp\/v2\/product\/4513","targetHints":{"allow":["GET"]}}],"collection":[{"href":"https:\/\/tynivintage.com\/vi\/wp-json\/wp\/v2\/product"}],"about":[{"href":"https:\/\/tynivintage.com\/vi\/wp-json\/wp\/v2\/types\/product"}],"replies":[{"embeddable":true,"href":"https:\/\/tynivintage.com\/vi\/wp-json\/wp\/v2\/comments?post=4513"}],"wp:featuredmedia":[{"embeddable":true,"href":"https:\/\/tynivintage.com\/vi\/wp-json\/wp\/v2\/media\/4500"}],"wp:attachment":[{"href":"https:\/\/tynivintage.com\/vi\/wp-json\/wp\/v2\/media?parent=4513"}],"wp:term":[{"taxonomy":"product_brand","embeddable":true,"href":"https:\/\/tynivintage.com\/vi\/wp-json\/wp\/v2\/product_brand?post=4513"},{"taxonomy":"product_cat","embeddable":true,"href":"https:\/\/tynivintage.com\/vi\/wp-json\/wp\/v2\/product_cat?post=4513"},{"taxonomy":"product_tag","embeddable":true,"href":"https:\/\/tynivintage.com\/vi\/wp-json\/wp\/v2\/product_tag?post=4513"}],"curies":[{"name":"wp","href":"https:\/\/api.w.org\/{rel}","templated":true}]}}