{"id":4512,"date":"2025-03-15T22:40:43","date_gmt":"2025-03-15T15:46:58","guid":{"rendered":"https:\/\/tynivintage.com\/?post_type=product&#038;p=4512"},"modified":"2025-03-15T22:46:58","modified_gmt":"2025-03-15T15:46:58","slug":"nhan-golden-maaesty","status":"publish","type":"product","link":"https:\/\/tynivintage.com\/vi\/san-pham\/nhan-golden-maaesty\/","title":{"rendered":"Nh\u1eabn Golden Ma\u1ea1esty"},"content":{"rendered":"<p>Chi\u1ebfc nh\u1eabn tinh x\u1ea3o n\u00e0y to\u00e1t l\u00ean v\u1ebb v\u01b0\u01a1ng gi\u1ea3 v\u00e0 sang tr\u1ecdng v\u01b0\u1ee3t th\u1eddi gian. \u0110\u01b0\u1ee3c ch\u1ebf t\u00e1c t\u1eeb kim lo\u1ea1i m\u1ea1 v\u00e0ng cao c\u1ea5p, nh\u1eabn c\u00f3 thi\u1ebft k\u1ebf c\u1ed5 \u0111i\u1ec3n \u0111\u1ea7y tinh t\u1ebf. T\u1ea1i trung t\u00e2m l\u00e0 vi\u00ean \u0111\u00e1 qu\u00fd \u0111\u1ecf \u0111\u1eadm, t\u01b0\u1ee3ng tr\u01b0ng cho \u0111am m\u00ea v\u00e0 quy\u1ec1n l\u1ef1c. Bao quanh vi\u00ean \u0111\u00e1 l\u00e0 nh\u1eefng vi\u00ean \u0111\u00e1 l\u1ea5p l\u00e1nh \u0111\u01b0\u1ee3c s\u1eafp x\u1ebfp t\u1ec9 m\u1ec9, l\u00e0m t\u0103ng th\u00eam v\u1ebb \u0111\u1eb9p xa hoa. Nh\u1eefng hoa v\u0103n ch\u1ea1m kh\u1eafc tinh x\u1ea3o d\u1ecdc theo th\u00e2n nh\u1eabn t\u1ea1o \u0111i\u1ec3m nh\u1ea5n thanh l\u1ecbch, khi\u1ebfn n\u00f3 tr\u1edf th\u00e0nh m\u1ed9t m\u00f3n trang s\u1ee9c \u0111\u1ea7y \u1ea5n t\u01b0\u1ee3ng. Ho\u00e0n h\u1ea3o cho nh\u1eefng ai y\u00eau th\u00edch v\u1ebb \u0111\u1eb9p c\u1ed5 \u0111i\u1ec3n v\u00e0 \u0111\u1eb3ng c\u1ea5p ho\u00e0ng gia, chi\u1ebfc nh\u1eabn n\u00e0y l\u00fd t\u01b0\u1edfng cho c\u00e1c d\u1ecbp \u0111\u1eb7c bi\u1ec7t ho\u1eb7c l\u00e0m v\u1eadt ph\u1ea9m s\u01b0u t\u1ea7m \u0111\u1ed9c \u0111\u00e1o.<\/p>\n","protected":false},"excerpt":{"rendered":"<p>Chi\u1ebfc nh\u1eabn mang phong c\u00e1ch ho\u00e0ng gia v\u1edbi ch\u1ea5t li\u1ec7u v\u00e0ng sang tr\u1ecdng, \u0111i\u1ec3m nh\u1ea5n l\u00e0 vi\u00ean \u0111\u00e1 \u0111\u1ecf r\u1ef1c r\u1ee1 \u1edf trung t\u00e2m, k\u1ebft h\u1ee3p c\u00f9ng nh\u1eefng vi\u00ean \u0111\u00e1 nh\u1ecf l\u1ea5p l\u00e1nh xung quanh, t\u1ea1o n\u00ean v\u1ebb \u0111\u1eb9p quy\u1ec1n l\u1ef1c v\u00e0 \u0111\u1eb3ng c\u1ea5p.<\/p>\n","protected":false},"featured_media":4507,"comment_status":"open","ping_status":"closed","template":"","meta":{"inline_featured_image":false},"product_brand":[],"product_cat":[39],"product_tag":[],"class_list":{"0":"post-4512","1":"product","2":"type-product","3":"status-publish","4":"has-post-thumbnail","6":"product_cat-phu-kien-thoi-trang-khac","8":"first","9":"instock","10":"shipping-taxable","11":"purchasable","12":"product-type-simple"},"acf":[],"_links":{"self":[{"href":"https:\/\/tynivintage.com\/vi\/wp-json\/wp\/v2\/product\/4512","targetHints":{"allow":["GET"]}}],"collection":[{"href":"https:\/\/tynivintage.com\/vi\/wp-json\/wp\/v2\/product"}],"about":[{"href":"https:\/\/tynivintage.com\/vi\/wp-json\/wp\/v2\/types\/product"}],"replies":[{"embeddable":true,"href":"https:\/\/tynivintage.com\/vi\/wp-json\/wp\/v2\/comments?post=4512"}],"wp:featuredmedia":[{"embeddable":true,"href":"https:\/\/tynivintage.com\/vi\/wp-json\/wp\/v2\/media\/4507"}],"wp:attachment":[{"href":"https:\/\/tynivintage.com\/vi\/wp-json\/wp\/v2\/media?parent=4512"}],"wp:term":[{"taxonomy":"product_brand","embeddable":true,"href":"https:\/\/tynivintage.com\/vi\/wp-json\/wp\/v2\/product_brand?post=4512"},{"taxonomy":"product_cat","embeddable":true,"href":"https:\/\/tynivintage.com\/vi\/wp-json\/wp\/v2\/product_cat?post=4512"},{"taxonomy":"product_tag","embeddable":true,"href":"https:\/\/tynivintage.com\/vi\/wp-json\/wp\/v2\/product_tag?post=4512"}],"curies":[{"name":"wp","href":"https:\/\/api.w.org\/{rel}","templated":true}]}}